{"id":130,"date":"2022-05-23T09:01:08","date_gmt":"2022-05-23T06:01:08","guid":{"rendered":"https:\/\/studyatsau.sakarya.edu.tr\/?page_id=130"},"modified":"2022-05-23T09:32:21","modified_gmt":"2022-05-23T06:32:21","slug":"tanitim-brosurlerimiz","status":"publish","type":"page","link":"https:\/\/studyatsau.sakarya.edu.tr\/?page_id=130","title":{"rendered":"Tan\u0131t\u0131m Bro\u015f\u00fcrlerimiz"},"content":{"rendered":"\t\t<div data-elementor-type=\"wp-page\" data-elementor-id=\"130\" class=\"elementor elementor-130\">\n\t\t\t\t\t\t\t\t\t<section class=\"elementor-section elementor-top-section elementor-element elementor-element-09bc84d elementor-section-boxed elementor-section-height-default elementor-section-height-default\" data-id=\"09bc84d\" data-element_type=\"section\" data-settings=\"{&quot;background_background&quot;:&quot;classic&quot;}\">\n\t\t\t\t\t\t<div class=\"elementor-container elementor-column-gap-default\">\n\t\t\t\t\t<div class=\"elementor-column elementor-col-100 elementor-top-column elementor-element elementor-element-9fb7997\" data-id=\"9fb7997\" data-element_type=\"column\">\n\t\t\t<div class=\"elementor-widget-wrap elementor-element-populated\">\n\t\t\t\t\t\t\t\t<div class=\"elementor-element elementor-element-87d41ba elementor-widget elementor-widget-heading\" data-id=\"87d41ba\" data-element_type=\"widget\" data-widget_type=\"heading.default\">\n\t\t\t\t<div class=\"elementor-widget-container\">\n\t\t\t<style>\/*! elementor - v3.6.5 - 27-04-2022 *\/\n.elementor-heading-title{padding:0;margin:0;line-height:1}.elementor-widget-heading .elementor-heading-title[class*=elementor-size-]>a{color:inherit;font-size:inherit;line-height:inherit}.elementor-widget-heading .elementor-heading-title.elementor-size-small{font-size:15px}.elementor-widget-heading .elementor-heading-title.elementor-size-medium{font-size:19px}.elementor-widget-heading .elementor-heading-title.elementor-size-large{font-size:29px}.elementor-widget-heading .elementor-heading-title.elementor-size-xl{font-size:39px}.elementor-widget-heading .elementor-heading-title.elementor-size-xxl{font-size:59px}<\/style><h2 class=\"elementor-heading-title elementor-size-default\">Tan\u0131t\u0131m Bro\u015f\u00fcrlerimiz<\/h2>\t\t<\/div>\n\t\t\t\t<\/div>\n\t\t\t\t<section class=\"elementor-section elementor-inner-section elementor-element elementor-element-b425ec4 elementor-section-boxed elementor-section-height-default elementor-section-height-default\" data-id=\"b425ec4\" data-element_type=\"section\">\n\t\t\t\t\t\t<div class=\"elementor-container elementor-column-gap-default\">\n\t\t\t\t\t<div class=\"elementor-column elementor-col-50 elementor-inner-column elementor-element elementor-element-90eb217\" data-id=\"90eb217\" data-element_type=\"column\">\n\t\t\t<div class=\"elementor-widget-wrap elementor-element-populated\">\n\t\t\t\t\t\t\t\t<div class=\"elementor-element elementor-element-c2d7dd8 elementor-widget elementor-widget-text-editor\" data-id=\"c2d7dd8\" data-element_type=\"widget\" data-widget_type=\"text-editor.default\">\n\t\t\t\t<div class=\"elementor-widget-container\">\n\t\t\t<style>\/*! elementor - v3.6.5 - 27-04-2022 *\/\n.elementor-widget-text-editor.elementor-drop-cap-view-stacked .elementor-drop-cap{background-color:#818a91;color:#fff}.elementor-widget-text-editor.elementor-drop-cap-view-framed .elementor-drop-cap{color:#818a91;border:3px solid;background-color:transparent}.elementor-widget-text-editor:not(.elementor-drop-cap-view-default) .elementor-drop-cap{margin-top:8px}.elementor-widget-text-editor:not(.elementor-drop-cap-view-default) .elementor-drop-cap-letter{width:1em;height:1em}.elementor-widget-text-editor .elementor-drop-cap{float:left;text-align:center;line-height:1;font-size:50px}.elementor-widget-text-editor .elementor-drop-cap-letter{display:inline-block}<\/style>\t\t\t\t<ul>\n<li><a href=\"https:\/\/studyatsau.sakarya.edu.tr\/wp-content\/uploads\/2022\/05\/1kampusteyasam.pdf\" target=\"_blank\" rel=\"noopener\">Kamp\u00fcste Ya\u015fam<\/a><\/li>\n<li><a href=\"https:\/\/studyatsau.sakarya.edu.tr\/wp-content\/uploads\/2022\/05\/2nedensau.pdf\" target=\"_blank\" rel=\"noopener\">Neden SA\u00dc?<\/a><\/li>\n<li><a href=\"https:\/\/studyatsau.sakarya.edu.tr\/wp-content\/uploads\/2022\/05\/3lisans.pdf\" target=\"_blank\" rel=\"noopener\">Lisans ve \u00d6nlisans Programlar\u0131<\/a><\/li>\n<li><a href=\"https:\/\/studyatsau.sakarya.edu.tr\/wp-content\/uploads\/2022\/05\/4lisansustu.pdf\" target=\"_blank\" rel=\"noopener\">Lisans\u00fcst\u00fc Programlar\u0131<\/a><\/li>\n<li><a href=\"https:\/\/studyatsau.sakarya.edu.tr\/wp-content\/uploads\/2022\/05\/5sakarya.pdf\" target=\"_blank\" rel=\"noopener\">Sakarya<\/a><\/li>\n<li><a href=\"https:\/\/studyatsau.sakarya.edu.tr\/wp-content\/uploads\/2022\/05\/6turkiye_burslari.pdf\" target=\"_blank\" rel=\"noopener\">T\u00fcrkiye Burslar\u0131<\/a><\/li>\n<li><a href=\"https:\/\/studyatsau.sakarya.edu.tr\/wp-content\/uploads\/2022\/05\/2nedensauen.pdf\" target=\"_blank\" rel=\"noopener\">Why SAU? (Eng)<\/a><\/li>\n<li><a href=\"https:\/\/studyatsau.sakarya.edu.tr\/wp-content\/uploads\/2022\/05\/2nedensaufr.pdf\" target=\"_blank\" rel=\"noopener\">Pourquoi L\u2019universit\u00e9 de Sakarya? (Fr)<\/a><\/li>\n<\/ul>\t\t\t\t\t\t<\/div>\n\t\t\t\t<\/div>\n\t\t\t\t\t<\/div>\n\t\t<\/div>\n\t\t\t\t<div class=\"elementor-column elementor-col-50 elementor-inner-column elementor-element elementor-element-05b25c4\" data-id=\"05b25c4\" data-element_type=\"column\">\n\t\t\t<div class=\"elementor-widget-wrap elementor-element-populated\">\n\t\t\t\t\t\t\t\t<div class=\"elementor-element elementor-element-520d638 elementor-widget elementor-widget-image\" data-id=\"520d638\" data-element_type=\"widget\" data-widget_type=\"image.default\">\n\t\t\t\t<div class=\"elementor-widget-container\">\n\t\t\t<style>\/*! elementor - v3.6.5 - 27-04-2022 *\/\n.elementor-widget-image{text-align:center}.elementor-widget-image a{display:inline-block}.elementor-widget-image a img[src$=\".svg\"]{width:48px}.elementor-widget-image img{vertical-align:middle;display:inline-block}<\/style>\t\t\t\t\t\t\t\t\t\t\t\t<img width=\"1024\" height=\"576\" src=\"https:\/\/studyatsau.sakarya.edu.tr\/wp-content\/uploads\/2022\/05\/kahve-keyfi2-1024x576.jpg\" class=\"attachment-large size-large\" alt=\"\" loading=\"lazy\" srcset=\"https:\/\/studyatsau.sakarya.edu.tr\/wp-content\/uploads\/2022\/05\/kahve-keyfi2-1024x576.jpg 1024w, https:\/\/studyatsau.sakarya.edu.tr\/wp-content\/uploads\/2022\/05\/kahve-keyfi2-300x169.jpg 300w, https:\/\/studyatsau.sakarya.edu.tr\/wp-content\/uploads\/2022\/05\/kahve-keyfi2-768x432.jpg 768w, https:\/\/studyatsau.sakarya.edu.tr\/wp-content\/uploads\/2022\/05\/kahve-keyfi2-1536x864.jpg 1536w, https:\/\/studyatsau.sakarya.edu.tr\/wp-content\/uploads\/2022\/05\/kahve-keyfi2-2048x1152.jpg 2048w\" sizes=\"(max-width: 1024px) 100vw, 1024px\" \/>\t\t\t\t\t\t\t\t\t\t\t\t\t\t\t<\/div>\n\t\t\t\t<\/div>\n\t\t\t\t\t<\/div>\n\t\t<\/div>\n\t\t\t\t\t\t\t<\/div>\n\t\t<\/section>\n\t\t\t\t\t<\/div>\n\t\t<\/div>\n\t\t\t\t\t\t\t<\/div>\n\t\t<\/section>\n\t\t\t\t\t\t\t<\/div>\n\t\t","protected":false},"excerpt":{"rendered":"<p>Tan\u0131t\u0131m Bro\u015f\u00fcrlerimiz Kamp\u00fcste Ya\u015fam Neden SA\u00dc? Lisans ve \u00d6nlisans Programlar\u0131 Lisans\u00fcst\u00fc Programlar\u0131 Sakarya T\u00fcrkiye Burslar\u0131 Why SAU? (Eng) Pourquoi L\u2019universit\u00e9 de Sakarya? (Fr)<\/p>\n","protected":false},"author":1,"featured_media":0,"parent":0,"menu_order":0,"comment_status":"closed","ping_status":"closed","template":"elementor_header_footer","meta":{"neve_meta_sidebar":"","neve_meta_container":"","neve_meta_enable_content_width":"","neve_meta_content_width":0,"neve_meta_title_alignment":"","neve_meta_author_avatar":"","neve_post_elements_order":"","neve_meta_disable_header":"","neve_meta_disable_footer":"","neve_meta_disable_title":""},"_links":{"self":[{"href":"https:\/\/studyatsau.sakarya.edu.tr\/index.php?rest_route=\/wp\/v2\/pages\/130"}],"collection":[{"href":"https:\/\/studyatsau.sakarya.edu.tr\/index.php?rest_route=\/wp\/v2\/pages"}],"about":[{"href":"https:\/\/studyatsau.sakarya.edu.tr\/index.php?rest_route=\/wp\/v2\/types\/page"}],"author":[{"embeddable":true,"href":"https:\/\/studyatsau.sakarya.edu.tr\/index.php?rest_route=\/wp\/v2\/users\/1"}],"replies":[{"embeddable":true,"href":"https:\/\/studyatsau.sakarya.edu.tr\/index.php?rest_route=%2Fwp%2Fv2%2Fcomments&post=130"}],"version-history":[{"count":10,"href":"https:\/\/studyatsau.sakarya.edu.tr\/index.php?rest_route=\/wp\/v2\/pages\/130\/revisions"}],"predecessor-version":[{"id":150,"href":"https:\/\/studyatsau.sakarya.edu.tr\/index.php?rest_route=\/wp\/v2\/pages\/130\/revisions\/150"}],"wp:attachment":[{"href":"https:\/\/studyatsau.sakarya.edu.tr\/index.php?rest_route=%2Fwp%2Fv2%2Fmedia&parent=130"}],"curies":[{"name":"wp","href":"https:\/\/api.w.org\/{rel}","templated":true}]}}