{"id":219,"date":"2022-05-23T10:47:08","date_gmt":"2022-05-23T07:47:08","guid":{"rendered":"https:\/\/studyatsau.sakarya.edu.tr\/?page_id=219"},"modified":"2022-05-23T11:03:39","modified_gmt":"2022-05-23T08:03:39","slug":"giris-puani-ve-degerlendirme","status":"publish","type":"page","link":"https:\/\/studyatsau.sakarya.edu.tr\/?page_id=219","title":{"rendered":"Giri\u015f Puan\u0131 ve De\u011ferlendirme"},"content":{"rendered":"\t\t<div data-elementor-type=\"wp-page\" data-elementor-id=\"219\" class=\"elementor elementor-219\">\n\t\t\t\t\t\t\t\t\t<section class=\"elementor-section elementor-top-section elementor-element elementor-element-5e223495 elementor-section-boxed elementor-section-height-default elementor-section-height-default\" data-id=\"5e223495\" data-element_type=\"section\" data-settings=\"{&quot;background_background&quot;:&quot;classic&quot;}\">\n\t\t\t\t\t\t<div class=\"elementor-container elementor-column-gap-default\">\n\t\t\t\t\t<div class=\"elementor-column elementor-col-100 elementor-top-column elementor-element elementor-element-3d590145\" data-id=\"3d590145\" data-element_type=\"column\">\n\t\t\t<div class=\"elementor-widget-wrap elementor-element-populated\">\n\t\t\t\t\t\t\t\t<div class=\"elementor-element elementor-element-7a70821c elementor-widget elementor-widget-heading\" data-id=\"7a70821c\" data-element_type=\"widget\" data-widget_type=\"heading.default\">\n\t\t\t\t<div class=\"elementor-widget-container\">\n\t\t\t<style>\/*! elementor - v3.6.5 - 27-04-2022 *\/\n.elementor-heading-title{padding:0;margin:0;line-height:1}.elementor-widget-heading .elementor-heading-title[class*=elementor-size-]>a{color:inherit;font-size:inherit;line-height:inherit}.elementor-widget-heading .elementor-heading-title.elementor-size-small{font-size:15px}.elementor-widget-heading .elementor-heading-title.elementor-size-medium{font-size:19px}.elementor-widget-heading .elementor-heading-title.elementor-size-large{font-size:29px}.elementor-widget-heading .elementor-heading-title.elementor-size-xl{font-size:39px}.elementor-widget-heading .elementor-heading-title.elementor-size-xxl{font-size:59px}<\/style><h2 class=\"elementor-heading-title elementor-size-default\">Giri\u015f Puan\u0131 ve De\u011ferlendirme<\/h2>\t\t<\/div>\n\t\t\t\t<\/div>\n\t\t\t\t<section class=\"elementor-section elementor-inner-section elementor-element elementor-element-2caa2737 elementor-section-boxed elementor-section-height-default elementor-section-height-default\" data-id=\"2caa2737\" data-element_type=\"section\">\n\t\t\t\t\t\t<div class=\"elementor-container elementor-column-gap-default\">\n\t\t\t\t\t<div class=\"elementor-column elementor-col-100 elementor-inner-column elementor-element elementor-element-241f25bd\" data-id=\"241f25bd\" data-element_type=\"column\">\n\t\t\t<div class=\"elementor-widget-wrap elementor-element-populated\">\n\t\t\t\t\t\t\t\t<div class=\"elementor-element elementor-element-2511267e elementor-widget elementor-widget-text-editor\" data-id=\"2511267e\" data-element_type=\"widget\" data-widget_type=\"text-editor.default\">\n\t\t\t\t<div class=\"elementor-widget-container\">\n\t\t\t<style>\/*! elementor - v3.6.5 - 27-04-2022 *\/\n.elementor-widget-text-editor.elementor-drop-cap-view-stacked .elementor-drop-cap{background-color:#818a91;color:#fff}.elementor-widget-text-editor.elementor-drop-cap-view-framed .elementor-drop-cap{color:#818a91;border:3px solid;background-color:transparent}.elementor-widget-text-editor:not(.elementor-drop-cap-view-default) .elementor-drop-cap{margin-top:8px}.elementor-widget-text-editor:not(.elementor-drop-cap-view-default) .elementor-drop-cap-letter{width:1em;height:1em}.elementor-widget-text-editor .elementor-drop-cap{float:left;text-align:center;line-height:1;font-size:50px}.elementor-widget-text-editor .elementor-drop-cap-letter{display:inline-block}<\/style>\t\t\t\t<h5 style=\"font-size: var(--h5FontSize); font-family: var(--headingsFontFamily),var(--nv-fallback-ff); line-height: var(--h5LineHeight); letter-spacing: normal; text-transform: none; color: #1a1716; text-align: justify;\">G\u0130R\u0130\u015e PUANI<\/h5>\n<p style=\"color: #1a1716; font-size: 15px; text-align: justify;\">Kabul edilecek S\u0131nav T\u00fcrleri ve Taban Puanlar\u0131 Tablo 1\/Tablo 2\/Tablo 3\/Tablo 4\u2019te belirtilmi\u015ftir.<\/p>\n<p style=\"color: #1a1716; font-size: 15px; text-align: justify;\">Ba\u015fvuran her aday\u0131n s\u0131nav\/mezuniyet notu\u00a0<strong>\u201c100\u201d\u00a0<\/strong>\u00fczerinden bir puana d\u00f6n\u00fc\u015ft\u00fcr\u00fcld\u00fckten sonra Ba\u015fvuru t\u00fcrlerine g\u00f6re (Tablo 1\/Tablo 2\/Tablo3\/Tablo 4) y\u00fczdelikleri al\u0131narak Giri\u015f Puan\u0131 hesaplanm\u0131\u015f olur.<\/p>\n<h5 style=\"font-size: var(--h5FontSize); font-family: var(--headingsFontFamily),var(--nv-fallback-ff); line-height: var(--h5LineHeight); letter-spacing: normal; text-transform: none; color: #1a1716; text-align: justify;\">DE\u011eERLEND\u0130RME\u00a0<\/h5>\n<p style=\"color: #1a1716; font-size: 15px; text-align: justify;\">Ba\u015fvuru \u015fartlar\u0131n\u0131 ta\u015f\u0131yan adaylar aras\u0131ndan her program i\u00e7in kontenjan kadar asil ve kontenjan\u0131n iki kat\u0131 kadar yedek aday belirlenir.<\/p>\n<p style=\"color: #1a1716; font-size: 15px; text-align: justify;\">Asil adaylardan kay\u0131t yapt\u0131rmayanlar\u0131n yerine yedek listeden \u00f6\u011frenci ilan edilerek kayd\u0131 yap\u0131l\u0131r.<\/p>\n<p style=\"color: #1a1716; font-size: 15px; text-align: justify;\">Bir programa yerle\u015fen asil veya yedek listeden kay\u0131t hakk\u0131 kazanan aday, tercihleri aras\u0131nda bulunsa dahi bir ba\u015fka b\u00f6l\u00fcm\u00fcn asil ya da yedek listesinde yer alamaz.<\/p>\n<p style=\"color: #1a1716; font-size: 15px; text-align: justify;\">Ba\u015fvurular\u0131n de\u011ferlendirilmesi ve adaylar\u0131n yerle\u015ftirilmeleri bu esaslardaki asgari \u015fartlar\u0131 sa\u011flam\u0131\u015f olmak kayd\u0131 ile\u00a0<strong>Giri\u015f Puan\u0131<\/strong>\u2019na g\u00f6re yap\u0131l\u0131r.\u00a0<\/p>\n<p style=\"color: #1a1716; font-size: 15px; text-align: justify;\">Yerle\u015ftirme puanlar\u0131nda e\u015fitlik olmas\u0131 durumunda<\/p>\n<ul>\n<li>\u00d6ncelikle ya\u015f\u0131 k\u00fc\u00e7\u00fck olan,<\/li>\n<li>Daha sonra orta\u00f6\u011fretimden yeni mezun olan tercih edilir.<\/li>\n<\/ul>\n<p style=\"color: #1a1716; font-size: 15px; text-align: justify;\">Adaylar Yerle\u015ftirme sonu\u00e7lar\u0131na (asil-yedek kay\u0131t hakk\u0131 kazanan) Uluslararas\u0131 \u00d6\u011frenci Takviminde belirtilen tarihlerde ba\u015fvuru sayfalar\u0131ndan ula\u015fabileceklerdir.<\/p>\n<p style=\"color: #1a1716; font-size: 15px; text-align: justify;\">Kay\u0131t hakk\u0131 kazanan adaylara kay\u0131t tarihlerini bildiren davet mektuplar\u0131 haz\u0131rlan\u0131r. Adaylar davet mektuplar\u0131n\u0131 ba\u015fvuru sayfas\u0131ndan temin ederler. Takvimde belirtilen tarihlerde, a\u015fa\u011f\u0131da yaz\u0131l\u0131 belgeleri teslim etmek kayd\u0131 ile kesin kayd\u0131n\u0131 Uluslararas\u0131 \u00d6\u011frenci Ofisine yapt\u0131r\u0131rlar. Kay\u0131t tarihleri i\u00e7erisinde kay\u0131t i\u015flemini ger\u00e7ekle\u015ftirmeyen adaylar haklar\u0131n\u0131 kaybederler.<\/p>\t\t\t\t\t\t<\/div>\n\t\t\t\t<\/div>\n\t\t\t\t\t<\/div>\n\t\t<\/div>\n\t\t\t\t\t\t\t<\/div>\n\t\t<\/section>\n\t\t\t\t\t<\/div>\n\t\t<\/div>\n\t\t\t\t\t\t\t<\/div>\n\t\t<\/section>\n\t\t\t\t\t\t\t<\/div>\n\t\t","protected":false},"excerpt":{"rendered":"<p>Giri\u015f Puan\u0131 ve De\u011ferlendirme G\u0130R\u0130\u015e PUANI Kabul edilecek S\u0131nav T\u00fcrleri ve Taban Puanlar\u0131 Tablo 1\/Tablo 2\/Tablo 3\/Tablo 4\u2019te belirtilmi\u015ftir. Ba\u015fvuran her aday\u0131n s\u0131nav\/mezuniyet notu\u00a0\u201c100\u201d\u00a0\u00fczerinden bir puana d\u00f6n\u00fc\u015ft\u00fcr\u00fcld\u00fckten sonra Ba\u015fvuru t\u00fcrlerine g\u00f6re (Tablo 1\/Tablo 2\/Tablo3\/Tablo 4) y\u00fczdelikleri al\u0131narak Giri\u015f Puan\u0131 hesaplanm\u0131\u015f olur. DE\u011eERLEND\u0130RME\u00a0 Ba\u015fvuru \u015fartlar\u0131n\u0131 ta\u015f\u0131yan adaylar aras\u0131ndan her program i\u00e7in kontenjan kadar asil ve kontenjan\u0131n&hellip;&nbsp;<a href=\"https:\/\/studyatsau.sakarya.edu.tr\/?page_id=219\" class=\"\" rel=\"bookmark\">Read More &raquo;<span class=\"screen-reader-text\">Giri\u015f Puan\u0131 ve De\u011ferlendirme<\/span><\/a><\/p>\n","protected":false},"author":1,"featured_media":0,"parent":0,"menu_order":0,"comment_status":"closed","ping_status":"closed","template":"elementor_header_footer","meta":{"neve_meta_sidebar":"","neve_meta_container":"","neve_meta_enable_content_width":"","neve_meta_content_width":0,"neve_meta_title_alignment":"","neve_meta_author_avatar":"","neve_post_elements_order":"","neve_meta_disable_header":"","neve_meta_disable_footer":"","neve_meta_disable_title":""},"_links":{"self":[{"href":"https:\/\/studyatsau.sakarya.edu.tr\/index.php?rest_route=\/wp\/v2\/pages\/219"}],"collection":[{"href":"https:\/\/studyatsau.sakarya.edu.tr\/index.php?rest_route=\/wp\/v2\/pages"}],"about":[{"href":"https:\/\/studyatsau.sakarya.edu.tr\/index.php?rest_route=\/wp\/v2\/types\/page"}],"author":[{"embeddable":true,"href":"https:\/\/studyatsau.sakarya.edu.tr\/index.php?rest_route=\/wp\/v2\/users\/1"}],"replies":[{"embeddable":true,"href":"https:\/\/studyatsau.sakarya.edu.tr\/index.php?rest_route=%2Fwp%2Fv2%2Fcomments&post=219"}],"version-history":[{"count":7,"href":"https:\/\/studyatsau.sakarya.edu.tr\/index.php?rest_route=\/wp\/v2\/pages\/219\/revisions"}],"predecessor-version":[{"id":273,"href":"https:\/\/studyatsau.sakarya.edu.tr\/index.php?rest_route=\/wp\/v2\/pages\/219\/revisions\/273"}],"wp:attachment":[{"href":"https:\/\/studyatsau.sakarya.edu.tr\/index.php?rest_route=%2Fwp%2Fv2%2Fmedia&parent=219"}],"curies":[{"name":"wp","href":"https:\/\/api.w.org\/{rel}","templated":true}]}}