{"id":274,"date":"2022-05-23T11:09:34","date_gmt":"2022-05-23T08:09:34","guid":{"rendered":"https:\/\/studyatsau.sakarya.edu.tr\/?page_id=274"},"modified":"2022-05-23T11:12:51","modified_gmt":"2022-05-23T08:12:51","slug":"ozel-yetenek-sinavi","status":"publish","type":"page","link":"https:\/\/studyatsau.sakarya.edu.tr\/?page_id=274","title":{"rendered":"\u00d6zel Yetenek S\u0131nav\u0131"},"content":{"rendered":"\t\t<div data-elementor-type=\"wp-page\" data-elementor-id=\"274\" class=\"elementor elementor-274\">\n\t\t\t\t\t\t\t\t\t<section class=\"elementor-section elementor-top-section elementor-element elementor-element-aa87c58 elementor-section-boxed elementor-section-height-default elementor-section-height-default\" data-id=\"aa87c58\" data-element_type=\"section\" data-settings=\"{&quot;background_background&quot;:&quot;classic&quot;}\">\n\t\t\t\t\t\t<div class=\"elementor-container elementor-column-gap-default\">\n\t\t\t\t\t<div class=\"elementor-column elementor-col-100 elementor-top-column elementor-element elementor-element-7d3bf7b\" data-id=\"7d3bf7b\" data-element_type=\"column\">\n\t\t\t<div class=\"elementor-widget-wrap elementor-element-populated\">\n\t\t\t\t\t\t\t\t<div class=\"elementor-element elementor-element-d838c04 elementor-widget elementor-widget-heading\" data-id=\"d838c04\" data-element_type=\"widget\" data-widget_type=\"heading.default\">\n\t\t\t\t<div class=\"elementor-widget-container\">\n\t\t\t<style>\/*! elementor - v3.6.5 - 27-04-2022 *\/\n.elementor-heading-title{padding:0;margin:0;line-height:1}.elementor-widget-heading .elementor-heading-title[class*=elementor-size-]>a{color:inherit;font-size:inherit;line-height:inherit}.elementor-widget-heading .elementor-heading-title.elementor-size-small{font-size:15px}.elementor-widget-heading .elementor-heading-title.elementor-size-medium{font-size:19px}.elementor-widget-heading .elementor-heading-title.elementor-size-large{font-size:29px}.elementor-widget-heading .elementor-heading-title.elementor-size-xl{font-size:39px}.elementor-widget-heading .elementor-heading-title.elementor-size-xxl{font-size:59px}<\/style><h2 class=\"elementor-heading-title elementor-size-default\">\u00d6zel Yetenek S\u0131nav\u0131<\/h2>\t\t<\/div>\n\t\t\t\t<\/div>\n\t\t\t\t<section class=\"elementor-section elementor-inner-section elementor-element elementor-element-73798855 elementor-section-boxed elementor-section-height-default elementor-section-height-default\" data-id=\"73798855\" data-element_type=\"section\">\n\t\t\t\t\t\t<div class=\"elementor-container elementor-column-gap-default\">\n\t\t\t\t\t<div class=\"elementor-column elementor-col-100 elementor-inner-column elementor-element elementor-element-783c2c53\" data-id=\"783c2c53\" data-element_type=\"column\">\n\t\t\t<div class=\"elementor-widget-wrap elementor-element-populated\">\n\t\t\t\t\t\t\t\t<div class=\"elementor-element elementor-element-5eb725e9 elementor-widget elementor-widget-text-editor\" data-id=\"5eb725e9\" data-element_type=\"widget\" data-widget_type=\"text-editor.default\">\n\t\t\t\t<div class=\"elementor-widget-container\">\n\t\t\t<style>\/*! elementor - v3.6.5 - 27-04-2022 *\/\n.elementor-widget-text-editor.elementor-drop-cap-view-stacked .elementor-drop-cap{background-color:#818a91;color:#fff}.elementor-widget-text-editor.elementor-drop-cap-view-framed .elementor-drop-cap{color:#818a91;border:3px solid;background-color:transparent}.elementor-widget-text-editor:not(.elementor-drop-cap-view-default) .elementor-drop-cap{margin-top:8px}.elementor-widget-text-editor:not(.elementor-drop-cap-view-default) .elementor-drop-cap-letter{width:1em;height:1em}.elementor-widget-text-editor .elementor-drop-cap{float:left;text-align:center;line-height:1;font-size:50px}.elementor-widget-text-editor .elementor-drop-cap-letter{display:inline-block}<\/style>\t\t\t\t<p>\u00d6zel Yetenek S\u0131nav\u0131 ile \u00f6\u011frenci alan e\u011fitim birimlerine yap\u0131lan ba\u015fvurular Sakarya \u00dcniversitesi \u00d6zel Yetenek S\u0131nav\u0131 Y\u00f6nergelerindeki \u00f6l\u00e7\u00fctler dikkate al\u0131narak a\u015fa\u011f\u0131daki \u015fekilde de\u011ferlendirilir.<\/p>\n<ul>\n<li>\u00d6ncelikle aday\u0131n Giri\u015f Puan\u0131 hesaplan\u0131r.<\/li>\n<li>\u00d6zel Yetenek S\u0131navlar\u0131 100 \u00fczerinden de\u011ferlendirilir ve \u00f6zel yetenek s\u0131nav\u0131ndan 50 puan alt\u0131nda alan adaylar ba\u015far\u0131s\u0131z say\u0131l\u0131r ve de\u011ferlendirmeye al\u0131nmaz.<\/li>\n<li>Aday\u0131n Giri\u015f Puan\u0131n\u0131n %30\u2019u ve \u00d6zel Yetenek S\u0131nav\u0131 Puan\u0131n\u0131n %70\u2019i al\u0131narak yerle\u015fme puan\u0131 olu\u015fturulur.<\/li>\n<\/ul>\n<p><span style=\"color: var( --e-global-color-text ); font-size: var(--bodyfontsize); letter-spacing: var(--bodyletterspacing); text-transform: var(--bodytexttransform);\"><br><\/span><\/p><p><span style=\"color: var( --e-global-color-text ); font-size: var(--bodyfontsize); letter-spacing: var(--bodyletterspacing); text-transform: var(--bodytexttransform);\">Tercihleri aras\u0131nda hem Giri\u015f Puan\u0131 ile hem de \u00d6zel Yetenek S\u0131nav\u0131 Puan\u0131 ile \u00f6\u011frenci alan programlar olan aday tercih etmi\u015f oldu\u011fu iki programa da yerle\u015febilir. Ancak yerle\u015fti\u011fi programlardan sadece birine kay\u0131t yapt\u0131rabilir.<\/span><br><\/p>\t\t\t\t\t\t<\/div>\n\t\t\t\t<\/div>\n\t\t\t\t\t<\/div>\n\t\t<\/div>\n\t\t\t\t\t\t\t<\/div>\n\t\t<\/section>\n\t\t\t\t\t<\/div>\n\t\t<\/div>\n\t\t\t\t\t\t\t<\/div>\n\t\t<\/section>\n\t\t\t\t\t\t\t<\/div>\n\t\t","protected":false},"excerpt":{"rendered":"<p>\u00d6zel Yetenek S\u0131nav\u0131 \u00d6zel Yetenek S\u0131nav\u0131 ile \u00f6\u011frenci alan e\u011fitim birimlerine yap\u0131lan ba\u015fvurular Sakarya \u00dcniversitesi \u00d6zel Yetenek S\u0131nav\u0131 Y\u00f6nergelerindeki \u00f6l\u00e7\u00fctler dikkate al\u0131narak a\u015fa\u011f\u0131daki \u015fekilde de\u011ferlendirilir. \u00d6ncelikle aday\u0131n Giri\u015f Puan\u0131 hesaplan\u0131r. \u00d6zel Yetenek S\u0131navlar\u0131 100 \u00fczerinden de\u011ferlendirilir ve \u00f6zel yetenek s\u0131nav\u0131ndan 50 puan alt\u0131nda alan adaylar ba\u015far\u0131s\u0131z say\u0131l\u0131r ve de\u011ferlendirmeye al\u0131nmaz. Aday\u0131n Giri\u015f Puan\u0131n\u0131n %30\u2019u ve&hellip;&nbsp;<a href=\"https:\/\/studyatsau.sakarya.edu.tr\/?page_id=274\" class=\"\" rel=\"bookmark\">Read More &raquo;<span class=\"screen-reader-text\">\u00d6zel Yetenek S\u0131nav\u0131<\/span><\/a><\/p>\n","protected":false},"author":1,"featured_media":0,"parent":0,"menu_order":0,"comment_status":"closed","ping_status":"closed","template":"elementor_header_footer","meta":{"neve_meta_sidebar":"","neve_meta_container":"","neve_meta_enable_content_width":"","neve_meta_content_width":0,"neve_meta_title_alignment":"","neve_meta_author_avatar":"","neve_post_elements_order":"","neve_meta_disable_header":"","neve_meta_disable_footer":"","neve_meta_disable_title":""},"_links":{"self":[{"href":"https:\/\/studyatsau.sakarya.edu.tr\/index.php?rest_route=\/wp\/v2\/pages\/274"}],"collection":[{"href":"https:\/\/studyatsau.sakarya.edu.tr\/index.php?rest_route=\/wp\/v2\/pages"}],"about":[{"href":"https:\/\/studyatsau.sakarya.edu.tr\/index.php?rest_route=\/wp\/v2\/types\/page"}],"author":[{"embeddable":true,"href":"https:\/\/studyatsau.sakarya.edu.tr\/index.php?rest_route=\/wp\/v2\/users\/1"}],"replies":[{"embeddable":true,"href":"https:\/\/studyatsau.sakarya.edu.tr\/index.php?rest_route=%2Fwp%2Fv2%2Fcomments&post=274"}],"version-history":[{"count":7,"href":"https:\/\/studyatsau.sakarya.edu.tr\/index.php?rest_route=\/wp\/v2\/pages\/274\/revisions"}],"predecessor-version":[{"id":285,"href":"https:\/\/studyatsau.sakarya.edu.tr\/index.php?rest_route=\/wp\/v2\/pages\/274\/revisions\/285"}],"wp:attachment":[{"href":"https:\/\/studyatsau.sakarya.edu.tr\/index.php?rest_route=%2Fwp%2Fv2%2Fmedia&parent=274"}],"curies":[{"name":"wp","href":"https:\/\/api.w.org\/{rel}","templated":true}]}}