{"id":293,"date":"2022-05-23T15:05:58","date_gmt":"2022-05-23T12:05:58","guid":{"rendered":"https:\/\/studyatsau.sakarya.edu.tr\/?page_id=293"},"modified":"2025-05-15T15:57:30","modified_gmt":"2025-05-15T12:57:30","slug":"kontenjanlar","status":"publish","type":"page","link":"https:\/\/studyatsau.sakarya.edu.tr\/?page_id=293","title":{"rendered":"Kontenjanlar"},"content":{"rendered":"\t\t<div data-elementor-type=\"wp-page\" data-elementor-id=\"293\" class=\"elementor elementor-293\">\n\t\t\t\t\t\t\t\t\t<section class=\"elementor-section elementor-top-section elementor-element elementor-element-7d8330bb elementor-section-boxed elementor-section-height-default elementor-section-height-default\" data-id=\"7d8330bb\" data-element_type=\"section\" data-settings=\"{&quot;background_background&quot;:&quot;classic&quot;}\">\n\t\t\t\t\t\t<div class=\"elementor-container elementor-column-gap-default\">\n\t\t\t\t\t<div class=\"elementor-column elementor-col-100 elementor-top-column elementor-element elementor-element-71803f1e\" data-id=\"71803f1e\" data-element_type=\"column\">\n\t\t\t<div class=\"elementor-widget-wrap elementor-element-populated\">\n\t\t\t\t\t\t\t\t<div class=\"elementor-element elementor-element-997b9dc elementor-widget elementor-widget-text-editor\" data-id=\"997b9dc\" data-element_type=\"widget\" data-widget_type=\"text-editor.default\">\n\t\t\t\t<div class=\"elementor-widget-container\">\n\t\t\t<style>\/*! elementor - v3.6.5 - 27-04-2022 *\/\n.elementor-widget-text-editor.elementor-drop-cap-view-stacked .elementor-drop-cap{background-color:#818a91;color:#fff}.elementor-widget-text-editor.elementor-drop-cap-view-framed .elementor-drop-cap{color:#818a91;border:3px solid;background-color:transparent}.elementor-widget-text-editor:not(.elementor-drop-cap-view-default) .elementor-drop-cap{margin-top:8px}.elementor-widget-text-editor:not(.elementor-drop-cap-view-default) .elementor-drop-cap-letter{width:1em;height:1em}.elementor-widget-text-editor .elementor-drop-cap{float:left;text-align:center;line-height:1;font-size:50px}.elementor-widget-text-editor .elementor-drop-cap-letter{display:inline-block}<\/style>\t\t\t\t<h1 style=\"color: #1a1716; font-size: 15px; text-align: justify;\"><strong>Kontenjanlar;<\/strong><\/h1><ul><li style=\"color: #1a1716; font-size: 15px; text-align: justify;\"><ul><li style=\"list-style-type: none;\"><ul><li>Y\u00fcksek\u00f6\u011fretim Kurulu Ba\u015fkanl\u0131\u011f\u0131 Yurtd\u0131\u015f\u0131ndan \u00d6\u011frenci Kabul\u00fcne \u0130li\u015fkin Esaslar\u0131 A-Genel \u0130lkeler 2\/b-c f\u0131kralar\u0131 gere\u011fi \u00dcniversite Senatosu karar\u0131 ile belirlenir ve Y\u00fcksek\u00f6\u011fretim Kurulu Ba\u015fkanl\u0131\u011f\u0131n\u0131n onay\u0131na sunulur. (Yurtd\u0131\u015f\u0131nda \u00f6\u011frenim g\u00f6ren TC Vatanda\u015flar\u0131, Uyru\u011fundan biri TC olan TC Vatanda\u015flar\u0131 ve Mavi Kartl\u0131 adaylar i\u00e7in ilgili madde gere\u011fi \u00d6\u011fretmenlik, Hukuk, T\u0131p ve Di\u015f Hekimli\u011fi programlar\u0131nda kontenjanlar\u0131n % 10\u2019unun a\u015f\u0131lamayaca\u011f\u0131 belirlenmi\u015ftir.)<\/li><\/ul><ul><li>Y\u00fcksek\u00f6\u011fretim Kurulu Ba\u015fkanl\u0131\u011f\u0131n\u0131n 10.05.2023 tarih ve E-75850160-301.02.02-32987 say\u0131l\u0131 yaz\u0131s\u0131 ile T\u0131p ve Di\u015f Hekimli\u011fi Programlar\u0131na yerle\u015ftirilecek adaylar\u0131n uyruklar\u0131na g\u00f6re kontenjan\u0131n %10&#8217;unun a\u015f\u0131lamayaca\u011f\u0131 belirlenmi\u015ftir.<\/li><\/ul><ul><li>Kontenjanlara ba\u015fvuru olmamas\u0131 ve\/veya yerle\u015fen adaylar\u0131n kay\u0131t olmamas\u0131 nedeniyle bo\u015f kalan kontenjanlar\u0131n ek yerle\u015ftirme ile doldurulmas\u0131na \u00dcniversite Senatosu taraf\u0131ndan karar verilir.<\/li><\/ul><p>Sakarya \u00dcniversitesi kontenjanlar\u0131 doldurup doldurmamakta serbesttir.<\/p><p><span style=\"color: #ff0000;\"><strong>Not: \u00a0A\u015fa\u011f\u0131da belirtilen Kontenjanlar\u0131m\u0131z Y\u00fcksek \u00d6\u011fretim kurulu ba\u015fkanl\u0131\u011f\u0131 taraf\u0131ndan onaylanmam\u0131\u015ft\u0131r.. De\u011fi\u015fiklik olmas\u0131 durumunda g\u00fcncelleme yap\u0131lacakt\u0131r.<\/strong><\/span><\/p><\/li><\/ul><\/li><li><table width=\"1092\"><tbody><tr><td width=\"644\"><strong><span style=\"color: #000000;\">B\u0130R\u0130M ADI<\/span><\/strong><\/td><td width=\"143\"><strong><span style=\"color: #000000;\">S\u00dcRE (YIL)<\/span><\/strong><\/td><td width=\"181\"><strong><span style=\"color: #000000;\">2026 YILI KONTENJANI<\/span><\/strong><\/td><td width=\"124\"><strong><span style=\"color: #000000;\">BAKINIZ<\/span><\/strong><\/td><\/tr><tr><td width=\"644\"><strong>B\u0130LG\u0130SAYAR VE B\u0130L\u0130\u015e\u0130M B\u0130L\u0130MLER\u0130 FAK\u00dcLTES\u0130<\/strong><\/td><td width=\"143\">\u00a0<\/td><td width=\"181\">\u00a0<\/td><td>\u00a0<\/td><\/tr><tr><td width=\"644\">B\u0130LG\u0130SAYAR M\u00dcHEND\u0130SL\u0130\u011e\u0130<\/td><td width=\"143\">4<\/td><td width=\"181\">60<\/td><td>\u00a0<\/td><\/tr><tr><td width=\"644\">B\u0130L\u0130\u015e\u0130M S\u0130STEMLER\u0130 M\u00dcHEND\u0130SL\u0130\u011e\u0130<\/td><td width=\"143\">4<\/td><td width=\"181\">40<\/td><td>\u00a0<\/td><\/tr><tr><td width=\"644\">B\u0130L\u0130\u015e\u0130M S\u0130STEMLER\u0130 VE TEKNOLOJ\u0130LER\u0130\u00a0<\/td><td width=\"143\">4<\/td><td width=\"181\">20<\/td><td>\u00a0<\/td><\/tr><tr><td width=\"644\">VER\u0130 B\u0130L\u0130M\u0130 ANAL\u0130T\u0130\u011e\u0130<\/td><td width=\"143\">4<\/td><td width=\"181\">20<\/td><td>\u00a0<\/td><\/tr><tr><td width=\"644\">YAZILIM M\u00dcHEND\u0130SL\u0130\u011e\u0130 (\u0130NG\u0130L\u0130ZCE)<\/td><td width=\"143\">4<\/td><td width=\"181\">15<\/td><td width=\"124\">22, 23, 24<\/td><\/tr><tr><td width=\"644\"><strong>D\u0130\u015e HEK\u0130ML\u0130\u011e\u0130 FAK\u00dcLTES\u0130<\/strong><\/td><td width=\"143\">\u00a0<\/td><td width=\"181\">\u00a0<\/td><td>\u00a0<\/td><\/tr><tr><td width=\"644\">D\u0130\u015e HEK\u0130ML\u0130\u011e\u0130<\/td><td width=\"143\">5<\/td><td width=\"181\">20<\/td><td>\u00a0<\/td><\/tr><tr><td width=\"644\"><strong>E\u011e\u0130T\u0130M FAK\u00dcLTES\u0130<\/strong><\/td><td width=\"143\">\u00a0<\/td><td width=\"181\">\u00a0<\/td><td>\u00a0<\/td><\/tr><tr><td width=\"644\">FEN B\u0130LG\u0130S\u0130 \u00d6\u011eRETMENL\u0130\u011e\u0130<\/td><td width=\"143\">4<\/td><td width=\"181\">35<\/td><td>\u00a0<\/td><\/tr><tr><td width=\"644\">\u0130LK\u00d6\u011eRET\u0130M MATEMAT\u0130K \u00d6\u011eRETMENL\u0130\u011e\u0130<\/td><td width=\"143\">4<\/td><td width=\"181\">40<\/td><td>\u00a0<\/td><\/tr><tr><td width=\"644\">\u0130NG\u0130L\u0130ZCE \u00d6\u011eRETMENL\u0130\u011e\u0130 (\u0130NG\u0130L\u0130ZCE)<\/td><td width=\"143\">4<\/td><td width=\"181\">40<\/td><td width=\"124\">22, 23, 24<\/td><\/tr><tr><td width=\"644\">OKUL \u00d6NCES\u0130 \u00d6\u011eRETMENL\u0130\u011e\u0130<\/td><td width=\"143\">4<\/td><td width=\"181\">40<\/td><td>\u00a0<\/td><\/tr><tr><td width=\"644\">\u00d6ZEL E\u011e\u0130T\u0130M \u00d6\u011eRETMENL\u0130\u011e\u0130<\/td><td width=\"143\">4<\/td><td width=\"181\">40<\/td><td>\u00a0<\/td><\/tr><tr><td width=\"644\">REHBERL\u0130K VE PS\u0130KOLOJ\u0130K DANI\u015eMANLIK<\/td><td width=\"143\">4<\/td><td width=\"181\">40<\/td><td>\u00a0<\/td><\/tr><tr><td width=\"644\">SINIF \u00d6\u011eRETMENL\u0130\u011e\u0130<\/td><td width=\"143\">4<\/td><td width=\"181\">40<\/td><td>\u00a0<\/td><\/tr><tr><td width=\"644\">SOSYAL B\u0130LG\u0130LER \u00d6\u011eRETMENL\u0130\u011e\u0130<\/td><td width=\"143\">4<\/td><td width=\"181\">40<\/td><td>\u00a0<\/td><\/tr><tr><td width=\"644\">T\u00dcRK\u00c7E \u00d6\u011eRETMENL\u0130\u011e\u0130<\/td><td width=\"143\">4<\/td><td width=\"181\">40<\/td><td>\u00a0<\/td><\/tr><tr><td width=\"644\"><strong>FEN FAK\u00dcLTES\u0130<\/strong><\/td><td width=\"143\">\u00a0<\/td><td width=\"181\">\u00a0<\/td><td>\u00a0<\/td><\/tr><tr><td width=\"644\">B\u0130YOLOJ\u0130<\/td><td width=\"143\">4<\/td><td width=\"181\">25<\/td><td>\u00a0<\/td><\/tr><tr><td width=\"644\">F\u0130Z\u0130K<\/td><td width=\"143\">4<\/td><td width=\"181\">20<\/td><td>\u00a0<\/td><\/tr><tr><td width=\"644\">K\u0130MYA<\/td><td width=\"143\">4<\/td><td width=\"181\">30<\/td><td>\u00a0<\/td><\/tr><tr><td width=\"644\">MATEMAT\u0130K<\/td><td width=\"143\">4<\/td><td width=\"181\">40<\/td><td>\u00a0<\/td><\/tr><tr><td width=\"644\"><strong>HUKUK FAK\u00dcLTES\u0130<\/strong><\/td><td width=\"143\">\u00a0<\/td><td width=\"181\">\u00a0<\/td><td>\u00a0<\/td><\/tr><tr><td width=\"644\">HUKUK<\/td><td width=\"143\">4<\/td><td width=\"181\">50<\/td><td>\u00a0<\/td><\/tr><tr><td width=\"644\"><strong>\u0130LAH\u0130YAT FAK\u00dcLTES\u0130<\/strong><\/td><td width=\"143\">\u00a0<\/td><td width=\"181\">\u00a0<\/td><td>\u00a0<\/td><\/tr><tr><td width=\"644\">\u0130LAH\u0130YAT (%30 ARAP\u00c7A)<\/td><td width=\"143\">4<\/td><td width=\"181\">50<\/td><td width=\"124\">22, 24, 152<\/td><\/tr><tr><td width=\"644\"><strong>\u0130LET\u0130\u015e\u0130M FAK\u00dcLTES\u0130<\/strong><\/td><td width=\"143\">\u00a0<\/td><td width=\"181\">\u00a0<\/td><td>\u00a0<\/td><\/tr><tr><td width=\"644\">GAZETEC\u0130L\u0130K<\/td><td width=\"143\">4<\/td><td width=\"181\">35<\/td><td width=\"124\">\u00a0<\/td><\/tr><tr><td width=\"644\">HALKLA \u0130L\u0130\u015eK\u0130LER VE REKLAMCILIK<\/td><td width=\"143\">4<\/td><td width=\"181\">50<\/td><td>\u00a0<\/td><\/tr><tr><td width=\"644\">RADYO, TELEV\u0130ZYON VE S\u0130NEMA<\/td><td width=\"143\">4<\/td><td width=\"181\">10<\/td><td>\u00a0<\/td><\/tr><tr><td width=\"644\">YEN\u0130 MEDYA VE \u0130LET\u0130\u015e\u0130M<\/td><td width=\"143\">4<\/td><td width=\"181\">50<\/td><td>\u00a0<\/td><\/tr><tr><td width=\"644\"><strong>\u0130NSAN VE TOPLUM B\u0130L\u0130MLER\u0130 FAK\u00dcLTES\u0130<\/strong><\/td><td width=\"143\">\u00a0<\/td><td width=\"181\">\u00a0<\/td><td>\u00a0<\/td><\/tr><tr><td width=\"644\">ALMAN D\u0130L\u0130 VE EDEB\u0130YATI<\/td><td width=\"143\">4<\/td><td width=\"181\">40<\/td><td width=\"124\">22, 24, 128<\/td><\/tr><tr><td width=\"644\">ALMANCA M\u00dcTERC\u0130M VE TERC\u00dcMANLIK<\/td><td width=\"143\">4<\/td><td width=\"181\">40<\/td><td width=\"124\">22, 24, 128<\/td><\/tr><tr><td width=\"644\">CO\u011eRAFYA<\/td><td width=\"143\">4<\/td><td width=\"181\">40<\/td><td>\u00a0<\/td><\/tr><tr><td width=\"644\">FELSEFE<\/td><td width=\"143\">4<\/td><td width=\"181\">30<\/td><td>\u00a0<\/td><\/tr><tr><td width=\"644\">\u0130NG\u0130L\u0130ZCE M\u00dcTERC\u0130M VE TERC\u00dcMANLIK<\/td><td width=\"143\">4<\/td><td width=\"181\">10<\/td><td>\u00a0<\/td><\/tr><tr><td width=\"644\">PS\u0130KOLOJ\u0130<\/td><td width=\"143\">4<\/td><td width=\"181\">20<\/td><td>\u00a0<\/td><\/tr><tr><td width=\"644\">SANAT TAR\u0130H\u0130<\/td><td width=\"143\">4<\/td><td width=\"181\">40<\/td><td>\u00a0<\/td><\/tr><tr><td width=\"644\">SOSYAL H\u0130ZMET<\/td><td width=\"143\">4<\/td><td width=\"181\">40<\/td><td>\u00a0<\/td><\/tr><tr><td width=\"644\">SOSYOLOJ\u0130<\/td><td width=\"143\">4<\/td><td width=\"181\">40<\/td><td>\u00a0<\/td><\/tr><tr><td width=\"644\">TAR\u0130H<\/td><td width=\"143\">4<\/td><td width=\"181\">40<\/td><td>\u00a0<\/td><\/tr><tr><td width=\"644\">T\u00dcRK D\u0130L\u0130 VE EDEB\u0130YATI<\/td><td width=\"143\">4<\/td><td width=\"181\">40<\/td><td>\u00a0<\/td><\/tr><tr><td width=\"644\"><strong>\u0130\u015eLETME FAK\u00dcLTES\u0130<\/strong><\/td><td width=\"143\">\u00a0<\/td><td width=\"181\">\u00a0<\/td><td>\u00a0<\/td><\/tr><tr><td width=\"644\">\u0130NSAN KAYNAKLARI Y\u00d6NET\u0130M\u0130<\/td><td width=\"143\">4<\/td><td width=\"181\">50<\/td><td>\u00a0<\/td><\/tr><tr><td width=\"644\">\u0130\u015eLETME<\/td><td width=\"143\">4<\/td><td width=\"181\">60<\/td><td>\u00a0<\/td><\/tr><tr><td width=\"644\">\u0130\u015eLETME (\u0130NG\u0130L\u0130ZCE)<\/td><td width=\"143\">4<\/td><td width=\"181\">50<\/td><td width=\"124\">22, 23, 24<\/td><\/tr><tr><td width=\"644\">SA\u011eLIK Y\u00d6NET\u0130M\u0130<\/td><td width=\"143\">4<\/td><td width=\"181\">40<\/td><td>\u00a0<\/td><\/tr><tr><td width=\"644\">ULUSLARARASI T\u0130CARET VE LOJ\u0130ST\u0130K<\/td><td width=\"143\">4<\/td><td width=\"181\">40<\/td><td>\u00a0<\/td><\/tr><tr><td width=\"644\">Y\u00d6NET\u0130M B\u0130L\u0130\u015e\u0130M S\u0130STEMLER\u0130<\/td><td width=\"143\">4<\/td><td width=\"181\">40<\/td><td>\u00a0<\/td><\/tr><tr><td width=\"644\"><strong>M\u00dcHEND\u0130SL\u0130K FAK\u00dcLTES<\/strong>\u0130<\/td><td width=\"143\">\u00a0<\/td><td width=\"181\">\u00a0<\/td><td>\u00a0<\/td><\/tr><tr><td width=\"644\">\u00c7EVRE M\u00dcHEND\u0130SL\u0130\u011e\u0130<\/td><td width=\"143\">4<\/td><td width=\"181\">20<\/td><td>\u00a0<\/td><\/tr><tr><td width=\"644\">ELEKTR\u0130K-ELEKTRON\u0130K\u00a0\u00a0\u00a0 M\u00dcHEND\u0130SL\u0130\u011e\u0130<\/td><td width=\"143\">4<\/td><td width=\"181\">50<\/td><td>\u00a0<\/td><\/tr><tr><td width=\"644\">END\u00dcSTR\u0130 M\u00dcHEND\u0130SL\u0130\u011e\u0130<\/td><td width=\"143\">4<\/td><td width=\"181\">50<\/td><td>\u00a0<\/td><\/tr><tr><td width=\"644\">GIDA M\u00dcHEND\u0130SL\u0130\u011e\u0130<\/td><td width=\"143\">4<\/td><td width=\"181\">50<\/td><td>\u00a0<\/td><\/tr><tr><td width=\"644\">\u0130N\u015eAAT M\u00dcHEND\u0130SL\u0130\u011e\u0130<\/td><td width=\"143\">4<\/td><td width=\"181\">50<\/td><td>\u00a0<\/td><\/tr><tr><td width=\"644\">MAK\u0130NE M\u00dcHEND\u0130SL\u0130\u011e\u0130<\/td><td width=\"143\">4<\/td><td width=\"181\">50<\/td><td>\u00a0<\/td><\/tr><tr><td width=\"644\">METALURJ\u0130 VE MALZEME M\u00dcHEND\u0130SL\u0130\u011e\u0130<\/td><td width=\"143\">4<\/td><td width=\"181\">50<\/td><td>\u00a0<\/td><\/tr><tr><td width=\"644\">METALURJ\u0130 VE MALZEME M\u00dcHEND\u0130SL\u0130\u011e\u0130 (\u0130NG\u0130L\u0130ZCE)<\/td><td width=\"143\">4<\/td><td width=\"181\">20<\/td><td width=\"124\">22, 23, 24<\/td><\/tr><tr><td width=\"644\"><strong>SA\u011eLIK B\u0130L\u0130MLER\u0130 FAK\u00dcLTES\u0130<\/strong><\/td><td width=\"143\">\u00a0<\/td><td width=\"181\">\u00a0<\/td><td>\u00a0<\/td><\/tr><tr><td width=\"644\">EBEL\u0130K<\/td><td width=\"143\">4<\/td><td width=\"181\">30<\/td><td width=\"124\">31<\/td><\/tr><tr><td width=\"644\">HEM\u015e\u0130REL\u0130K<\/td><td width=\"143\">4<\/td><td width=\"181\">50<\/td><td>\u00a0<\/td><\/tr><tr><td width=\"644\"><strong>SANAT, TASARIM VE M\u0130MARLIK FAK\u00dcLTES\u0130<\/strong><\/td><td width=\"143\">\u00a0<\/td><td width=\"181\">\u00a0<\/td><td>\u00a0<\/td><\/tr><tr><td width=\"644\">G\u00d6RSEL \u0130LET\u0130\u015e\u0130M TASARIMI<\/td><td width=\"143\">4<\/td><td width=\"181\">30<\/td><td>\u00a0<\/td><\/tr><tr><td width=\"644\">M\u0130MARLIK<\/td><td width=\"143\">4<\/td><td width=\"181\">30<\/td><td>\u00a0<\/td><\/tr><tr><td width=\"644\"><strong>S\u0130YASAL B\u0130LG\u0130LER FAK\u00dcLTES\u0130<\/strong><\/td><td width=\"143\">\u00a0<\/td><td width=\"181\">\u00a0<\/td><td>\u00a0<\/td><\/tr><tr><td width=\"644\">\u00c7ALI\u015eMA EKONOM\u0130S\u0130 VE END\u00dcSTR\u0130 \u0130L\u0130\u015eK\u0130LER\u0130<\/td><td width=\"143\">4<\/td><td width=\"181\">50<\/td><td>\u00a0<\/td><\/tr><tr><td width=\"644\">EKONOMETR\u0130<\/td><td width=\"143\">4<\/td><td width=\"181\">25<\/td><td>\u00a0<\/td><\/tr><tr><td width=\"644\">\u0130KT\u0130SAT<\/td><td width=\"143\">4<\/td><td width=\"181\">50<\/td><td>\u00a0<\/td><\/tr><tr><td width=\"644\">\u0130SLAM \u0130KT\u0130SADI VE F\u0130NANS<\/td><td width=\"143\">4<\/td><td width=\"181\">30<\/td><td>\u00a0<\/td><\/tr><tr><td width=\"644\">MAL\u0130YE<\/td><td width=\"143\">4<\/td><td width=\"181\">50<\/td><td>\u00a0<\/td><\/tr><tr><td width=\"644\">S\u0130YASET B\u0130L\u0130M\u0130 VE KAMU Y\u00d6NET\u0130M\u0130<\/td><td width=\"143\">4<\/td><td width=\"181\">50<\/td><td>\u00a0<\/td><\/tr><tr><td width=\"644\">ULUSLARARASI \u0130L\u0130\u015eK\u0130LER<\/td><td width=\"143\">4<\/td><td width=\"181\">60<\/td><td>\u00a0<\/td><\/tr><tr><td width=\"644\"><strong>TIP FAK\u00dcLTES\u0130<\/strong><\/td><td width=\"143\">\u00a0<\/td><td width=\"181\">\u00a0<\/td><td>\u00a0<\/td><\/tr><tr><td width=\"644\">TIP<\/td><td width=\"143\">6<\/td><td width=\"181\">30<\/td><td>\u00a0<\/td><\/tr><tr><td width=\"644\"><strong>SAKARYA SA\u011eLIK H\u0130ZMETLER\u0130 MESLEK Y\u00dcKSEKOKULU<\/strong><\/td><td width=\"143\">\u00a0<\/td><td width=\"181\">\u00a0<\/td><td>\u00a0<\/td><\/tr><tr><td width=\"644\">A\u011eIZ VE D\u0130\u015e SA\u011eLI\u011eI<\/td><td width=\"143\">2<\/td><td width=\"181\">10<\/td><td>\u00a0<\/td><\/tr><tr><td width=\"644\">ANESTEZ\u0130<\/td><td width=\"143\">2<\/td><td width=\"181\">40<\/td><td>\u00a0<\/td><\/tr><tr><td width=\"644\">\u00c7OCUK GEL\u0130\u015e\u0130M\u0130<\/td><td width=\"143\">2<\/td><td width=\"181\">40<\/td><td>\u00a0<\/td><\/tr><tr><td width=\"644\">F\u0130ZYOTERAP\u0130<\/td><td width=\"143\">2<\/td><td width=\"181\">40<\/td><td>\u00a0<\/td><\/tr><tr><td width=\"644\">\u0130LK VE AC\u0130L YARDIM<\/td><td width=\"143\">2<\/td><td width=\"181\">40<\/td><td>\u00a0<\/td><\/tr><tr><td width=\"644\">OPT\u0130SYENL\u0130K<\/td><td width=\"143\">2<\/td><td width=\"181\">40<\/td><td>\u00a0<\/td><\/tr><tr><td width=\"644\">TIBB\u0130 DOK\u00dcMANTASYON VE SEKRETERL\u0130K<\/td><td width=\"143\">2<\/td><td width=\"181\">40<\/td><td>\u00a0<\/td><\/tr><tr><td width=\"644\">TIBB\u0130 LABORATUVAR TEKN\u0130KLER\u0130<\/td><td width=\"143\">2<\/td><td width=\"181\">40<\/td><td>\u00a0<\/td><\/tr><tr><td width=\"644\">YA\u015eLI BAKIMI<\/td><td width=\"143\">2<\/td><td width=\"181\">40<\/td><td>\u00a0<\/td><\/tr><tr><td colspan=\"4\" width=\"1092\"><span style=\"color: #ff0000;\">Do\u011fumla T\u00fcrk vatanda\u015f\u0131 olup da \u0130\u00e7i\u015fleri Bakanl\u0131\u011f\u0131\u2019ndan T\u00fcrk vatanda\u015fl\u0131\u011f\u0131ndan \u00e7\u0131kma izni almak suretiyle T\u00fcrk vatanda\u015fl\u0131\u011f\u0131n\u0131 kaybeden adaylar, T\u00fcrk vatanda\u015fl\u0131\u011f\u0131n\u0131 kaybedenlere talepleri halinde verilen mavi kart sahibi oldu\u011funu belgeleyen adaylar ile lise e\u011fitimlerini yurtd\u0131\u015f\u0131nda g\u00f6rm\u00fc\u015f (KKTC hari\u00e7) uyru\u011fundan biri T.C olan \u00e7ift uyruklu ve T.C uyru\u011funda bulunan adaylar i\u00e7in \u00d6\u011fretmenlik, Hukuk, Eczac\u0131l\u0131k, T\u0131p ve Di\u015f Hekimli\u011fi programlar\u0131na kay\u0131tta an\u0131lan programlar\u0131n kontenjan\u0131n %10\u2019unun a\u015f\u0131lmamas\u0131 gerekmektedir.<\/span><\/td><\/tr><tr><td colspan=\"4\" width=\"1092\"><strong>BAKINIZ TABLOSU VE KO\u015eULLAR<\/strong><\/td><\/tr><tr><td colspan=\"4\" width=\"1092\"><span style=\"color: #ff0000;\">Bkz 22; Bu programa kay\u0131t yapt\u0131ran ve yabanc\u0131 dil haz\u0131rl\u0131k s\u0131n\u0131f\u0131na devam etmesine ra\u011fmen haz\u0131rl\u0131k s\u0131n\u0131f\u0131n\u0131 iki y\u0131l i\u00e7inde ba\u015far\u0131yla tamamlayamayan \u00f6\u011frencilerin programdan ili\u015fi\u011fi kesilir.<\/span><\/td><\/tr><tr><td colspan=\"4\" width=\"1092\"><span style=\"color: #ff0000;\">\u00a0Bkz 23; \u00d6\u011fretim dili \u0130ngilizce&#8217;dir<\/span><\/td><\/tr><tr><td colspan=\"4\" width=\"1092\"><span style=\"color: #ff0000;\">Bkz 24; Program\u0131n \u00f6\u011fretim dilinde bir y\u0131l s\u00fcreli zorunlu Haz\u0131rl\u0131k Program\u0131 uygulan\u0131r, program\u0131n sonunda ilgili dilde yeterlik s\u0131nav\u0131n\u0131 ba\u015faranlar\u0131n do\u011frudan birinci s\u0131n\u0131fa kay\u0131tlar\u0131 yap\u0131l\u0131r.Haz\u0131rl\u0131k s\u0131n\u0131f\u0131, \u00f6\u011fretim s\u00fcresi s\u00fctununda g\u00f6sterilen y\u0131llara dahil de\u011fildir.<\/span><\/td><\/tr><tr><td colspan=\"4\" width=\"1092\"><span style=\"color: #ff0000;\">Bkz 31; Bu programa yaln\u0131z k\u0131z \u00f6\u011frenciler al\u0131nacakt\u0131r.<\/span><\/td><\/tr><tr><td colspan=\"4\" width=\"1092\"><span style=\"color: #ff0000;\">Bkz 128; Bu programdaki \u00f6\u011fretim dili en az %30 Almanca&#8217;d\u0131r<\/span><\/td><\/tr><tr><td colspan=\"4\" width=\"1092\"><span style=\"color: #ff0000;\">Bkz 152; Bu programdaki \u00f6\u011fretim dili en az %30 Arap\u00e7a&#8217;d\u0131r.<\/span><\/td><\/tr><\/tbody><\/table><\/li><\/ul>\t\t\t\t\t\t<\/div>\n\t\t\t\t<\/div>\n\t\t\t\t<div class=\"elementor-element elementor-element-72fa9069 elementor-widget elementor-widget-heading\" data-id=\"72fa9069\" data-element_type=\"widget\" data-widget_type=\"heading.default\">\n\t\t\t\t<div class=\"elementor-widget-container\">\n\t\t\t<style>\/*! elementor - v3.6.5 - 27-04-2022 *\/\n.elementor-heading-title{padding:0;margin:0;line-height:1}.elementor-widget-heading .elementor-heading-title[class*=elementor-size-]>a{color:inherit;font-size:inherit;line-height:inherit}.elementor-widget-heading .elementor-heading-title.elementor-size-small{font-size:15px}.elementor-widget-heading .elementor-heading-title.elementor-size-medium{font-size:19px}.elementor-widget-heading .elementor-heading-title.elementor-size-large{font-size:29px}.elementor-widget-heading .elementor-heading-title.elementor-size-xl{font-size:39px}.elementor-widget-heading .elementor-heading-title.elementor-size-xxl{font-size:59px}<\/style><h2 class=\"elementor-heading-title elementor-size-default\">Kontenjan Belirleme<\/h2>\t\t<\/div>\n\t\t\t\t<\/div>\n\t\t\t\t<section class=\"elementor-section elementor-inner-section elementor-element elementor-element-3f259812 elementor-section-boxed elementor-section-height-default elementor-section-height-default\" data-id=\"3f259812\" data-element_type=\"section\">\n\t\t\t\t\t\t<div class=\"elementor-container elementor-column-gap-default\">\n\t\t\t\t\t<div class=\"elementor-column elementor-col-100 elementor-inner-column elementor-element elementor-element-77e9d2b2\" data-id=\"77e9d2b2\" data-element_type=\"column\">\n\t\t\t<div class=\"elementor-widget-wrap elementor-element-populated\">\n\t\t\t\t\t\t\t\t<div class=\"elementor-element elementor-element-c329f70 elementor-widget elementor-widget-text-editor\" data-id=\"c329f70\" data-element_type=\"widget\" data-widget_type=\"text-editor.default\">\n\t\t\t\t<div class=\"elementor-widget-container\">\n\t\t\t\t\t\t\t<ul><li>2023-2024 Uluslararas\u0131 \u00d6\u011frenci Kontenjanlar\u0131<\/li><li><a href=\"https:\/\/studyatsau.sakarya.edu.tr\/wp-content\/uploads\/2022\/07\/22_23_Kontenjan.pdf\" target=\"_blank\" rel=\"noopener\">2022-2023 Uluslararas\u0131 \u00d6\u011frenci Kontenjanlar\u0131<\/a><\/li><li><a href=\"https:\/\/studyatsau.sakarya.edu.tr\/wp-content\/uploads\/2022\/05\/2021-2022_kontenjan.pdf\" target=\"_blank\" rel=\"noopener\">2021-2022 Uluslararas\u0131 \u00d6\u011frenci Kontenjanlar\u0131<\/a><\/li><li><a href=\"https:\/\/studyatsau.sakarya.edu.tr\/wp-content\/uploads\/2022\/05\/2020-2021_kontenjan.pdf\" target=\"_blank\" rel=\"noopener\">2020-2021 Uluslararas\u0131 \u00d6\u011frenci Kontenjanlar\u0131<\/a><\/li><li><a href=\"https:\/\/studyatsau.sakarya.edu.tr\/wp-content\/uploads\/2022\/05\/2019-2020_kontenjan.pdf\" target=\"_blank\" rel=\"noopener\">2019-2020 Uluslararas\u0131 \u00d6\u011frenci Kontenjanlar\u0131<\/a><\/li><\/ul>\t\t\t\t\t\t<\/div>\n\t\t\t\t<\/div>\n\t\t\t\t\t<\/div>\n\t\t<\/div>\n\t\t\t\t\t\t\t<\/div>\n\t\t<\/section>\n\t\t\t\t\t<\/div>\n\t\t<\/div>\n\t\t\t\t\t\t\t<\/div>\n\t\t<\/section>\n\t\t\t\t\t\t\t<\/div>\n\t\t","protected":false},"excerpt":{"rendered":"<p>Kontenjanlar; Y\u00fcksek\u00f6\u011fretim Kurulu Ba\u015fkanl\u0131\u011f\u0131 Yurtd\u0131\u015f\u0131ndan \u00d6\u011frenci Kabul\u00fcne \u0130li\u015fkin Esaslar\u0131 A-Genel \u0130lkeler 2\/b-c f\u0131kralar\u0131 gere\u011fi \u00dcniversite Senatosu karar\u0131 ile belirlenir ve Y\u00fcksek\u00f6\u011fretim Kurulu Ba\u015fkanl\u0131\u011f\u0131n\u0131n onay\u0131na sunulur. (Yurtd\u0131\u015f\u0131nda \u00f6\u011frenim g\u00f6ren TC Vatanda\u015flar\u0131, Uyru\u011fundan biri TC olan TC Vatanda\u015flar\u0131 ve Mavi Kartl\u0131 adaylar i\u00e7in ilgili madde gere\u011fi \u00d6\u011fretmenlik, Hukuk, T\u0131p ve Di\u015f Hekimli\u011fi programlar\u0131nda kontenjanlar\u0131n % 10\u2019unun a\u015f\u0131lamayaca\u011f\u0131&hellip;&nbsp;<a href=\"https:\/\/studyatsau.sakarya.edu.tr\/?page_id=293\" class=\"\" rel=\"bookmark\">Read More &raquo;<span class=\"screen-reader-text\">Kontenjanlar<\/span><\/a><\/p>\n","protected":false},"author":1,"featured_media":0,"parent":0,"menu_order":0,"comment_status":"closed","ping_status":"closed","template":"elementor_header_footer","meta":{"neve_meta_sidebar":"","neve_meta_container":"","neve_meta_enable_content_width":"","neve_meta_content_width":0,"neve_meta_title_alignment":"","neve_meta_author_avatar":"","neve_post_elements_order":"","neve_meta_disable_header":"","neve_meta_disable_footer":"","neve_meta_disable_title":""},"_links":{"self":[{"href":"https:\/\/studyatsau.sakarya.edu.tr\/index.php?rest_route=\/wp\/v2\/pages\/293"}],"collection":[{"href":"https:\/\/studyatsau.sakarya.edu.tr\/index.php?rest_route=\/wp\/v2\/pages"}],"about":[{"href":"https:\/\/studyatsau.sakarya.edu.tr\/index.php?rest_route=\/wp\/v2\/types\/page"}],"author":[{"embeddable":true,"href":"https:\/\/studyatsau.sakarya.edu.tr\/index.php?rest_route=\/wp\/v2\/users\/1"}],"replies":[{"embeddable":true,"href":"https:\/\/studyatsau.sakarya.edu.tr\/index.php?rest_route=%2Fwp%2Fv2%2Fcomments&post=293"}],"version-history":[{"count":58,"href":"https:\/\/studyatsau.sakarya.edu.tr\/index.php?rest_route=\/wp\/v2\/pages\/293\/revisions"}],"predecessor-version":[{"id":3229,"href":"https:\/\/studyatsau.sakarya.edu.tr\/index.php?rest_route=\/wp\/v2\/pages\/293\/revisions\/3229"}],"wp:attachment":[{"href":"https:\/\/studyatsau.sakarya.edu.tr\/index.php?rest_route=%2Fwp%2Fv2%2Fmedia&parent=293"}],"curies":[{"name":"wp","href":"https:\/\/api.w.org\/{rel}","templated":true}]}}