{"id":357,"date":"2022-05-24T07:52:13","date_gmt":"2022-05-24T04:52:13","guid":{"rendered":"https:\/\/studyatsau.sakarya.edu.tr\/?page_id=357"},"modified":"2022-05-24T07:54:35","modified_gmt":"2022-05-24T04:54:35","slug":"kampuste-yasam","status":"publish","type":"page","link":"https:\/\/studyatsau.sakarya.edu.tr\/?page_id=357","title":{"rendered":"Kamp\u00fcste Ya\u015fam"},"content":{"rendered":"\t\t<div data-elementor-type=\"wp-page\" data-elementor-id=\"357\" class=\"elementor elementor-357\">\n\t\t\t\t\t\t\t\t\t<section class=\"elementor-section elementor-top-section elementor-element elementor-element-60cff9dd elementor-section-boxed elementor-section-height-default elementor-section-height-default\" data-id=\"60cff9dd\" data-element_type=\"section\" data-settings=\"{&quot;background_background&quot;:&quot;classic&quot;}\">\n\t\t\t\t\t\t<div class=\"elementor-container elementor-column-gap-default\">\n\t\t\t\t\t<div class=\"elementor-column elementor-col-100 elementor-top-column elementor-element elementor-element-6226a71b\" data-id=\"6226a71b\" data-element_type=\"column\">\n\t\t\t<div class=\"elementor-widget-wrap elementor-element-populated\">\n\t\t\t\t\t\t\t\t<div class=\"elementor-element elementor-element-34987795 elementor-widget elementor-widget-heading\" data-id=\"34987795\" data-element_type=\"widget\" data-widget_type=\"heading.default\">\n\t\t\t\t<div class=\"elementor-widget-container\">\n\t\t\t<style>\/*! elementor - v3.6.5 - 27-04-2022 *\/\n.elementor-heading-title{padding:0;margin:0;line-height:1}.elementor-widget-heading .elementor-heading-title[class*=elementor-size-]>a{color:inherit;font-size:inherit;line-height:inherit}.elementor-widget-heading .elementor-heading-title.elementor-size-small{font-size:15px}.elementor-widget-heading .elementor-heading-title.elementor-size-medium{font-size:19px}.elementor-widget-heading .elementor-heading-title.elementor-size-large{font-size:29px}.elementor-widget-heading .elementor-heading-title.elementor-size-xl{font-size:39px}.elementor-widget-heading .elementor-heading-title.elementor-size-xxl{font-size:59px}<\/style><h2 class=\"elementor-heading-title elementor-size-default\">Kamp\u00fcste Ya\u015fam<\/h2>\t\t<\/div>\n\t\t\t\t<\/div>\n\t\t\t\t<section class=\"elementor-section elementor-inner-section elementor-element elementor-element-3484711c elementor-section-boxed elementor-section-height-default elementor-section-height-default\" data-id=\"3484711c\" data-element_type=\"section\">\n\t\t\t\t\t\t<div class=\"elementor-container elementor-column-gap-default\">\n\t\t\t\t\t<div class=\"elementor-column elementor-col-50 elementor-inner-column elementor-element elementor-element-5ab329bf\" data-id=\"5ab329bf\" data-element_type=\"column\">\n\t\t\t<div class=\"elementor-widget-wrap elementor-element-populated\">\n\t\t\t\t\t\t\t\t<div class=\"elementor-element elementor-element-13e529fa elementor-widget elementor-widget-text-editor\" data-id=\"13e529fa\" data-element_type=\"widget\" data-widget_type=\"text-editor.default\">\n\t\t\t\t<div class=\"elementor-widget-container\">\n\t\t\t<style>\/*! elementor - v3.6.5 - 27-04-2022 *\/\n.elementor-widget-text-editor.elementor-drop-cap-view-stacked .elementor-drop-cap{background-color:#818a91;color:#fff}.elementor-widget-text-editor.elementor-drop-cap-view-framed .elementor-drop-cap{color:#818a91;border:3px solid;background-color:transparent}.elementor-widget-text-editor:not(.elementor-drop-cap-view-default) .elementor-drop-cap{margin-top:8px}.elementor-widget-text-editor:not(.elementor-drop-cap-view-default) .elementor-drop-cap-letter{width:1em;height:1em}.elementor-widget-text-editor .elementor-drop-cap{float:left;text-align:center;line-height:1;font-size:50px}.elementor-widget-text-editor .elementor-drop-cap-letter{display:inline-block}<\/style>\t\t\t\t<ul style=\"padding-left: var(--listPad,0); list-style: var(--listStyle,none); color: rgb(26, 23, 22); font-size: 15px; text-align: justify;\"><li><strong>Sosyal Ya\u015fam<\/strong><\/li><li><span style=\"color: rgb(51, 51, 153);\"><a href=\"http:\/\/isletmeler.sakarya.edu.tr\/tr\" target=\"_blank\" rel=\"noopener\" style=\"--linkDeco:none; color: rgb(51, 51, 153);\">Yemekhane ve Kafeteryalar<\/a><\/span><\/li><li><span style=\"color: rgb(51, 51, 153);\"><a href=\"http:\/\/kutuphane.sakarya.edu.tr\/\" target=\"_blank\" rel=\"noopener\" style=\"--linkDeco:none; color: rgb(51, 51, 153);\">K\u00fct\u00fcphane<\/a><\/span><\/li><li><span style=\"color: rgb(51, 51, 153);\"><a href=\"http:\/\/yurt.sakarya.edu.tr\/\" target=\"_blank\" rel=\"noopener\" style=\"--linkDeco:none; color: rgb(51, 51, 153);\">Esentepe \u00d6\u011frenci Yurtlar\u0131<\/a><\/span><\/li><\/ul><div style=\"color: rgb(26, 23, 22); font-size: 15px; text-align: justify;\">&nbsp;<\/div><ul style=\"padding-left: var(--listPad,0); list-style: var(--listStyle,none); color: rgb(26, 23, 22); font-size: 15px; text-align: justify;\"><li><strong>Tesis ve Hizmetler<\/strong><\/li><li><span style=\"color: rgb(51, 51, 153);\"><a href=\"https:\/\/www.sakarya.edu.tr\/kultur-ve-kongre-merkezi-s99.html\" target=\"_blank\" rel=\"noopener\" style=\"--linkDeco:none; color: rgb(51, 51, 153);\">K\u00fclt\u00fcr ve Kongre Merkezi<\/a><\/span><\/li><li><span style=\"color: rgb(51, 51, 153);\"><a href=\"http:\/\/sausem.sakarya.edu.tr\/\" target=\"_blank\" rel=\"noopener\" style=\"--linkDeco:none; color: rgb(51, 51, 153);\">S\u00fcrekli E\u011fitim Merkezi<\/a><\/span><\/li><li><span style=\"color: rgb(51, 51, 153);\"><a href=\"http:\/\/mediko.sakarya.edu.tr\/\" target=\"_blank\" rel=\"noopener\" style=\"--linkDeco:none; color: rgb(51, 51, 153);\">Mediko Sosyal Merkezi<\/a><\/span><\/li><li><span style=\"color: rgb(51, 51, 153);\"><a href=\"http:\/\/spor.sakarya.edu.tr\/tr\" target=\"_blank\" rel=\"noopener\" style=\"--linkDeco:none; color: rgb(51, 51, 153);\">Spor Tesisleri<\/a><\/span><\/li><\/ul><div style=\"color: rgb(26, 23, 22); font-size: 15px; text-align: justify;\">&nbsp;<\/div><ul style=\"padding-left: var(--listPad,0); list-style: var(--listStyle,none); color: rgb(26, 23, 22); font-size: 15px; text-align: justify;\"><li><strong style=\"font-family: var( --e-global-typography-text-font-family ), Sans-serif; font-size: var(--bodyFontSize); letter-spacing: var(--bodyLetterSpacing); text-transform: var(--bodyTextTransform);\">\u00d6\u011frenci Topluluklar\u0131<\/strong><\/li><li><span style=\"color: rgb(51, 51, 153);\"><a href=\"http:\/\/kultur.sakarya.edu.tr\/tr\/icerik\/12781\/57619\/ogrenci-topluklari-nasil-kurulur\" target=\"_blank\" rel=\"noopener\" style=\"--linkDeco:none; color: rgb(51, 51, 153);\">\u00d6\u011frenci Topluluklar\u0131<\/a><\/span><\/li><li><span style=\"color: rgb(51, 51, 153);\"><a href=\"https:\/\/kultur.sakarya.edu.tr\/tr\/icerik\/21169\/110291\/uluslararasi-ogrenci-topluluklari\" target=\"_blank\" rel=\"noopener\" style=\"--linkDeco:none; color: rgb(51, 51, 153);\">Uluslararas\u0131 \u00d6\u011frenci Topluluklar\u0131<\/a><\/span><\/li><\/ul>\t\t\t\t\t\t<\/div>\n\t\t\t\t<\/div>\n\t\t\t\t\t<\/div>\n\t\t<\/div>\n\t\t\t\t<div class=\"elementor-column elementor-col-50 elementor-inner-column elementor-element elementor-element-295e792c\" data-id=\"295e792c\" data-element_type=\"column\">\n\t\t\t<div class=\"elementor-widget-wrap elementor-element-populated\">\n\t\t\t\t\t\t\t\t<div class=\"elementor-element elementor-element-18aabdee elementor-widget elementor-widget-image\" data-id=\"18aabdee\" data-element_type=\"widget\" data-widget_type=\"image.default\">\n\t\t\t\t<div class=\"elementor-widget-container\">\n\t\t\t<style>\/*! elementor - v3.6.5 - 27-04-2022 *\/\n.elementor-widget-image{text-align:center}.elementor-widget-image a{display:inline-block}.elementor-widget-image a img[src$=\".svg\"]{width:48px}.elementor-widget-image img{vertical-align:middle;display:inline-block}<\/style>\t\t\t\t\t\t\t\t\t\t\t\t<img width=\"800\" height=\"532\" src=\"https:\/\/studyatsau.sakarya.edu.tr\/wp-content\/uploads\/2022\/05\/stu_1.jpg\" class=\"attachment-large size-large\" alt=\"\" loading=\"lazy\" srcset=\"https:\/\/studyatsau.sakarya.edu.tr\/wp-content\/uploads\/2022\/05\/stu_1.jpg 800w, https:\/\/studyatsau.sakarya.edu.tr\/wp-content\/uploads\/2022\/05\/stu_1-300x200.jpg 300w, https:\/\/studyatsau.sakarya.edu.tr\/wp-content\/uploads\/2022\/05\/stu_1-768x511.jpg 768w\" sizes=\"(max-width: 800px) 100vw, 800px\" \/>\t\t\t\t\t\t\t\t\t\t\t\t\t\t\t<\/div>\n\t\t\t\t<\/div>\n\t\t\t\t\t<\/div>\n\t\t<\/div>\n\t\t\t\t\t\t\t<\/div>\n\t\t<\/section>\n\t\t\t\t\t<\/div>\n\t\t<\/div>\n\t\t\t\t\t\t\t<\/div>\n\t\t<\/section>\n\t\t\t\t\t\t\t<\/div>\n\t\t","protected":false},"excerpt":{"rendered":"<p>Kamp\u00fcste Ya\u015fam Sosyal Ya\u015fam Yemekhane ve Kafeteryalar K\u00fct\u00fcphane Esentepe \u00d6\u011frenci Yurtlar\u0131 &nbsp; Tesis ve Hizmetler K\u00fclt\u00fcr ve Kongre Merkezi S\u00fcrekli E\u011fitim Merkezi Mediko Sosyal Merkezi Spor Tesisleri &nbsp; \u00d6\u011frenci Topluluklar\u0131 \u00d6\u011frenci Topluluklar\u0131 Uluslararas\u0131 \u00d6\u011frenci Topluluklar\u0131<\/p>\n","protected":false},"author":1,"featured_media":0,"parent":0,"menu_order":0,"comment_status":"closed","ping_status":"closed","template":"elementor_header_footer","meta":{"neve_meta_sidebar":"","neve_meta_container":"","neve_meta_enable_content_width":"","neve_meta_content_width":0,"neve_meta_title_alignment":"","neve_meta_author_avatar":"","neve_post_elements_order":"","neve_meta_disable_header":"","neve_meta_disable_footer":"","neve_meta_disable_title":""},"_links":{"self":[{"href":"https:\/\/studyatsau.sakarya.edu.tr\/index.php?rest_route=\/wp\/v2\/pages\/357"}],"collection":[{"href":"https:\/\/studyatsau.sakarya.edu.tr\/index.php?rest_route=\/wp\/v2\/pages"}],"about":[{"href":"https:\/\/studyatsau.sakarya.edu.tr\/index.php?rest_route=\/wp\/v2\/types\/page"}],"author":[{"embeddable":true,"href":"https:\/\/studyatsau.sakarya.edu.tr\/index.php?rest_route=\/wp\/v2\/users\/1"}],"replies":[{"embeddable":true,"href":"https:\/\/studyatsau.sakarya.edu.tr\/index.php?rest_route=%2Fwp%2Fv2%2Fcomments&post=357"}],"version-history":[{"count":4,"href":"https:\/\/studyatsau.sakarya.edu.tr\/index.php?rest_route=\/wp\/v2\/pages\/357\/revisions"}],"predecessor-version":[{"id":363,"href":"https:\/\/studyatsau.sakarya.edu.tr\/index.php?rest_route=\/wp\/v2\/pages\/357\/revisions\/363"}],"wp:attachment":[{"href":"https:\/\/studyatsau.sakarya.edu.tr\/index.php?rest_route=%2Fwp%2Fv2%2Fmedia&parent=357"}],"curies":[{"name":"wp","href":"https:\/\/api.w.org\/{rel}","templated":true}]}}