{"id":380,"date":"2022-05-24T08:05:08","date_gmt":"2022-05-24T05:05:08","guid":{"rendered":"https:\/\/studyatsau.sakarya.edu.tr\/?page_id=380"},"modified":"2022-05-24T08:10:10","modified_gmt":"2022-05-24T05:10:10","slug":"yabanci-dil-yeterlik-duzeyleri","status":"publish","type":"page","link":"https:\/\/studyatsau.sakarya.edu.tr\/?page_id=380","title":{"rendered":"Yabanc\u0131 Dil Yeterlik D\u00fczeyleri"},"content":{"rendered":"\t\t<div data-elementor-type=\"wp-page\" data-elementor-id=\"380\" class=\"elementor elementor-380\">\n\t\t\t\t\t\t\t\t\t<section class=\"elementor-section elementor-top-section elementor-element elementor-element-590d749b elementor-section-boxed elementor-section-height-default elementor-section-height-default\" data-id=\"590d749b\" data-element_type=\"section\" data-settings=\"{&quot;background_background&quot;:&quot;classic&quot;}\">\n\t\t\t\t\t\t<div class=\"elementor-container elementor-column-gap-default\">\n\t\t\t\t\t<div class=\"elementor-column elementor-col-100 elementor-top-column elementor-element elementor-element-30db617e\" data-id=\"30db617e\" data-element_type=\"column\">\n\t\t\t<div class=\"elementor-widget-wrap elementor-element-populated\">\n\t\t\t\t\t\t\t\t<div class=\"elementor-element elementor-element-299412f4 elementor-widget elementor-widget-heading\" data-id=\"299412f4\" data-element_type=\"widget\" data-widget_type=\"heading.default\">\n\t\t\t\t<div class=\"elementor-widget-container\">\n\t\t\t<style>\/*! elementor - v3.6.5 - 27-04-2022 *\/\n.elementor-heading-title{padding:0;margin:0;line-height:1}.elementor-widget-heading .elementor-heading-title[class*=elementor-size-]>a{color:inherit;font-size:inherit;line-height:inherit}.elementor-widget-heading .elementor-heading-title.elementor-size-small{font-size:15px}.elementor-widget-heading .elementor-heading-title.elementor-size-medium{font-size:19px}.elementor-widget-heading .elementor-heading-title.elementor-size-large{font-size:29px}.elementor-widget-heading .elementor-heading-title.elementor-size-xl{font-size:39px}.elementor-widget-heading .elementor-heading-title.elementor-size-xxl{font-size:59px}<\/style><h2 class=\"elementor-heading-title elementor-size-default\">Yabanc\u0131 Dil Yeterlik D\u00fczeyleri<\/h2>\t\t<\/div>\n\t\t\t\t<\/div>\n\t\t\t\t<section class=\"elementor-section elementor-inner-section elementor-element elementor-element-63d4cbb8 elementor-section-boxed elementor-section-height-default elementor-section-height-default\" data-id=\"63d4cbb8\" data-element_type=\"section\">\n\t\t\t\t\t\t<div class=\"elementor-container elementor-column-gap-default\">\n\t\t\t\t\t<div class=\"elementor-column elementor-col-100 elementor-inner-column elementor-element elementor-element-6cfb6412\" data-id=\"6cfb6412\" data-element_type=\"column\">\n\t\t\t<div class=\"elementor-widget-wrap elementor-element-populated\">\n\t\t\t\t\t\t\t\t<div class=\"elementor-element elementor-element-3ee96268 elementor-widget elementor-widget-text-editor\" data-id=\"3ee96268\" data-element_type=\"widget\" data-widget_type=\"text-editor.default\">\n\t\t\t\t<div class=\"elementor-widget-container\">\n\t\t\t<style>\/*! elementor - v3.6.5 - 27-04-2022 *\/\n.elementor-widget-text-editor.elementor-drop-cap-view-stacked .elementor-drop-cap{background-color:#818a91;color:#fff}.elementor-widget-text-editor.elementor-drop-cap-view-framed .elementor-drop-cap{color:#818a91;border:3px solid;background-color:transparent}.elementor-widget-text-editor:not(.elementor-drop-cap-view-default) .elementor-drop-cap{margin-top:8px}.elementor-widget-text-editor:not(.elementor-drop-cap-view-default) .elementor-drop-cap-letter{width:1em;height:1em}.elementor-widget-text-editor .elementor-drop-cap{float:left;text-align:center;line-height:1;font-size:50px}.elementor-widget-text-editor .elementor-drop-cap-letter{display:inline-block}<\/style>\t\t\t\t<p style=\"text-align: center;\">(\u0130ngilizce-Almanca-Arap\u00e7a)<\/p>\n<p>K\u0131smen veya tamamen yabanc\u0131 dilde \u00f6\u011fretim yapan programlar i\u00e7in<\/p>\n<ul>\n<li>Y\u00fcksek\u00f6\u011fretim Kurulu Ba\u015fkanl\u0131\u011f\u0131n\u0131n Y\u00fcksek\u00f6\u011fretim Kurumlar\u0131nda Yabanc\u0131 Dil \u00d6\u011fretimi Ve<\/li>\n<li>Yabanc\u0131 Dille \u00d6\u011fretim Yap\u0131lmas\u0131nda Uyulacak Esaslara \u0130li\u015fkin Y\u00f6netmelik<\/li>\n<li>Sakarya \u00dcniversitesi \u00d6n Lisans ve Lisans E\u011fitim-\u00d6\u011fretim ve S\u0131nav Y\u00f6netmeli\u011fi 24. Maddesi<\/li>\n<li>Sakarya \u00dcniversitesi Yabanc\u0131 Dil Haz\u0131rl\u0131k S\u0131n\u0131flar\u0131 E\u011fitim-\u00d6\u011fretim Ve S\u0131nav Y\u00f6nergesi h\u00fck\u00fcmleri uygulan\u0131r.<\/li>\n<\/ul>\n<p>\u00a0<\/p>\n<p>T\u00fcrk\u00e7e d\u0131\u015f\u0131nda dil haz\u0131rl\u0131\u011f\u0131 zorunlu olan programlara yerle\u015ftirilen \u00f6\u011frenciler, her d\u00f6nem ba\u015flamadan \u00f6nce a\u00e7\u0131lacak yeterlilik s\u0131navlar\u0131na girebilirler. D\u00f6nem ba\u015flad\u0131ktan sonra yeterlilik s\u0131nav\u0131na girmek isteyen \u00f6\u011frencilere Yabanc\u0131 Diller Y\u00fcksekokulunun uygun g\u00f6rmesi durumunda s\u0131nav hakk\u0131 verilir.<\/p>\n<p>\u0130ngilizce \u00d6\u011fretmenli\u011fi ve \u0130ngilizce M\u00fctercim ve Terc\u00fcmanl\u0131k Programlar\u0131na ba\u015fvuru yapacak adaylar\u0131n a\u015fa\u011f\u0131daki s\u0131nav sonu\u00e7lar\u0131ndan birine sahip olmas\u0131 veya en az son \u00fc\u00e7 y\u0131l\u0131nda, \u00f6\u011fretim dili olarak belirlenen yabanc\u0131 dilin ana dili olarak konu\u015fuldu\u011fu bir \u00fclkede o \u00fclke vatanda\u015flar\u0131n\u0131n devam etti\u011fi orta\u00f6\u011fretim kurumlar\u0131nda e\u011fitim g\u00f6r\u00fcp orta\u00f6\u011fretimini bu kurumlarda tamamlam\u0131\u015f olmas\u0131 gerekmektedir.<\/p>\n<p>TOEFL IBT: 90 (120 puan \u00fczerinden, ge\u00e7erlilik s\u00fcresi 2 y\u0131l)<\/p>\n<p>PTE Akademik: 75 (90 puan \u00fczerinden, ge\u00e7erlilik s\u00fcresi 2 y\u0131l)<\/p>\n<p>IELTS : 6.5 (9 puan \u00fczerinden, ge\u00e7erlilik s\u00fcresi 2 y\u0131l)<\/p>\n<p><span style=\"text-decoration: underline;\">Yabanc\u0131 Dil Seviye Tespit ve Yeterlilik S\u0131nav\u0131ndan Muaf Olanlar<\/span><\/p>\n<p>En az son \u00fc\u00e7 y\u0131l\u0131nda, \u00f6\u011fretim dili olarak belirlenen yabanc\u0131 dilin ana dili olarak konu\u015fuldu\u011fu bir \u00fclkede o \u00fclke vatanda\u015flar\u0131n\u0131n devam etti\u011fi orta\u00f6\u011fretim kurumlar\u0131nda e\u011fitim g\u00f6r\u00fcp orta\u00f6\u011fretimini bu kurumlarda tamamlayanlar<\/p>\n<p>569 Say\u0131l\u0131 Kanun ile haz\u0131rl\u0131k \u00f6\u011frenim s\u00fcreleri 2 y\u0131l olarak belirlenmi\u015ftir. T\u00fcm haz\u0131rl\u0131k \u00f6\u011freniminin (T\u00fcrk\u00e7e ve \u0130ngilizce\/Almanca\/Arap\u00e7a) belirlenen s\u00fcre i\u00e7erisinde tamamlanmas\u0131 gerekmektedir. Bu s\u00fcreler i\u00e7inde haz\u0131rl\u0131k \u00f6\u011freniminde ba\u015far\u0131l\u0131 olamayanlar\u0131n kay\u0131tlar\u0131 silinir.<\/p>\t\t\t\t\t\t<\/div>\n\t\t\t\t<\/div>\n\t\t\t\t\t<\/div>\n\t\t<\/div>\n\t\t\t\t\t\t\t<\/div>\n\t\t<\/section>\n\t\t\t\t\t<\/div>\n\t\t<\/div>\n\t\t\t\t\t\t\t<\/div>\n\t\t<\/section>\n\t\t\t\t\t\t\t<\/div>\n\t\t","protected":false},"excerpt":{"rendered":"<p>Yabanc\u0131 Dil Yeterlik D\u00fczeyleri (\u0130ngilizce-Almanca-Arap\u00e7a) K\u0131smen veya tamamen yabanc\u0131 dilde \u00f6\u011fretim yapan programlar i\u00e7in Y\u00fcksek\u00f6\u011fretim Kurulu Ba\u015fkanl\u0131\u011f\u0131n\u0131n Y\u00fcksek\u00f6\u011fretim Kurumlar\u0131nda Yabanc\u0131 Dil \u00d6\u011fretimi Ve Yabanc\u0131 Dille \u00d6\u011fretim Yap\u0131lmas\u0131nda Uyulacak Esaslara \u0130li\u015fkin Y\u00f6netmelik Sakarya \u00dcniversitesi \u00d6n Lisans ve Lisans E\u011fitim-\u00d6\u011fretim ve S\u0131nav Y\u00f6netmeli\u011fi 24. Maddesi Sakarya \u00dcniversitesi Yabanc\u0131 Dil Haz\u0131rl\u0131k S\u0131n\u0131flar\u0131 E\u011fitim-\u00d6\u011fretim Ve S\u0131nav Y\u00f6nergesi h\u00fck\u00fcmleri uygulan\u0131r.&hellip;&nbsp;<a href=\"https:\/\/studyatsau.sakarya.edu.tr\/?page_id=380\" class=\"\" rel=\"bookmark\">Read More &raquo;<span class=\"screen-reader-text\">Yabanc\u0131 Dil Yeterlik D\u00fczeyleri<\/span><\/a><\/p>\n","protected":false},"author":1,"featured_media":0,"parent":0,"menu_order":0,"comment_status":"closed","ping_status":"closed","template":"elementor_header_footer","meta":{"neve_meta_sidebar":"","neve_meta_container":"","neve_meta_enable_content_width":"","neve_meta_content_width":0,"neve_meta_title_alignment":"","neve_meta_author_avatar":"","neve_post_elements_order":"","neve_meta_disable_header":"","neve_meta_disable_footer":"","neve_meta_disable_title":""},"_links":{"self":[{"href":"https:\/\/studyatsau.sakarya.edu.tr\/index.php?rest_route=\/wp\/v2\/pages\/380"}],"collection":[{"href":"https:\/\/studyatsau.sakarya.edu.tr\/index.php?rest_route=\/wp\/v2\/pages"}],"about":[{"href":"https:\/\/studyatsau.sakarya.edu.tr\/index.php?rest_route=\/wp\/v2\/types\/page"}],"author":[{"embeddable":true,"href":"https:\/\/studyatsau.sakarya.edu.tr\/index.php?rest_route=\/wp\/v2\/users\/1"}],"replies":[{"embeddable":true,"href":"https:\/\/studyatsau.sakarya.edu.tr\/index.php?rest_route=%2Fwp%2Fv2%2Fcomments&post=380"}],"version-history":[{"count":4,"href":"https:\/\/studyatsau.sakarya.edu.tr\/index.php?rest_route=\/wp\/v2\/pages\/380\/revisions"}],"predecessor-version":[{"id":385,"href":"https:\/\/studyatsau.sakarya.edu.tr\/index.php?rest_route=\/wp\/v2\/pages\/380\/revisions\/385"}],"wp:attachment":[{"href":"https:\/\/studyatsau.sakarya.edu.tr\/index.php?rest_route=%2Fwp%2Fv2%2Fmedia&parent=380"}],"curies":[{"name":"wp","href":"https:\/\/api.w.org\/{rel}","templated":true}]}}