{"id":396,"date":"2022-05-24T08:17:34","date_gmt":"2022-05-24T05:17:34","guid":{"rendered":"https:\/\/studyatsau.sakarya.edu.tr\/?page_id=396"},"modified":"2022-05-24T08:19:35","modified_gmt":"2022-05-24T05:19:35","slug":"uluslararasi-ogrencilerin-yukumlulukleri","status":"publish","type":"page","link":"https:\/\/studyatsau.sakarya.edu.tr\/?page_id=396","title":{"rendered":"Uluslararas\u0131 \u00d6\u011frencilerin Y\u00fck\u00fcml\u00fcl\u00fckleri"},"content":{"rendered":"\t\t<div data-elementor-type=\"wp-page\" data-elementor-id=\"396\" class=\"elementor elementor-396\">\n\t\t\t\t\t\t\t\t\t<section class=\"elementor-section elementor-top-section elementor-element elementor-element-5612ecc4 elementor-section-boxed elementor-section-height-default elementor-section-height-default\" data-id=\"5612ecc4\" data-element_type=\"section\" data-settings=\"{&quot;background_background&quot;:&quot;classic&quot;}\">\n\t\t\t\t\t\t<div class=\"elementor-container elementor-column-gap-default\">\n\t\t\t\t\t<div class=\"elementor-column elementor-col-100 elementor-top-column elementor-element elementor-element-7a41d3fd\" data-id=\"7a41d3fd\" data-element_type=\"column\">\n\t\t\t<div class=\"elementor-widget-wrap elementor-element-populated\">\n\t\t\t\t\t\t\t\t<div class=\"elementor-element elementor-element-112c8951 elementor-widget elementor-widget-heading\" data-id=\"112c8951\" data-element_type=\"widget\" data-widget_type=\"heading.default\">\n\t\t\t\t<div class=\"elementor-widget-container\">\n\t\t\t<style>\/*! elementor - v3.6.5 - 27-04-2022 *\/\n.elementor-heading-title{padding:0;margin:0;line-height:1}.elementor-widget-heading .elementor-heading-title[class*=elementor-size-]>a{color:inherit;font-size:inherit;line-height:inherit}.elementor-widget-heading .elementor-heading-title.elementor-size-small{font-size:15px}.elementor-widget-heading .elementor-heading-title.elementor-size-medium{font-size:19px}.elementor-widget-heading .elementor-heading-title.elementor-size-large{font-size:29px}.elementor-widget-heading .elementor-heading-title.elementor-size-xl{font-size:39px}.elementor-widget-heading .elementor-heading-title.elementor-size-xxl{font-size:59px}<\/style><h2 class=\"elementor-heading-title elementor-size-default\">Uluslararas\u0131 \u00d6\u011frencilerin Y\u00fck\u00fcml\u00fcl\u00fckleri<\/h2>\t\t<\/div>\n\t\t\t\t<\/div>\n\t\t\t\t<section class=\"elementor-section elementor-inner-section elementor-element elementor-element-72047b62 elementor-section-boxed elementor-section-height-default elementor-section-height-default\" data-id=\"72047b62\" data-element_type=\"section\">\n\t\t\t\t\t\t<div class=\"elementor-container elementor-column-gap-default\">\n\t\t\t\t\t<div class=\"elementor-column elementor-col-100 elementor-inner-column elementor-element elementor-element-64a934d1\" data-id=\"64a934d1\" data-element_type=\"column\">\n\t\t\t<div class=\"elementor-widget-wrap elementor-element-populated\">\n\t\t\t\t\t\t\t\t<div class=\"elementor-element elementor-element-301041b7 elementor-widget elementor-widget-text-editor\" data-id=\"301041b7\" data-element_type=\"widget\" data-widget_type=\"text-editor.default\">\n\t\t\t\t<div class=\"elementor-widget-container\">\n\t\t\t<style>\/*! elementor - v3.6.5 - 27-04-2022 *\/\n.elementor-widget-text-editor.elementor-drop-cap-view-stacked .elementor-drop-cap{background-color:#818a91;color:#fff}.elementor-widget-text-editor.elementor-drop-cap-view-framed .elementor-drop-cap{color:#818a91;border:3px solid;background-color:transparent}.elementor-widget-text-editor:not(.elementor-drop-cap-view-default) .elementor-drop-cap{margin-top:8px}.elementor-widget-text-editor:not(.elementor-drop-cap-view-default) .elementor-drop-cap-letter{width:1em;height:1em}.elementor-widget-text-editor .elementor-drop-cap{float:left;text-align:center;line-height:1;font-size:50px}.elementor-widget-text-editor .elementor-drop-cap-letter{display:inline-block}<\/style>\t\t\t\t<p>1) \u00d6\u011frencinin \u00fcniversite e-maili, Uluslararas\u0131 \u00d6\u011frenci Merkezi internet sitesi ve sosyal medya hesaplar\u0131, \u00fcniversitenin uluslararas\u0131 \u00f6\u011frenciler ile ileti\u015fim ve tebli\u011f kanallar\u0131d\u0131r. \u00d6\u011frenciler bu kanallardan herhangi biri arac\u0131l\u0131\u011f\u0131yla yap\u0131lan t\u00fcm duyuru ve bilgilendirmelerden sorumludurlar.<\/p>\n<p>2) \u00d6\u011frenciler kabul edildikleri programa ilk kay\u0131t yapt\u0131rd\u0131klar\u0131 tarihten itibaren \u00fc\u00e7 ay i\u00e7erisinde Sosyal G\u00fcvenlik Kurumuna genel sa\u011fl\u0131k sigortas\u0131 ba\u015fvurusunda bulunabilirler. Bu s\u00fcre i\u00e7erisinde Sosyal G\u00fcvenlik Kurumuna ba\u015fvuruda bulunmayan \u00f6\u011frenciler i\u00e7in \u00f6\u011frenimleri s\u00fcresince bir daha Genel Sa\u011fl\u0131k Sigortas\u0131 tescili yap\u0131lmaz.<\/p>\n<p>3) T\u00fcrk Kanunlar\u0131na g\u00f6re gerekli i\u015flemleri yapmak ve belgeleri almakla y\u00fck\u00fcml\u00fcd\u00fcrler (Yabanc\u0131 Uyruklu Kimlik Numaras\u0131 vb.),<\/p>\n<p>4) \u0130kamet izni almakla y\u00fck\u00fcml\u00fcd\u00fcrler (\u00f6\u011frenim vizesi ile giri\u015f yapt\u0131\u011f\u0131 tarihten itibaren 1 ay i\u00e7erisinde),<\/p>\n<p>5) Aktif \u00f6\u011frenci olmak i\u00e7in kay\u0131t yenilemek veya Sakarya T\u00d6MER\u2019de \u00f6\u011frenim g\u00f6rmek gerekmektedir. Aktif olmayan \u00f6\u011frencilerin ikamet izinleri iptal edilmektedir.<\/p>\n<p>6) \u00d6\u011frenim durumlar\u0131ndaki de\u011fi\u015fiklikleri (Fak\u00fclte, B\u00f6l\u00fcm de\u011fi\u015fikli\u011fi vb) \u0130l G\u00f6\u00e7 \u0130daresi M\u00fcd\u00fcrl\u00fc\u011f\u00fc\u2019ne s\u00fcresi i\u00e7inde bildirmekle y\u00fck\u00fcml\u00fcd\u00fcrler,<\/p>\n<p>7) \u015eahsi, medeni ve \u00f6\u011frenim durumlar\u0131yla ilgili de\u011fi\u015fiklikleri en ge\u00e7 10 g\u00fcn i\u00e7inde \u0130l G\u00f6\u00e7 \u0130daresi M\u00fcd\u00fcrl\u00fc\u011f\u00fc ve Uluslararas\u0131 \u00d6\u011frenci Ofisine bildirmekle y\u00fck\u00fcml\u00fcd\u00fcrler,<\/p>\n<p>8) \u00d6\u011frenim s\u00fcresince ikametlerini uzatmak istedikleri takdirde, ikamet izin belgelerinde yaz\u0131l\u0131 m\u00fcddetin sona ermesinden 60 g\u00fcn \u00f6nce ya da son g\u00fcne kadar, \u00f6\u011frenimlerine devam ettiklerini belgelemek kayd\u0131yla, mahalli \u0130l G\u00f6\u00e7 \u0130daresi M\u00fcd\u00fcrl\u00fc\u011f\u00fcnden yenisini almakla y\u00fck\u00fcml\u00fcd\u00fcrler,<\/p>\n<p>9) \u0130kamet izin belgelerinde veya pasaportlar\u0131n\u0131 kaybetmeleri durumunda ilgili makamlara derhal m\u00fcracaat ederek 10 g\u00fcn i\u00e7inde yenisini almakla y\u00fck\u00fcml\u00fcd\u00fcrler,<\/p>\n<p>10) \u00d6\u011frenim kurumlar\u0131n\u0131, ikamet adreslerini veya irtibat telefonlar\u0131n\u0131 de\u011fi\u015ftirmeleri durumunda, bu de\u011fi\u015fiklikleri 20 i\u015f g\u00fcn\u00fc i\u00e7inde gerek ayr\u0131ld\u0131klar\u0131 gerekse naklettikleri yerlerin mahalli \u0130l G\u00f6\u00e7 \u0130daresi M\u00fcd\u00fcrl\u00fcklerine bildirmekle y\u00fck\u00fcml\u00fcd\u00fcrler.<\/p>\t\t\t\t\t\t<\/div>\n\t\t\t\t<\/div>\n\t\t\t\t\t<\/div>\n\t\t<\/div>\n\t\t\t\t\t\t\t<\/div>\n\t\t<\/section>\n\t\t\t\t\t<\/div>\n\t\t<\/div>\n\t\t\t\t\t\t\t<\/div>\n\t\t<\/section>\n\t\t\t\t\t\t\t<\/div>\n\t\t","protected":false},"excerpt":{"rendered":"<p>Uluslararas\u0131 \u00d6\u011frencilerin Y\u00fck\u00fcml\u00fcl\u00fckleri 1) \u00d6\u011frencinin \u00fcniversite e-maili, Uluslararas\u0131 \u00d6\u011frenci Merkezi internet sitesi ve sosyal medya hesaplar\u0131, \u00fcniversitenin uluslararas\u0131 \u00f6\u011frenciler ile ileti\u015fim ve tebli\u011f kanallar\u0131d\u0131r. \u00d6\u011frenciler bu kanallardan herhangi biri arac\u0131l\u0131\u011f\u0131yla yap\u0131lan t\u00fcm duyuru ve bilgilendirmelerden sorumludurlar. 2) \u00d6\u011frenciler kabul edildikleri programa ilk kay\u0131t yapt\u0131rd\u0131klar\u0131 tarihten itibaren \u00fc\u00e7 ay i\u00e7erisinde Sosyal G\u00fcvenlik Kurumuna genel sa\u011fl\u0131k sigortas\u0131&hellip;&nbsp;<a href=\"https:\/\/studyatsau.sakarya.edu.tr\/?page_id=396\" class=\"\" rel=\"bookmark\">Read More &raquo;<span class=\"screen-reader-text\">Uluslararas\u0131 \u00d6\u011frencilerin Y\u00fck\u00fcml\u00fcl\u00fckleri<\/span><\/a><\/p>\n","protected":false},"author":1,"featured_media":0,"parent":0,"menu_order":0,"comment_status":"closed","ping_status":"closed","template":"elementor_header_footer","meta":{"neve_meta_sidebar":"","neve_meta_container":"","neve_meta_enable_content_width":"","neve_meta_content_width":0,"neve_meta_title_alignment":"","neve_meta_author_avatar":"","neve_post_elements_order":"","neve_meta_disable_header":"","neve_meta_disable_footer":"","neve_meta_disable_title":""},"_links":{"self":[{"href":"https:\/\/studyatsau.sakarya.edu.tr\/index.php?rest_route=\/wp\/v2\/pages\/396"}],"collection":[{"href":"https:\/\/studyatsau.sakarya.edu.tr\/index.php?rest_route=\/wp\/v2\/pages"}],"about":[{"href":"https:\/\/studyatsau.sakarya.edu.tr\/index.php?rest_route=\/wp\/v2\/types\/page"}],"author":[{"embeddable":true,"href":"https:\/\/studyatsau.sakarya.edu.tr\/index.php?rest_route=\/wp\/v2\/users\/1"}],"replies":[{"embeddable":true,"href":"https:\/\/studyatsau.sakarya.edu.tr\/index.php?rest_route=%2Fwp%2Fv2%2Fcomments&post=396"}],"version-history":[{"count":5,"href":"https:\/\/studyatsau.sakarya.edu.tr\/index.php?rest_route=\/wp\/v2\/pages\/396\/revisions"}],"predecessor-version":[{"id":1868,"href":"https:\/\/studyatsau.sakarya.edu.tr\/index.php?rest_route=\/wp\/v2\/pages\/396\/revisions\/1868"}],"wp:attachment":[{"href":"https:\/\/studyatsau.sakarya.edu.tr\/index.php?rest_route=%2Fwp%2Fv2%2Fmedia&parent=396"}],"curies":[{"name":"wp","href":"https:\/\/api.w.org\/{rel}","templated":true}]}}