{"id":431,"date":"2022-05-24T08:39:17","date_gmt":"2022-05-24T05:39:17","guid":{"rendered":"https:\/\/studyatsau.sakarya.edu.tr\/?page_id=431"},"modified":"2023-01-02T10:02:16","modified_gmt":"2023-01-02T07:02:16","slug":"burslu-ogrenim","status":"publish","type":"page","link":"https:\/\/studyatsau.sakarya.edu.tr\/?page_id=431","title":{"rendered":"Burslu \u00d6\u011frenim"},"content":{"rendered":"\t\t<div data-elementor-type=\"wp-page\" data-elementor-id=\"431\" class=\"elementor elementor-431\">\n\t\t\t\t\t\t\t\t\t<section class=\"elementor-section elementor-top-section elementor-element elementor-element-58db3227 elementor-section-boxed elementor-section-height-default elementor-section-height-default\" data-id=\"58db3227\" data-element_type=\"section\" data-settings=\"{&quot;background_background&quot;:&quot;classic&quot;}\">\n\t\t\t\t\t\t<div class=\"elementor-container elementor-column-gap-default\">\n\t\t\t\t\t<div class=\"elementor-column elementor-col-100 elementor-top-column elementor-element elementor-element-7f5a845f\" data-id=\"7f5a845f\" data-element_type=\"column\">\n\t\t\t<div class=\"elementor-widget-wrap elementor-element-populated\">\n\t\t\t\t\t\t\t\t<div class=\"elementor-element elementor-element-12bbcfa2 elementor-widget elementor-widget-heading\" data-id=\"12bbcfa2\" data-element_type=\"widget\" data-widget_type=\"heading.default\">\n\t\t\t\t<div class=\"elementor-widget-container\">\n\t\t\t<style>\/*! elementor - v3.6.5 - 27-04-2022 *\/\n.elementor-heading-title{padding:0;margin:0;line-height:1}.elementor-widget-heading .elementor-heading-title[class*=elementor-size-]>a{color:inherit;font-size:inherit;line-height:inherit}.elementor-widget-heading .elementor-heading-title.elementor-size-small{font-size:15px}.elementor-widget-heading .elementor-heading-title.elementor-size-medium{font-size:19px}.elementor-widget-heading .elementor-heading-title.elementor-size-large{font-size:29px}.elementor-widget-heading .elementor-heading-title.elementor-size-xl{font-size:39px}.elementor-widget-heading .elementor-heading-title.elementor-size-xxl{font-size:59px}<\/style><h2 class=\"elementor-heading-title elementor-size-default\">Burslu \u00d6\u011frenim<\/h2>\t\t<\/div>\n\t\t\t\t<\/div>\n\t\t\t\t<section class=\"elementor-section elementor-inner-section elementor-element elementor-element-33653c47 elementor-section-boxed elementor-section-height-default elementor-section-height-default\" data-id=\"33653c47\" data-element_type=\"section\">\n\t\t\t\t\t\t<div class=\"elementor-container elementor-column-gap-default\">\n\t\t\t\t\t<div class=\"elementor-column elementor-col-50 elementor-inner-column elementor-element elementor-element-22892e21\" data-id=\"22892e21\" data-element_type=\"column\">\n\t\t\t<div class=\"elementor-widget-wrap elementor-element-populated\">\n\t\t\t\t\t\t\t\t<div class=\"elementor-element elementor-element-61592ee9 elementor-widget elementor-widget-text-editor\" data-id=\"61592ee9\" data-element_type=\"widget\" data-widget_type=\"text-editor.default\">\n\t\t\t\t<div class=\"elementor-widget-container\">\n\t\t\t<style>\/*! elementor - v3.6.5 - 27-04-2022 *\/\n.elementor-widget-text-editor.elementor-drop-cap-view-stacked .elementor-drop-cap{background-color:#818a91;color:#fff}.elementor-widget-text-editor.elementor-drop-cap-view-framed .elementor-drop-cap{color:#818a91;border:3px solid;background-color:transparent}.elementor-widget-text-editor:not(.elementor-drop-cap-view-default) .elementor-drop-cap{margin-top:8px}.elementor-widget-text-editor:not(.elementor-drop-cap-view-default) .elementor-drop-cap-letter{width:1em;height:1em}.elementor-widget-text-editor .elementor-drop-cap{float:left;text-align:center;line-height:1;font-size:50px}.elementor-widget-text-editor .elementor-drop-cap-letter{display:inline-block}<\/style>\t\t\t\t<p>T\u00fcrkiye Burslar\u0131, finansal destek sa\u011flamas\u0131na ek olarak \u00f6\u011frencilerin \u00fcniversitelerde istedikleri programlara yerle\u015ftirilmesini de kapsamaktad\u0131r ve bu \u00f6zelli\u011fiyle d\u00fcnyadaki di\u011fer burs programlar\u0131ndan ayr\u0131\u015fmaktad\u0131r. \u00dcniversite e\u011fitimi d\u0131\u015f\u0131nda, T\u00fcrkiye\u2019de ge\u00e7irmi\u015f olduklar\u0131 s\u00fcre boyunca m\u00fcfredat d\u0131\u015f\u0131 sosyal, k\u00fclt\u00fcrel ve akademik aktivitelerden faydalanma olana\u011f\u0131 da sa\u011flanmaktad\u0131r. Uluslararas\u0131 \u00d6\u011frencilerle yak\u0131n ileti\u015fim sadece e\u011fitim s\u00fcrelerince de\u011fil, mezuniyetlerinin sonras\u0131nda da devam etmektedir. T\u00fcrkiye\u2019de y\u00fcksek\u00f6\u011frenimini tamamlayan \u00f6\u011frenciler \u00fclkeleri ve T\u00fcrkiye aras\u0131nda k\u00f6pr\u00fcler kuran g\u00f6n\u00fcll\u00fc \u00fclke el\u00e7ili\u011fi g\u00f6revini de \u00fcstleniyorlar. Bu do\u011frultuda, d\u00fcnya \u00e7ap\u0131ndaki mezunlar\u0131m\u0131zla ba\u011flar\u0131m\u0131z\u0131n korunmas\u0131 amac\u0131yla T\u00fcrkiye Mezunlar\u0131 A\u011f\u0131 olu\u015fturulmu\u015ftur.<\/p>\t\t\t\t\t\t<\/div>\n\t\t\t\t<\/div>\n\t\t\t\t\t<\/div>\n\t\t<\/div>\n\t\t\t\t<div class=\"elementor-column elementor-col-50 elementor-inner-column elementor-element elementor-element-462824f1\" data-id=\"462824f1\" data-element_type=\"column\">\n\t\t\t<div class=\"elementor-widget-wrap elementor-element-populated\">\n\t\t\t\t\t\t\t\t<div class=\"elementor-element elementor-element-c7dbe5d elementor-widget elementor-widget-image\" data-id=\"c7dbe5d\" data-element_type=\"widget\" data-widget_type=\"image.default\">\n\t\t\t\t<div class=\"elementor-widget-container\">\n\t\t\t<style>\/*! elementor - v3.6.5 - 27-04-2022 *\/\n.elementor-widget-image{text-align:center}.elementor-widget-image a{display:inline-block}.elementor-widget-image a img[src$=\".svg\"]{width:48px}.elementor-widget-image img{vertical-align:middle;display:inline-block}<\/style>\t\t\t\t\t\t\t\t\t\t\t\t<img width=\"1024\" height=\"576\" src=\"https:\/\/studyatsau.sakarya.edu.tr\/wp-content\/uploads\/2022\/05\/kampus5-1024x576.jpg\" class=\"attachment-large size-large\" alt=\"\" loading=\"lazy\" srcset=\"https:\/\/studyatsau.sakarya.edu.tr\/wp-content\/uploads\/2022\/05\/kampus5-1024x576.jpg 1024w, https:\/\/studyatsau.sakarya.edu.tr\/wp-content\/uploads\/2022\/05\/kampus5-300x169.jpg 300w, https:\/\/studyatsau.sakarya.edu.tr\/wp-content\/uploads\/2022\/05\/kampus5-768x432.jpg 768w, https:\/\/studyatsau.sakarya.edu.tr\/wp-content\/uploads\/2022\/05\/kampus5-1536x864.jpg 1536w, https:\/\/studyatsau.sakarya.edu.tr\/wp-content\/uploads\/2022\/05\/kampus5-2048x1152.jpg 2048w\" sizes=\"(max-width: 1024px) 100vw, 1024px\" \/>\t\t\t\t\t\t\t\t\t\t\t\t\t\t\t<\/div>\n\t\t\t\t<\/div>\n\t\t\t\t\t<\/div>\n\t\t<\/div>\n\t\t\t\t\t\t\t<\/div>\n\t\t<\/section>\n\t\t\t\t\t<\/div>\n\t\t<\/div>\n\t\t\t\t\t\t\t<\/div>\n\t\t<\/section>\n\t\t\t\t<section class=\"elementor-section elementor-top-section elementor-element elementor-element-f502000 elementor-section-boxed elementor-section-height-default elementor-section-height-default\" data-id=\"f502000\" data-element_type=\"section\" data-settings=\"{&quot;background_background&quot;:&quot;classic&quot;}\">\n\t\t\t\t\t\t<div class=\"elementor-container elementor-column-gap-default\">\n\t\t\t\t\t<div class=\"elementor-column elementor-col-100 elementor-top-column elementor-element elementor-element-5b92b42\" data-id=\"5b92b42\" data-element_type=\"column\">\n\t\t\t<div class=\"elementor-widget-wrap elementor-element-populated\">\n\t\t\t\t\t\t\t\t<section class=\"elementor-section elementor-inner-section elementor-element elementor-element-789f67d elementor-section-boxed elementor-section-height-default elementor-section-height-default\" data-id=\"789f67d\" data-element_type=\"section\">\n\t\t\t\t\t\t<div class=\"elementor-container elementor-column-gap-default\">\n\t\t\t\t\t<div class=\"elementor-column elementor-col-50 elementor-inner-column elementor-element elementor-element-e7d97ca\" data-id=\"e7d97ca\" data-element_type=\"column\">\n\t\t\t<div class=\"elementor-widget-wrap elementor-element-populated\">\n\t\t\t\t\t\t\t\t<div class=\"elementor-element elementor-element-fa385ac elementor-widget elementor-widget-text-editor\" data-id=\"fa385ac\" data-element_type=\"widget\" data-widget_type=\"text-editor.default\">\n\t\t\t\t<div class=\"elementor-widget-container\">\n\t\t\t\t\t\t\t<h4><strong>Burs Olanaklar\u0131 <\/strong><\/h4>\n<p><strong>I. Ayl\u0131k burs \u00f6demesi<\/strong><\/p>\n<p>D\u00fczeylere g\u00f6re \u00f6\u011frencilere \u00f6denen ayl\u0131k miktar \u015fu \u015fekildedir:<\/p>\n<ul>\n<li>Lisans; 1000 TL<\/li>\n<li>Y\u00fcksek lisans; 1400 TL<\/li>\n<li>Doktora; 1800 TL<\/li>\n<li>Ara\u015ft\u0131rma; 4000 TL<\/li>\n<\/ul>\n<p>\u00a0<\/p>\n<p><strong>II. Bar\u0131nma<\/strong><\/p>\n<p>Yurtlar \u00e7o\u011funlukla devlet taraf\u0131ndan y\u00f6netilmektedir. Ayn\u0131 zamanda \u00f6zel yurtlar ve k\u00e2r amac\u0131 g\u00fctmeyen kurulu\u015flar\u0131n yurtlar\u0131 da mevcuttur. Buna ek olarak baz\u0131 \u00fcniversitelerin kendi konutlar\u0131 da bulunmaktad\u0131r.<\/p>\n<p><strong>III. \u00dcniversite \u00f6\u011frenim harc\u0131<\/strong><\/p>\n<p>\u00d6\u011frencilerin \u00dcniversite ve T\u00fcrk\u00e7e Haz\u0131rl\u0131k e\u011fitimi \u00fccretleri Ba\u015fkanl\u0131k taraf\u0131ndan \u00f6denir.<\/p>\t\t\t\t\t\t<\/div>\n\t\t\t\t<\/div>\n\t\t\t\t\t<\/div>\n\t\t<\/div>\n\t\t\t\t<div class=\"elementor-column elementor-col-50 elementor-inner-column elementor-element elementor-element-9d451e7\" data-id=\"9d451e7\" data-element_type=\"column\">\n\t\t\t<div class=\"elementor-widget-wrap elementor-element-populated\">\n\t\t\t\t\t\t\t\t<div class=\"elementor-element elementor-element-a74eef3 elementor-widget elementor-widget-text-editor\" data-id=\"a74eef3\" data-element_type=\"widget\" data-widget_type=\"text-editor.default\">\n\t\t\t\t<div class=\"elementor-widget-container\">\n\t\t\t\t\t\t\t<p><strong>IV. Sa\u011fl\u0131k giderleri<\/strong><\/p>\n<p>T\u00fcrkiye\u2019de T\u00fcrkiye Burslar\u0131 himayesinde \u00f6\u011frenim g\u00f6recek olan uluslararas\u0131 \u00f6\u011frenciler, e\u015fit, nitelikli ve kapsaml\u0131 sa\u011fl\u0131k hizmetlerinin sa\u011flanmas\u0131 amac\u0131yla T\u00fcrkiye taraf\u0131ndan sa\u011flanan \u201cGenel Sa\u011fl\u0131k Sigortas\u0131\u201d kapsam\u0131 alt\u0131ndad\u0131r.<\/p>\n<p><strong>V. T\u00fcrk\u00e7e dil e\u011fitimi (1 y\u0131l)<\/strong><\/p>\n<p>T\u00fcrkiye Burslar\u0131 kapsam\u0131nda \u00fclkemizde y\u00fcksek\u00f6\u011frenime hak kazanan \u00f6\u011frencilerden T\u00fcrk\u00e7e bilmeyenlere 1 y\u0131l boyunca \u00fccretsiz T\u00fcrk\u00e7e haz\u0131rl\u0131k e\u011fitimi verilmektedir. \u00d6\u011frenciler T\u00fcrk\u00e7e e\u011fitimi ald\u0131klar\u0131 s\u00fcre boyunca t\u00fcm burs imk\u00e2nlar\u0131ndan faydalanmaya devam ederler.<\/p>\n<p><strong>VI. Geli\u015f-gidi\u015f ula\u015f\u0131m katk\u0131s\u0131<\/strong><\/p>\n<p>T\u00fcrkiye Burslusu \u00f6\u011frencilere, ilk geli\u015f ve mezuniyet sonras\u0131 gidi\u015f s\u0131ras\u0131nda ula\u015f\u0131m deste\u011fi Ba\u015fkanl\u0131k taraf\u0131ndan sa\u011flan\u0131r. Ula\u015f\u0131m deste\u011fi, biletlerin Ba\u015fkanl\u0131k taraf\u0131ndan temini veya belirlenmi\u015f tutarda nakdi \u00f6deme \u015feklinde olabilir.<\/p>\n<p>Ayr\u0131nt\u0131l\u0131 bilgi ve ba\u015fvuru i\u00e7in <a href=\"http:\/\/www.turkiyeburslari.gov.tr\" target=\"_blank\" rel=\"noopener\">www.turkiyeburslari.gov.tr<\/a> adresini ziyaret ediniz.<\/p>\t\t\t\t\t\t<\/div>\n\t\t\t\t<\/div>\n\t\t\t\t\t<\/div>\n\t\t<\/div>\n\t\t\t\t\t\t\t<\/div>\n\t\t<\/section>\n\t\t\t\t\t<\/div>\n\t\t<\/div>\n\t\t\t\t\t\t\t<\/div>\n\t\t<\/section>\n\t\t\t\t\t\t\t<\/div>\n\t\t","protected":false},"excerpt":{"rendered":"<p>Burslu \u00d6\u011frenim T\u00fcrkiye Burslar\u0131, finansal destek sa\u011flamas\u0131na ek olarak \u00f6\u011frencilerin \u00fcniversitelerde istedikleri programlara yerle\u015ftirilmesini de kapsamaktad\u0131r ve bu \u00f6zelli\u011fiyle d\u00fcnyadaki di\u011fer burs programlar\u0131ndan ayr\u0131\u015fmaktad\u0131r. \u00dcniversite e\u011fitimi d\u0131\u015f\u0131nda, T\u00fcrkiye\u2019de ge\u00e7irmi\u015f olduklar\u0131 s\u00fcre boyunca m\u00fcfredat d\u0131\u015f\u0131 sosyal, k\u00fclt\u00fcrel ve akademik aktivitelerden faydalanma olana\u011f\u0131 da sa\u011flanmaktad\u0131r. Uluslararas\u0131 \u00d6\u011frencilerle yak\u0131n ileti\u015fim sadece e\u011fitim s\u00fcrelerince de\u011fil, mezuniyetlerinin sonras\u0131nda da devam&hellip;&nbsp;<a href=\"https:\/\/studyatsau.sakarya.edu.tr\/?page_id=431\" class=\"\" rel=\"bookmark\">Read More &raquo;<span class=\"screen-reader-text\">Burslu \u00d6\u011frenim<\/span><\/a><\/p>\n","protected":false},"author":1,"featured_media":0,"parent":0,"menu_order":0,"comment_status":"closed","ping_status":"closed","template":"elementor_header_footer","meta":{"neve_meta_sidebar":"","neve_meta_container":"","neve_meta_enable_content_width":"","neve_meta_content_width":0,"neve_meta_title_alignment":"","neve_meta_author_avatar":"","neve_post_elements_order":"","neve_meta_disable_header":"","neve_meta_disable_footer":"","neve_meta_disable_title":""},"_links":{"self":[{"href":"https:\/\/studyatsau.sakarya.edu.tr\/index.php?rest_route=\/wp\/v2\/pages\/431"}],"collection":[{"href":"https:\/\/studyatsau.sakarya.edu.tr\/index.php?rest_route=\/wp\/v2\/pages"}],"about":[{"href":"https:\/\/studyatsau.sakarya.edu.tr\/index.php?rest_route=\/wp\/v2\/types\/page"}],"author":[{"embeddable":true,"href":"https:\/\/studyatsau.sakarya.edu.tr\/index.php?rest_route=\/wp\/v2\/users\/1"}],"replies":[{"embeddable":true,"href":"https:\/\/studyatsau.sakarya.edu.tr\/index.php?rest_route=%2Fwp%2Fv2%2Fcomments&post=431"}],"version-history":[{"count":5,"href":"https:\/\/studyatsau.sakarya.edu.tr\/index.php?rest_route=\/wp\/v2\/pages\/431\/revisions"}],"predecessor-version":[{"id":1314,"href":"https:\/\/studyatsau.sakarya.edu.tr\/index.php?rest_route=\/wp\/v2\/pages\/431\/revisions\/1314"}],"wp:attachment":[{"href":"https:\/\/studyatsau.sakarya.edu.tr\/index.php?rest_route=%2Fwp%2Fv2%2Fmedia&parent=431"}],"curies":[{"name":"wp","href":"https:\/\/api.w.org\/{rel}","templated":true}]}}