{"id":450,"date":"2022-05-24T09:47:19","date_gmt":"2022-05-24T06:47:19","guid":{"rendered":"https:\/\/studyatsau.sakarya.edu.tr\/?page_id=450"},"modified":"2024-07-30T11:27:48","modified_gmt":"2024-07-30T08:27:48","slug":"kabul-edilen-turkce-yeterlilikler","status":"publish","type":"page","link":"https:\/\/studyatsau.sakarya.edu.tr\/?page_id=450","title":{"rendered":"Kabul Edilen T\u00fcrk\u00e7e Yeterlilikler"},"content":{"rendered":"\t\t<div data-elementor-type=\"wp-page\" data-elementor-id=\"450\" class=\"elementor elementor-450\">\n\t\t\t\t\t\t\t\t\t<section class=\"elementor-section elementor-top-section elementor-element elementor-element-4f3e1985 elementor-section-boxed elementor-section-height-default elementor-section-height-default\" data-id=\"4f3e1985\" data-element_type=\"section\" data-settings=\"{&quot;background_background&quot;:&quot;classic&quot;}\">\n\t\t\t\t\t\t<div class=\"elementor-container elementor-column-gap-default\">\n\t\t\t\t\t<div class=\"elementor-column elementor-col-50 elementor-top-column elementor-element elementor-element-5b7f9e19\" data-id=\"5b7f9e19\" data-element_type=\"column\">\n\t\t\t<div class=\"elementor-widget-wrap elementor-element-populated\">\n\t\t\t\t\t\t\t\t<div class=\"elementor-element elementor-element-e6abfed elementor-widget elementor-widget-heading\" data-id=\"e6abfed\" data-element_type=\"widget\" data-widget_type=\"heading.default\">\n\t\t\t\t<div class=\"elementor-widget-container\">\n\t\t\t<style>\/*! elementor - v3.6.5 - 27-04-2022 *\/\n.elementor-heading-title{padding:0;margin:0;line-height:1}.elementor-widget-heading .elementor-heading-title[class*=elementor-size-]>a{color:inherit;font-size:inherit;line-height:inherit}.elementor-widget-heading .elementor-heading-title.elementor-size-small{font-size:15px}.elementor-widget-heading .elementor-heading-title.elementor-size-medium{font-size:19px}.elementor-widget-heading .elementor-heading-title.elementor-size-large{font-size:29px}.elementor-widget-heading .elementor-heading-title.elementor-size-xl{font-size:39px}.elementor-widget-heading .elementor-heading-title.elementor-size-xxl{font-size:59px}<\/style><h2 class=\"elementor-heading-title elementor-size-default\">Kabul Edilen T\u00fcrk\u00e7e Yeterlilikler<\/h2>\t\t<\/div>\n\t\t\t\t<\/div>\n\t\t\t\t<section class=\"elementor-section elementor-inner-section elementor-element elementor-element-3c1977c8 elementor-section-boxed elementor-section-height-default elementor-section-height-default\" data-id=\"3c1977c8\" data-element_type=\"section\">\n\t\t\t\t\t\t<div class=\"elementor-container elementor-column-gap-default\">\n\t\t\t\t\t<div class=\"elementor-column elementor-col-100 elementor-inner-column elementor-element elementor-element-720ccb57\" data-id=\"720ccb57\" data-element_type=\"column\">\n\t\t\t<div class=\"elementor-widget-wrap elementor-element-populated\">\n\t\t\t\t\t\t\t\t<div class=\"elementor-element elementor-element-485bde20 elementor-widget elementor-widget-text-editor\" data-id=\"485bde20\" data-element_type=\"widget\" data-widget_type=\"text-editor.default\">\n\t\t\t\t<div class=\"elementor-widget-container\">\n\t\t\t<style>\/*! elementor - v3.6.5 - 27-04-2022 *\/\n.elementor-widget-text-editor.elementor-drop-cap-view-stacked .elementor-drop-cap{background-color:#818a91;color:#fff}.elementor-widget-text-editor.elementor-drop-cap-view-framed .elementor-drop-cap{color:#818a91;border:3px solid;background-color:transparent}.elementor-widget-text-editor:not(.elementor-drop-cap-view-default) .elementor-drop-cap{margin-top:8px}.elementor-widget-text-editor:not(.elementor-drop-cap-view-default) .elementor-drop-cap-letter{width:1em;height:1em}.elementor-widget-text-editor .elementor-drop-cap{float:left;text-align:center;line-height:1;font-size:50px}.elementor-widget-text-editor .elementor-drop-cap-letter{display:inline-block}<\/style>\t\t\t\t<p><strong>1- SAKARYA \u00dcN\u0130VERS\u0130TES\u0130 T\u00d6MER MERKEZ\u0130<\/strong>:<\/p><p><span style=\"text-decoration: underline;\">B2-C1<\/span> <span style=\"color: #ff0000;\">E\u011fitim<\/span> veya <span style=\"color: #ff0000;\">S\u0131nav<\/span> Sertifikas\u0131<\/p><p><strong>2-YUNUS EMRE ENST\u0130T\u00dcS\u00dc:<\/strong><\/p><p><span style=\"color: var( --e-global-color-text ); font-size: var(--bodyfontsize); letter-spacing: var(--bodyletterspacing); text-transform: var(--bodytexttransform);\">\u00a0B2-C1<\/span><span style=\"font-size: var(--bodyfontsize); letter-spacing: var(--bodyletterspacing); text-transform: var(--bodytexttransform); color: #ff0000;\"> E\u011fitim<\/span><span style=\"color: var( --e-global-color-text ); font-size: var(--bodyfontsize); letter-spacing: var(--bodyletterspacing); text-transform: var(--bodytexttransform);\"> veya <\/span><span style=\"font-size: var(--bodyfontsize); letter-spacing: var(--bodyletterspacing); text-transform: var(--bodytexttransform); color: #ff0000;\">S\u0131nav<\/span><span style=\"color: var( --e-global-color-text ); font-size: var(--bodyfontsize); letter-spacing: var(--bodyletterspacing); text-transform: var(--bodytexttransform);\"> Sertifikas\u0131<\/span><\/p><p><strong>3-GAZ\u0130 \u00dcN\u0130VERS\u0130TES\u0130 D\u0130L E\u011e\u0130T\u0130M MERKEZ\u0130<\/strong>:<\/p><p>B2-C1 <span style=\"color: #ff0000;\">E\u011fitim<\/span> Sertifikas\u0131<\/p><p><strong>4-ANKARA \u00dcN\u0130VERS\u0130TES\u0130 D\u0130L E\u011e\u0130T\u0130M MERKEZ\u0130<\/strong>:<\/p><p>B2-C1 <span style=\"color: #ff0000;\">E\u011fitim<\/span> Sertifikas\u0131<\/p><p><strong>5-\u0130STANBUL \u00dcN\u0130VERS\u0130TES\u0130 D\u0130L E\u011e\u0130T\u0130M MERKEZ\u0130<\/strong>:<\/p><p>B2-C1<span style=\"color: #ff0000;\"> E\u011fitim<\/span> Sertifikas\u0131<\/p><p><strong>6- HACETTEPE \u00dcN\u0130VERS\u0130TES\u0130 D\u0130L E\u011e\u0130T\u0130M MERKEZ\u0130:<\/strong>\u00a0<\/p><p>B2-C1 <span style=\"color: #ff0000;\">E\u011fitim<\/span> Sertifikas\u0131<\/p>\t\t\t\t\t\t<\/div>\n\t\t\t\t<\/div>\n\t\t\t\t\t<\/div>\n\t\t<\/div>\n\t\t\t\t\t\t\t<\/div>\n\t\t<\/section>\n\t\t\t\t\t<\/div>\n\t\t<\/div>\n\t\t\t\t<div class=\"elementor-column elementor-col-50 elementor-top-column elementor-element elementor-element-f8950d8\" data-id=\"f8950d8\" data-element_type=\"column\">\n\t\t\t<div class=\"elementor-widget-wrap elementor-element-populated\">\n\t\t\t\t\t\t\t\t<section class=\"elementor-section elementor-inner-section elementor-element elementor-element-50c9600 elementor-section-boxed elementor-section-height-default elementor-section-height-default\" data-id=\"50c9600\" data-element_type=\"section\">\n\t\t\t\t\t\t<div class=\"elementor-container elementor-column-gap-default\">\n\t\t\t\t\t<div class=\"elementor-column elementor-col-100 elementor-inner-column elementor-element elementor-element-c3d4f87\" data-id=\"c3d4f87\" data-element_type=\"column\">\n\t\t\t<div class=\"elementor-widget-wrap elementor-element-populated\">\n\t\t\t\t\t\t\t\t<div class=\"elementor-element elementor-element-10735d0 elementor-widget elementor-widget-text-editor\" data-id=\"10735d0\" data-element_type=\"widget\" data-widget_type=\"text-editor.default\">\n\t\t\t\t<div class=\"elementor-widget-container\">\n\t\t\t\t\t\t\t<p>**E\u011fitim &#8211; \u00d6\u011fretime ba\u015flamak i\u00e7in gereken T\u00fcrk\u00e7e Yeterlilik D\u00fczeyleri, <span style=\"text-decoration: underline;\"><strong><a href=\"https:\/\/studyatsau.sakarya.edu.tr\/wp-content\/uploads\/2022\/05\/tomer_yonerge.pdf\" target=\"_blank\" rel=\"noopener\">Sakarya \u00dcniversitesi T\u00fcrk Dili \u00d6\u011fretimi Uygulama ve Ara\u015ft\u0131rma Merkezi E\u011fitim-\u00d6\u011fretim ve S\u0131nav Y\u00f6nergesi<\/a>\u2019ne<\/strong> <\/span>g\u00f6re uygulanmaktad\u0131r.<\/p><p>**Ara d\u00f6nemde derse ba\u015flamak isteyen \u00f6\u011frenciler ile e\u011fitim-\u00f6\u011fretim d\u00f6nemi ba\u015flad\u0131ktan sonra kay\u0131t olmu\u015f T\u00fcrk\u00e7e Yeterlilik Belgesi \/ Muafiyeti bulunan \u00f6\u011frencilerin, derse ba\u015flama karar\u0131 ilgili e\u011fitim birimi taraf\u0131ndan verilir.<\/p><p>**Y\u0131ll\u0131k e\u011fitim veren <strong>(T\u0131p-Di\u015f Hekimli\u011fi)<\/strong> e\u011fitim birimlerinde ara d\u00f6nemde \u00f6\u011frenime ba\u015flanamaz.<\/p>\t\t\t\t\t\t<\/div>\n\t\t\t\t<\/div>\n\t\t\t\t\t<\/div>\n\t\t<\/div>\n\t\t\t\t\t\t\t<\/div>\n\t\t<\/section>\n\t\t\t\t<div class=\"elementor-element elementor-element-21741aa elementor-widget elementor-widget-image\" data-id=\"21741aa\" data-element_type=\"widget\" data-widget_type=\"image.default\">\n\t\t\t\t<div class=\"elementor-widget-container\">\n\t\t\t<style>\/*! elementor - v3.6.5 - 27-04-2022 *\/\n.elementor-widget-image{text-align:center}.elementor-widget-image a{display:inline-block}.elementor-widget-image a img[src$=\".svg\"]{width:48px}.elementor-widget-image img{vertical-align:middle;display:inline-block}<\/style>\t\t\t\t\t\t\t\t\t\t\t\t<img width=\"680\" height=\"471\" src=\"https:\/\/studyatsau.sakarya.edu.tr\/wp-content\/uploads\/2024\/07\/2023-08-17.jpg\" class=\"attachment-large size-large\" alt=\"\" loading=\"lazy\" srcset=\"https:\/\/studyatsau.sakarya.edu.tr\/wp-content\/uploads\/2024\/07\/2023-08-17.jpg 680w, https:\/\/studyatsau.sakarya.edu.tr\/wp-content\/uploads\/2024\/07\/2023-08-17-300x208.jpg 300w\" sizes=\"(max-width: 680px) 100vw, 680px\" \/>\t\t\t\t\t\t\t\t\t\t\t\t\t\t\t<\/div>\n\t\t\t\t<\/div>\n\t\t\t\t\t<\/div>\n\t\t<\/div>\n\t\t\t\t\t\t\t<\/div>\n\t\t<\/section>\n\t\t\t\t<section class=\"elementor-section elementor-top-section elementor-element elementor-element-138028f elementor-section-boxed elementor-section-height-default elementor-section-height-default\" data-id=\"138028f\" data-element_type=\"section\" data-settings=\"{&quot;background_background&quot;:&quot;classic&quot;}\">\n\t\t\t\t\t\t<div class=\"elementor-container elementor-column-gap-default\">\n\t\t\t\t\t<div class=\"elementor-column elementor-col-100 elementor-top-column elementor-element elementor-element-1ec287c\" data-id=\"1ec287c\" data-element_type=\"column\">\n\t\t\t<div class=\"elementor-widget-wrap\">\n\t\t\t\t\t\t\t\t\t<\/div>\n\t\t<\/div>\n\t\t\t\t\t\t\t<\/div>\n\t\t<\/section>\n\t\t\t\t\t\t\t<\/div>\n\t\t","protected":false},"excerpt":{"rendered":"<p>Kabul Edilen T\u00fcrk\u00e7e Yeterlilikler 1- SAKARYA \u00dcN\u0130VERS\u0130TES\u0130 T\u00d6MER MERKEZ\u0130: B2-C1 E\u011fitim veya S\u0131nav Sertifikas\u0131 2-YUNUS EMRE ENST\u0130T\u00dcS\u00dc: \u00a0B2-C1 E\u011fitim veya S\u0131nav Sertifikas\u0131 3-GAZ\u0130 \u00dcN\u0130VERS\u0130TES\u0130 D\u0130L E\u011e\u0130T\u0130M MERKEZ\u0130: B2-C1 E\u011fitim Sertifikas\u0131 4-ANKARA \u00dcN\u0130VERS\u0130TES\u0130 D\u0130L E\u011e\u0130T\u0130M MERKEZ\u0130: B2-C1 E\u011fitim Sertifikas\u0131 5-\u0130STANBUL \u00dcN\u0130VERS\u0130TES\u0130 D\u0130L E\u011e\u0130T\u0130M MERKEZ\u0130: B2-C1 E\u011fitim Sertifikas\u0131 6- HACETTEPE \u00dcN\u0130VERS\u0130TES\u0130 D\u0130L E\u011e\u0130T\u0130M MERKEZ\u0130:\u00a0 B2-C1 E\u011fitim Sertifikas\u0131&hellip;&nbsp;<a href=\"https:\/\/studyatsau.sakarya.edu.tr\/?page_id=450\" class=\"\" rel=\"bookmark\">Read More &raquo;<span class=\"screen-reader-text\">Kabul Edilen T\u00fcrk\u00e7e Yeterlilikler<\/span><\/a><\/p>\n","protected":false},"author":1,"featured_media":0,"parent":0,"menu_order":0,"comment_status":"closed","ping_status":"closed","template":"elementor_header_footer","meta":{"neve_meta_sidebar":"","neve_meta_container":"","neve_meta_enable_content_width":"","neve_meta_content_width":0,"neve_meta_title_alignment":"","neve_meta_author_avatar":"","neve_post_elements_order":"","neve_meta_disable_header":"","neve_meta_disable_footer":"","neve_meta_disable_title":""},"_links":{"self":[{"href":"https:\/\/studyatsau.sakarya.edu.tr\/index.php?rest_route=\/wp\/v2\/pages\/450"}],"collection":[{"href":"https:\/\/studyatsau.sakarya.edu.tr\/index.php?rest_route=\/wp\/v2\/pages"}],"about":[{"href":"https:\/\/studyatsau.sakarya.edu.tr\/index.php?rest_route=\/wp\/v2\/types\/page"}],"author":[{"embeddable":true,"href":"https:\/\/studyatsau.sakarya.edu.tr\/index.php?rest_route=\/wp\/v2\/users\/1"}],"replies":[{"embeddable":true,"href":"https:\/\/studyatsau.sakarya.edu.tr\/index.php?rest_route=%2Fwp%2Fv2%2Fcomments&post=450"}],"version-history":[{"count":16,"href":"https:\/\/studyatsau.sakarya.edu.tr\/index.php?rest_route=\/wp\/v2\/pages\/450\/revisions"}],"predecessor-version":[{"id":2788,"href":"https:\/\/studyatsau.sakarya.edu.tr\/index.php?rest_route=\/wp\/v2\/pages\/450\/revisions\/2788"}],"wp:attachment":[{"href":"https:\/\/studyatsau.sakarya.edu.tr\/index.php?rest_route=%2Fwp%2Fv2%2Fmedia&parent=450"}],"curies":[{"name":"wp","href":"https:\/\/api.w.org\/{rel}","templated":true}]}}