{"id":477,"date":"2022-05-24T10:03:50","date_gmt":"2022-05-24T07:03:50","guid":{"rendered":"https:\/\/studyatsau.sakarya.edu.tr\/?page_id=477"},"modified":"2022-05-24T10:16:24","modified_gmt":"2022-05-24T07:16:24","slug":"onemli-adres-ve-telefonlar","status":"publish","type":"page","link":"https:\/\/studyatsau.sakarya.edu.tr\/?page_id=477","title":{"rendered":"\u00d6nemli Adres ve Telefonlar"},"content":{"rendered":"\t\t<div data-elementor-type=\"wp-page\" data-elementor-id=\"477\" class=\"elementor elementor-477\">\n\t\t\t\t\t\t\t\t\t<section class=\"elementor-section elementor-top-section elementor-element elementor-element-6375a248 elementor-section-boxed elementor-section-height-default elementor-section-height-default\" data-id=\"6375a248\" data-element_type=\"section\">\n\t\t\t\t\t\t<div class=\"elementor-container elementor-column-gap-default\">\n\t\t\t\t\t<div class=\"elementor-column elementor-col-100 elementor-top-column elementor-element elementor-element-23e69ec8\" data-id=\"23e69ec8\" data-element_type=\"column\">\n\t\t\t<div class=\"elementor-widget-wrap elementor-element-populated\">\n\t\t\t\t\t\t\t\t<div class=\"elementor-element elementor-element-1208bae4 elementor-widget elementor-widget-text-editor\" data-id=\"1208bae4\" data-element_type=\"widget\" data-widget_type=\"text-editor.default\">\n\t\t\t\t<div class=\"elementor-widget-container\">\n\t\t\t<style>\/*! elementor - v3.6.5 - 27-04-2022 *\/\n.elementor-widget-text-editor.elementor-drop-cap-view-stacked .elementor-drop-cap{background-color:#818a91;color:#fff}.elementor-widget-text-editor.elementor-drop-cap-view-framed .elementor-drop-cap{color:#818a91;border:3px solid;background-color:transparent}.elementor-widget-text-editor:not(.elementor-drop-cap-view-default) .elementor-drop-cap{margin-top:8px}.elementor-widget-text-editor:not(.elementor-drop-cap-view-default) .elementor-drop-cap-letter{width:1em;height:1em}.elementor-widget-text-editor .elementor-drop-cap{float:left;text-align:center;line-height:1;font-size:50px}.elementor-widget-text-editor .elementor-drop-cap-letter{display:inline-block}<\/style>\t\t\t\t<!-- wp:themeisle-blocks\/advanced-columns {\"id\":\"wp-block-themeisle-blocks-advanced-columns-26469813\",\"columns\":0} -->\n<div id=\"wp-block-themeisle-blocks-advanced-columns-26469813\" class=\"wp-block-themeisle-blocks-advanced-columns has-0-columns has-desktop-undefined-layout has-tablet-equal-layout has-mobile-equal-layout has-vertical-unset\"><div class=\"wp-block-themeisle-blocks-advanced-columns-overlay\"><\/div><div class=\"innerblocks-wrap\"><\/div><\/div>\n<!-- \/wp:themeisle-blocks\/advanced-columns -->\t\t\t\t\t\t<\/div>\n\t\t\t\t<\/div>\n\t\t\t\t\t<\/div>\n\t\t<\/div>\n\t\t\t\t\t\t\t<\/div>\n\t\t<\/section>\n\t\t\t\t<section class=\"elementor-section elementor-top-section elementor-element elementor-element-2c6ccdcd elementor-section-boxed elementor-section-height-default elementor-section-height-default\" data-id=\"2c6ccdcd\" data-element_type=\"section\" data-settings=\"{&quot;background_background&quot;:&quot;classic&quot;}\">\n\t\t\t\t\t\t<div class=\"elementor-container elementor-column-gap-default\">\n\t\t\t\t\t<div class=\"elementor-column elementor-col-100 elementor-top-column elementor-element elementor-element-4a55afb3\" data-id=\"4a55afb3\" data-element_type=\"column\">\n\t\t\t<div class=\"elementor-widget-wrap elementor-element-populated\">\n\t\t\t\t\t\t\t\t<div class=\"elementor-element elementor-element-38405767 elementor-widget elementor-widget-heading\" data-id=\"38405767\" data-element_type=\"widget\" data-widget_type=\"heading.default\">\n\t\t\t\t<div class=\"elementor-widget-container\">\n\t\t\t<style>\/*! elementor - v3.6.5 - 27-04-2022 *\/\n.elementor-heading-title{padding:0;margin:0;line-height:1}.elementor-widget-heading .elementor-heading-title[class*=elementor-size-]>a{color:inherit;font-size:inherit;line-height:inherit}.elementor-widget-heading .elementor-heading-title.elementor-size-small{font-size:15px}.elementor-widget-heading .elementor-heading-title.elementor-size-medium{font-size:19px}.elementor-widget-heading .elementor-heading-title.elementor-size-large{font-size:29px}.elementor-widget-heading .elementor-heading-title.elementor-size-xl{font-size:39px}.elementor-widget-heading .elementor-heading-title.elementor-size-xxl{font-size:59px}<\/style><h2 class=\"elementor-heading-title elementor-size-default\">\u00d6nemli Adres ve Telefonlar<\/h2>\t\t<\/div>\n\t\t\t\t<\/div>\n\t\t\t\t<section class=\"elementor-section elementor-inner-section elementor-element elementor-element-5eac78c7 elementor-section-boxed elementor-section-height-default elementor-section-height-default\" data-id=\"5eac78c7\" data-element_type=\"section\">\n\t\t\t\t\t\t<div class=\"elementor-container elementor-column-gap-default\">\n\t\t\t\t\t<div class=\"elementor-column elementor-col-50 elementor-inner-column elementor-element elementor-element-188af37c\" data-id=\"188af37c\" data-element_type=\"column\">\n\t\t\t<div class=\"elementor-widget-wrap elementor-element-populated\">\n\t\t\t\t\t\t\t\t<div class=\"elementor-element elementor-element-1a2ac8b5 elementor-widget elementor-widget-text-editor\" data-id=\"1a2ac8b5\" data-element_type=\"widget\" data-widget_type=\"text-editor.default\">\n\t\t\t\t<div class=\"elementor-widget-container\">\n\t\t\t\t\t\t\t<p style=\"text-align: center;\"><strong>SAKARYA VAL\u0130L\u0130\u011e\u0130 \u0130L G\u00d6\u00c7 \u0130DARES\u0130 M\u00dcD\u00dcRL\u00dc\u011e\u00dc<\/strong><\/p>\n<p>Karaman Mahallesi 1777 Ada 1 Parsel 121 Nolu \u0130\u015f Merkezi Adapazar\u0131\/SAKARYA<\/p>\n<p>0264 221 4031 \/ 0264 221 4032\u00a0<\/p>\n<p style=\"text-align: center;\"><strong>SAKARYA SOSYAL G\u00dcVENL\u0130K \u0130L M\u00dcD\u00dcRL\u00dc\u011e\u00dc<\/strong><\/p>\n<p>H\u0131z\u0131rtepe Mahallesi K\u0131\u015fla Caddesi No:21 Adapazar\u0131\/SAKARYA<\/p>\n<p>0264 276 6323 \/ 0264 276 6324<\/p>\n<p style=\"text-align: center;\"><strong>SAKARYA VAL\u0130L\u0130\u011e\u0130 \u0130L M\u0130LL\u0130 E\u011e\u0130T\u0130M M\u00dcD\u00dcRL\u00dc\u011e\u00dc<\/strong>\u00a0<\/p>\n<p>Resmi Daireler Kamp\u00fcs\u00fc Camili Mahallesi Adapazar\u0131 \/ SAKARYA<\/p>\n<p>0264 251 3614 \/ 0264 251 3615 \/ 0264 251 3616<\/p>\t\t\t\t\t\t<\/div>\n\t\t\t\t<\/div>\n\t\t\t\t\t<\/div>\n\t\t<\/div>\n\t\t\t\t<div class=\"elementor-column elementor-col-50 elementor-inner-column elementor-element elementor-element-bb3e69c\" data-id=\"bb3e69c\" data-element_type=\"column\">\n\t\t\t<div class=\"elementor-widget-wrap elementor-element-populated\">\n\t\t\t\t\t\t\t\t<div class=\"elementor-element elementor-element-84d34a9 elementor-widget elementor-widget-text-editor\" data-id=\"84d34a9\" data-element_type=\"widget\" data-widget_type=\"text-editor.default\">\n\t\t\t\t<div class=\"elementor-widget-container\">\n\t\t\t\t\t\t\t<ul>\n<li>112 Ambulans\/ Ambulance \u2013 \u0130tfaiye\/ Fire \u2013 Polis \u0130mdat \/ Police<\/li>\n<li>112 Jandarma \/ Gendarmerie<\/li>\n<li>112 Sahil G\u00fcvenlik \/ Coast Guard<\/li>\n<li>112 Orman Yang\u0131n\u0131 \/ Forest fire reporting<\/li>\n<li>113 Alo Doktor\/ Medical assistance<\/li>\n<li>114 Zehir Dan\u0131\u015fma\/ Poison control<\/li>\n<li>11811 Bilinmeyen Numaralar \/ Directory Assistance<\/li>\n<li>119 Posta Kodu Dan\u0131\u015fma \/ Zip code information<\/li>\n<li>121 Telefon Ar\u0131za \/ Reporting telephone problems<\/li>\n<li>153 Alo Zab\u0131ta \/ Municipal police<\/li>\n<li>154 Trafik Polisi \/ Traffic<\/li>\n<li>170 Turizm Bilgi \/ Tourism information<\/li>\n<li>174 Emniyet Dan\u0131\u015fma \/ Police information<\/li>\n<li>175 T\u00fcketici Dan\u0131\u015fma \/ Consumer information<\/li>\n<li>176 G\u00fcr\u00fclt\u00fc \u0130hbar \/ Noise control<\/li>\n<li>179 Alo Valilik \/ Governorship call center<\/li>\n<li>184 Sa\u011fl\u0131k Dan\u0131\u015fma \/ Healthcare enquiries<\/li>\n<li>185 Su Ar\u0131za \/ Reporting water problems<\/li>\n<li>186 Elektrik Ar\u0131za \/ Reporting electricity problems<\/li>\n<li>187 Gaz Ar\u0131za \/ Reporting gas problems<\/li>\n<li>199 Telefon Kod Dan\u0131\u015fma \/ Telephone code information<\/li>\n<\/ul>\t\t\t\t\t\t<\/div>\n\t\t\t\t<\/div>\n\t\t\t\t\t<\/div>\n\t\t<\/div>\n\t\t\t\t\t\t\t<\/div>\n\t\t<\/section>\n\t\t\t\t\t<\/div>\n\t\t<\/div>\n\t\t\t\t\t\t\t<\/div>\n\t\t<\/section>\n\t\t\t\t\t\t\t<\/div>\n\t\t","protected":false},"excerpt":{"rendered":"<p>\u00d6nemli Adres ve Telefonlar SAKARYA VAL\u0130L\u0130\u011e\u0130 \u0130L G\u00d6\u00c7 \u0130DARES\u0130 M\u00dcD\u00dcRL\u00dc\u011e\u00dc Karaman Mahallesi 1777 Ada 1 Parsel 121 Nolu \u0130\u015f Merkezi Adapazar\u0131\/SAKARYA 0264 221 4031 \/ 0264 221 4032\u00a0 SAKARYA SOSYAL G\u00dcVENL\u0130K \u0130L M\u00dcD\u00dcRL\u00dc\u011e\u00dc H\u0131z\u0131rtepe Mahallesi K\u0131\u015fla Caddesi No:21 Adapazar\u0131\/SAKARYA 0264 276 6323 \/ 0264 276 6324 SAKARYA VAL\u0130L\u0130\u011e\u0130 \u0130L M\u0130LL\u0130 E\u011e\u0130T\u0130M M\u00dcD\u00dcRL\u00dc\u011e\u00dc\u00a0 Resmi Daireler Kamp\u00fcs\u00fc&hellip;&nbsp;<a href=\"https:\/\/studyatsau.sakarya.edu.tr\/?page_id=477\" class=\"\" rel=\"bookmark\">Read More &raquo;<span class=\"screen-reader-text\">\u00d6nemli Adres ve Telefonlar<\/span><\/a><\/p>\n","protected":false},"author":1,"featured_media":0,"parent":0,"menu_order":0,"comment_status":"closed","ping_status":"closed","template":"elementor_header_footer","meta":{"neve_meta_sidebar":"","neve_meta_container":"","neve_meta_enable_content_width":"","neve_meta_content_width":0,"neve_meta_title_alignment":"","neve_meta_author_avatar":"","neve_post_elements_order":"","neve_meta_disable_header":"","neve_meta_disable_footer":"","neve_meta_disable_title":""},"_links":{"self":[{"href":"https:\/\/studyatsau.sakarya.edu.tr\/index.php?rest_route=\/wp\/v2\/pages\/477"}],"collection":[{"href":"https:\/\/studyatsau.sakarya.edu.tr\/index.php?rest_route=\/wp\/v2\/pages"}],"about":[{"href":"https:\/\/studyatsau.sakarya.edu.tr\/index.php?rest_route=\/wp\/v2\/types\/page"}],"author":[{"embeddable":true,"href":"https:\/\/studyatsau.sakarya.edu.tr\/index.php?rest_route=\/wp\/v2\/users\/1"}],"replies":[{"embeddable":true,"href":"https:\/\/studyatsau.sakarya.edu.tr\/index.php?rest_route=%2Fwp%2Fv2%2Fcomments&post=477"}],"version-history":[{"count":4,"href":"https:\/\/studyatsau.sakarya.edu.tr\/index.php?rest_route=\/wp\/v2\/pages\/477\/revisions"}],"predecessor-version":[{"id":482,"href":"https:\/\/studyatsau.sakarya.edu.tr\/index.php?rest_route=\/wp\/v2\/pages\/477\/revisions\/482"}],"wp:attachment":[{"href":"https:\/\/studyatsau.sakarya.edu.tr\/index.php?rest_route=%2Fwp%2Fv2%2Fmedia&parent=477"}],"curies":[{"name":"wp","href":"https:\/\/api.w.org\/{rel}","templated":true}]}}