{"id":483,"date":"2022-05-24T10:17:09","date_gmt":"2022-05-24T07:17:09","guid":{"rendered":"https:\/\/studyatsau.sakarya.edu.tr\/?page_id=483"},"modified":"2022-05-24T10:20:37","modified_gmt":"2022-05-24T07:20:37","slug":"important-addresses-and-contacts","status":"publish","type":"page","link":"https:\/\/studyatsau.sakarya.edu.tr\/?page_id=483&lang=en","title":{"rendered":"Important Addresses and Contacts"},"content":{"rendered":"\t\t<div data-elementor-type=\"wp-page\" data-elementor-id=\"483\" class=\"elementor elementor-483\">\n\t\t\t\t\t\t\t\t\t<section class=\"elementor-section elementor-top-section elementor-element elementor-element-6375a248 elementor-section-boxed elementor-section-height-default elementor-section-height-default\" data-id=\"6375a248\" data-element_type=\"section\">\n\t\t\t\t\t\t<div class=\"elementor-container elementor-column-gap-default\">\n\t\t\t\t\t<div class=\"elementor-column elementor-col-100 elementor-top-column elementor-element elementor-element-23e69ec8\" data-id=\"23e69ec8\" data-element_type=\"column\">\n\t\t\t<div class=\"elementor-widget-wrap elementor-element-populated\">\n\t\t\t\t\t\t\t\t<div class=\"elementor-element elementor-element-1208bae4 elementor-widget elementor-widget-text-editor\" data-id=\"1208bae4\" data-element_type=\"widget\" data-widget_type=\"text-editor.default\">\n\t\t\t\t<div class=\"elementor-widget-container\">\n\t\t\t<style>\/*! elementor - v3.6.5 - 27-04-2022 *\/\n.elementor-widget-text-editor.elementor-drop-cap-view-stacked .elementor-drop-cap{background-color:#818a91;color:#fff}.elementor-widget-text-editor.elementor-drop-cap-view-framed .elementor-drop-cap{color:#818a91;border:3px solid;background-color:transparent}.elementor-widget-text-editor:not(.elementor-drop-cap-view-default) .elementor-drop-cap{margin-top:8px}.elementor-widget-text-editor:not(.elementor-drop-cap-view-default) .elementor-drop-cap-letter{width:1em;height:1em}.elementor-widget-text-editor .elementor-drop-cap{float:left;text-align:center;line-height:1;font-size:50px}.elementor-widget-text-editor .elementor-drop-cap-letter{display:inline-block}<\/style>\t\t\t\t<!-- wp:themeisle-blocks\/advanced-columns {\"id\":\"wp-block-themeisle-blocks-advanced-columns-26469813\",\"columns\":0} -->\n<div id=\"wp-block-themeisle-blocks-advanced-columns-26469813\" class=\"wp-block-themeisle-blocks-advanced-columns has-0-columns has-desktop-undefined-layout has-tablet-equal-layout has-mobile-equal-layout has-vertical-unset\"><div class=\"wp-block-themeisle-blocks-advanced-columns-overlay\"><\/div><div class=\"innerblocks-wrap\"><\/div><\/div>\n<!-- \/wp:themeisle-blocks\/advanced-columns -->\t\t\t\t\t\t<\/div>\n\t\t\t\t<\/div>\n\t\t\t\t\t<\/div>\n\t\t<\/div>\n\t\t\t\t\t\t\t<\/div>\n\t\t<\/section>\n\t\t\t\t<section class=\"elementor-section elementor-top-section elementor-element elementor-element-2c6ccdcd elementor-section-boxed elementor-section-height-default elementor-section-height-default\" data-id=\"2c6ccdcd\" data-element_type=\"section\" data-settings=\"{&quot;background_background&quot;:&quot;classic&quot;}\">\n\t\t\t\t\t\t<div class=\"elementor-container elementor-column-gap-default\">\n\t\t\t\t\t<div class=\"elementor-column elementor-col-100 elementor-top-column elementor-element elementor-element-4a55afb3\" data-id=\"4a55afb3\" data-element_type=\"column\">\n\t\t\t<div class=\"elementor-widget-wrap elementor-element-populated\">\n\t\t\t\t\t\t\t\t<div class=\"elementor-element elementor-element-38405767 elementor-widget elementor-widget-heading\" data-id=\"38405767\" data-element_type=\"widget\" data-widget_type=\"heading.default\">\n\t\t\t\t<div class=\"elementor-widget-container\">\n\t\t\t<style>\/*! elementor - v3.6.5 - 27-04-2022 *\/\n.elementor-heading-title{padding:0;margin:0;line-height:1}.elementor-widget-heading .elementor-heading-title[class*=elementor-size-]>a{color:inherit;font-size:inherit;line-height:inherit}.elementor-widget-heading .elementor-heading-title.elementor-size-small{font-size:15px}.elementor-widget-heading .elementor-heading-title.elementor-size-medium{font-size:19px}.elementor-widget-heading .elementor-heading-title.elementor-size-large{font-size:29px}.elementor-widget-heading .elementor-heading-title.elementor-size-xl{font-size:39px}.elementor-widget-heading .elementor-heading-title.elementor-size-xxl{font-size:59px}<\/style><h2 class=\"elementor-heading-title elementor-size-default\">Important Addresses and Contacts<\/h2>\t\t<\/div>\n\t\t\t\t<\/div>\n\t\t\t\t<section class=\"elementor-section elementor-inner-section elementor-element elementor-element-5eac78c7 elementor-section-boxed elementor-section-height-default elementor-section-height-default\" data-id=\"5eac78c7\" data-element_type=\"section\">\n\t\t\t\t\t\t<div class=\"elementor-container elementor-column-gap-default\">\n\t\t\t\t\t<div class=\"elementor-column elementor-col-50 elementor-inner-column elementor-element elementor-element-188af37c\" data-id=\"188af37c\" data-element_type=\"column\">\n\t\t\t<div class=\"elementor-widget-wrap elementor-element-populated\">\n\t\t\t\t\t\t\t\t<div class=\"elementor-element elementor-element-1a2ac8b5 elementor-widget elementor-widget-text-editor\" data-id=\"1a2ac8b5\" data-element_type=\"widget\" data-widget_type=\"text-editor.default\">\n\t\t\t\t<div class=\"elementor-widget-container\">\n\t\t\t\t\t\t\t<p style=\"text-align: center;\"><strong>SAKARYA PROVINCIAL DIRECTORATE OF MIGRATION MANAGEMENT<\/strong><\/p>\n<p>Karaman Mahallesi 1777 Ada 1 Parsel 121 Nolu \u0130\u015f Merkezi Adapazar\u0131\/SAKARYA<\/p>\n<p>0264 221 4031 \/ 0264 221 4032\u00a0<\/p>\n<p style=\"text-align: center;\"><strong>SAKARYA SOCIAL SECURITY PROVINCIAL DIRECTORATE<\/strong><\/p>\n<p>H\u0131z\u0131rtepe Mahallesi K\u0131\u015fla Caddesi No:21 Adapazar\u0131\/SAKARYA<\/p>\n<p>0264 276 6323 \/ 0264 276 6324<\/p>\n<p style=\"text-align: center;\"><strong><b>SAKARYA PROVINCIAL DIRECTORATE OF NATIONAL EDUCATION<\/b><\/strong>\u00a0<\/p>\n<p>Resmi Daireler Kamp\u00fcs\u00fc Camili Mahallesi Adapazar\u0131 \/ SAKARYA<\/p>\n<p>0264 251 3614 \/ 0264 251 3615 \/ 0264 251 3616<\/p>\t\t\t\t\t\t<\/div>\n\t\t\t\t<\/div>\n\t\t\t\t\t<\/div>\n\t\t<\/div>\n\t\t\t\t<div class=\"elementor-column elementor-col-50 elementor-inner-column elementor-element elementor-element-bb3e69c\" data-id=\"bb3e69c\" data-element_type=\"column\">\n\t\t\t<div class=\"elementor-widget-wrap elementor-element-populated\">\n\t\t\t\t\t\t\t\t<div class=\"elementor-element elementor-element-84d34a9 elementor-widget elementor-widget-text-editor\" data-id=\"84d34a9\" data-element_type=\"widget\" data-widget_type=\"text-editor.default\">\n\t\t\t\t<div class=\"elementor-widget-container\">\n\t\t\t\t\t\t\t<ul>\n<li>112 Ambulance \u2013 Fire Department \u2013 Police<\/li>\n<li>112 Gendarmerie<\/li>\n<li>112 Coast Guard<\/li>\n<li>112 Forest fire reporting<\/li>\n<li>113 Medical assistance<\/li>\n<li>114 Poison control<\/li>\n<li>11811 Directory Assistance<\/li>\n<li>119 Zip code information<\/li>\n<li>121 Reporting telephone problems<\/li>\n<li>153 Municipal police<\/li>\n<li>154 Traffic<\/li>\n<li>170 Tourism information<\/li>\n<li>174 Police information<\/li>\n<li>175 Consumer information<\/li>\n<li>176 Noise control<\/li>\n<li>179 Governorship call center<\/li>\n<li>184 Healthcare enquiries<\/li>\n<li>185 Reporting water problems<\/li>\n<li>186 Reporting electricity problems<\/li>\n<li>187 Reporting gas problems<\/li>\n<li>199 Telephone code information<\/li>\n<\/ul>\t\t\t\t\t\t<\/div>\n\t\t\t\t<\/div>\n\t\t\t\t\t<\/div>\n\t\t<\/div>\n\t\t\t\t\t\t\t<\/div>\n\t\t<\/section>\n\t\t\t\t\t<\/div>\n\t\t<\/div>\n\t\t\t\t\t\t\t<\/div>\n\t\t<\/section>\n\t\t\t\t\t\t\t<\/div>\n\t\t","protected":false},"excerpt":{"rendered":"<p>Important Addresses and Contacts SAKARYA PROVINCIAL DIRECTORATE OF MIGRATION MANAGEMENT Karaman Mahallesi 1777 Ada 1 Parsel 121 Nolu \u0130\u015f Merkezi Adapazar\u0131\/SAKARYA 0264 221 4031 \/ 0264 221 4032\u00a0 SAKARYA SOCIAL SECURITY PROVINCIAL DIRECTORATE H\u0131z\u0131rtepe Mahallesi K\u0131\u015fla Caddesi No:21 Adapazar\u0131\/SAKARYA 0264 276 6323 \/ 0264 276 6324 SAKARYA PROVINCIAL DIRECTORATE OF NATIONAL EDUCATION\u00a0 Resmi Daireler Kamp\u00fcs\u00fc&hellip;&nbsp;<a href=\"https:\/\/studyatsau.sakarya.edu.tr\/?page_id=483&#038;lang=en\" class=\"\" rel=\"bookmark\">Read More &raquo;<span class=\"screen-reader-text\">Important Addresses and Contacts<\/span><\/a><\/p>\n","protected":false},"author":1,"featured_media":0,"parent":0,"menu_order":0,"comment_status":"closed","ping_status":"closed","template":"elementor_header_footer","meta":{"neve_meta_sidebar":"","neve_meta_container":"","neve_meta_enable_content_width":"","neve_meta_content_width":0,"neve_meta_title_alignment":"","neve_meta_author_avatar":"","neve_post_elements_order":"","neve_meta_disable_header":"","neve_meta_disable_footer":"","neve_meta_disable_title":""},"_links":{"self":[{"href":"https:\/\/studyatsau.sakarya.edu.tr\/index.php?rest_route=\/wp\/v2\/pages\/483"}],"collection":[{"href":"https:\/\/studyatsau.sakarya.edu.tr\/index.php?rest_route=\/wp\/v2\/pages"}],"about":[{"href":"https:\/\/studyatsau.sakarya.edu.tr\/index.php?rest_route=\/wp\/v2\/types\/page"}],"author":[{"embeddable":true,"href":"https:\/\/studyatsau.sakarya.edu.tr\/index.php?rest_route=\/wp\/v2\/users\/1"}],"replies":[{"embeddable":true,"href":"https:\/\/studyatsau.sakarya.edu.tr\/index.php?rest_route=%2Fwp%2Fv2%2Fcomments&post=483"}],"version-history":[{"count":4,"href":"https:\/\/studyatsau.sakarya.edu.tr\/index.php?rest_route=\/wp\/v2\/pages\/483\/revisions"}],"predecessor-version":[{"id":487,"href":"https:\/\/studyatsau.sakarya.edu.tr\/index.php?rest_route=\/wp\/v2\/pages\/483\/revisions\/487"}],"wp:attachment":[{"href":"https:\/\/studyatsau.sakarya.edu.tr\/index.php?rest_route=%2Fwp%2Fv2%2Fmedia&parent=483"}],"curies":[{"name":"wp","href":"https:\/\/api.w.org\/{rel}","templated":true}]}}