{"id":491,"date":"2022-05-24T10:22:22","date_gmt":"2022-05-24T07:22:22","guid":{"rendered":"https:\/\/studyatsau.sakarya.edu.tr\/?page_id=491"},"modified":"2024-04-01T12:30:54","modified_gmt":"2024-04-01T09:30:54","slug":"mezun-bilgi-sistemi","status":"publish","type":"page","link":"https:\/\/studyatsau.sakarya.edu.tr\/?page_id=491","title":{"rendered":"Mezun Bilgi Sistemi"},"content":{"rendered":"\t\t<div data-elementor-type=\"wp-page\" data-elementor-id=\"491\" class=\"elementor elementor-491\">\n\t\t\t\t\t\t\t\t\t<section class=\"elementor-section elementor-top-section elementor-element elementor-element-620f3ead elementor-section-boxed elementor-section-height-default elementor-section-height-default\" data-id=\"620f3ead\" data-element_type=\"section\" data-settings=\"{&quot;background_background&quot;:&quot;classic&quot;}\">\n\t\t\t\t\t\t<div class=\"elementor-container elementor-column-gap-default\">\n\t\t\t\t\t<div class=\"elementor-column elementor-col-100 elementor-top-column elementor-element elementor-element-3de829b7\" data-id=\"3de829b7\" data-element_type=\"column\">\n\t\t\t<div class=\"elementor-widget-wrap elementor-element-populated\">\n\t\t\t\t\t\t\t\t<div class=\"elementor-element elementor-element-7641957 elementor-widget elementor-widget-heading\" data-id=\"7641957\" data-element_type=\"widget\" data-widget_type=\"heading.default\">\n\t\t\t\t<div class=\"elementor-widget-container\">\n\t\t\t<style>\/*! elementor - v3.6.5 - 27-04-2022 *\/\n.elementor-heading-title{padding:0;margin:0;line-height:1}.elementor-widget-heading .elementor-heading-title[class*=elementor-size-]>a{color:inherit;font-size:inherit;line-height:inherit}.elementor-widget-heading .elementor-heading-title.elementor-size-small{font-size:15px}.elementor-widget-heading .elementor-heading-title.elementor-size-medium{font-size:19px}.elementor-widget-heading .elementor-heading-title.elementor-size-large{font-size:29px}.elementor-widget-heading .elementor-heading-title.elementor-size-xl{font-size:39px}.elementor-widget-heading .elementor-heading-title.elementor-size-xxl{font-size:59px}<\/style><h2 class=\"elementor-heading-title elementor-size-default\">Mezun Bilgi Sistemi (MBS)<\/h2>\t\t<\/div>\n\t\t\t\t<\/div>\n\t\t\t\t<section class=\"elementor-section elementor-inner-section elementor-element elementor-element-14038775 elementor-section-boxed elementor-section-height-default elementor-section-height-default\" data-id=\"14038775\" data-element_type=\"section\" data-settings=\"{&quot;background_background&quot;:&quot;slideshow&quot;,&quot;background_slideshow_gallery&quot;:[],&quot;background_slideshow_loop&quot;:&quot;yes&quot;,&quot;background_slideshow_slide_duration&quot;:5000,&quot;background_slideshow_slide_transition&quot;:&quot;fade&quot;,&quot;background_slideshow_transition_duration&quot;:500}\">\n\t\t\t\t\t\t<div class=\"elementor-container elementor-column-gap-default\">\n\t\t\t\t\t<div class=\"elementor-column elementor-col-50 elementor-inner-column elementor-element elementor-element-1e942744\" data-id=\"1e942744\" data-element_type=\"column\" data-settings=\"{&quot;background_background&quot;:&quot;slideshow&quot;,&quot;background_slideshow_gallery&quot;:[{&quot;id&quot;:2089,&quot;url&quot;:&quot;https:\\\/\\\/studyatsau.sakarya.edu.tr\\\/wp-content\\\/uploads\\\/2024\\\/02\\\/cropped-Resim3.png&quot;}],&quot;background_slideshow_loop&quot;:&quot;yes&quot;,&quot;background_slideshow_slide_duration&quot;:5000,&quot;background_slideshow_slide_transition&quot;:&quot;fade&quot;,&quot;background_slideshow_transition_duration&quot;:500}\">\n\t\t\t<div class=\"elementor-widget-wrap elementor-element-populated\">\n\t\t\t\t\t\t\t\t<div class=\"elementor-element elementor-element-2b1d189b elementor-widget elementor-widget-text-editor\" data-id=\"2b1d189b\" data-element_type=\"widget\" data-widget_type=\"text-editor.default\">\n\t\t\t\t<div class=\"elementor-widget-container\">\n\t\t\t<style>\/*! elementor - v3.6.5 - 27-04-2022 *\/\n.elementor-widget-text-editor.elementor-drop-cap-view-stacked .elementor-drop-cap{background-color:#818a91;color:#fff}.elementor-widget-text-editor.elementor-drop-cap-view-framed .elementor-drop-cap{color:#818a91;border:3px solid;background-color:transparent}.elementor-widget-text-editor:not(.elementor-drop-cap-view-default) .elementor-drop-cap{margin-top:8px}.elementor-widget-text-editor:not(.elementor-drop-cap-view-default) .elementor-drop-cap-letter{width:1em;height:1em}.elementor-widget-text-editor .elementor-drop-cap{float:left;text-align:center;line-height:1;font-size:50px}.elementor-widget-text-editor .elementor-drop-cap-letter{display:inline-block}<\/style>\t\t\t\t<p style=\"text-align: left;\">Sakarya \u00dcniversitesi Mezunlarla \u0130li\u015fkiler Koordinat\u00f6rl\u00fc\u011f\u00fc olarak, \u00fcniversitemizin zengin miras\u0131 i\u00e7inde yer alan siz de\u011ferli mezunlar\u0131m\u0131zla sa\u011flam bir ba\u011f kurmay\u0131 ama\u00e7l\u0131yoruz. Mezuniyet sonras\u0131 ya\u015fant\u0131n\u0131zda sizlere destek olmak, deneyimlerinizi zenginle\u015ftirmek ve bir araya gelerek g\u00fc\u00e7l\u00fc bir mezunlar toplulu\u011fu olu\u015fturmak i\u00e7in buraday\u0131z.<\/p><p><strong>Neler Yap\u0131yoruz?<\/strong><\/p><ol><li>Ba\u011flant\u0131lar\u0131 G\u00fc\u00e7lendirme: Sizlerle ileti\u015fimde kalarak, etkinlikler ve projeler arac\u0131l\u0131\u011f\u0131yla g\u00fc\u00e7l\u00fc ba\u011flar olu\u015fturmay\u0131 ama\u00e7l\u0131yoruz.<\/li><li>Kariyer Destek: Mezunlar\u0131m\u0131za kariyerleri konusunda rehberlik ederek, i\u015f f\u0131rsatlar\u0131 ve staj imkanlar\u0131 sa\u011flamay\u0131 hedefliyoruz.<\/li><li>Etkinlikler ve Bulu\u015fmalar: Mezunlar\u0131m\u0131z\u0131n bir araya gelmesini sa\u011flamak ad\u0131na \u00e7e\u015fitli etkinlikler, seminerler ve sosyal bulu\u015fmalar d\u00fczenliyoruz.<\/li><li>Ba\u011f\u0131\u015f ve Katk\u0131: \u00dcniversitemizin geli\u015fimine katk\u0131 sa\u011flamak isteyen mezunlar\u0131m\u0131za \u00e7e\u015fitli ba\u011f\u0131\u015f ve destek imkanlar\u0131 sunuyoruz.<\/li><\/ol><p>Sakarya \u00dcniversitesi Mezunlarla \u0130li\u015fkiler Koordinat\u00f6rl\u00fc\u011f\u00fc, sizlerin de\u011ferli katk\u0131lar\u0131yla daha da g\u00fc\u00e7leniyor. Birlikte, ge\u00e7mi\u015ften gelece\u011fe uzanan bu e\u015fsiz yolculukta birlikte b\u00fcy\u00fcyor, ba\u015far\u0131lar\u0131n\u0131zla gurur duyuyoruz. Sizleri aram\u0131zda g\u00f6rmek i\u00e7in sab\u0131rs\u0131zlan\u0131yoruz! Mezun kart\u0131n\u0131z\u0131 \u015fimdi talep edin ve g\u00fc\u00e7l\u00fc bir mezunlar a\u011f\u0131na kat\u0131l\u0131n!<\/p><p>Bu s\u00fcre\u00e7te a\u015fa\u011f\u0131daki linkten giri\u015f yaparak sizle ilgili bilgileri kaydedebilirsiniz. Deste\u011finiz i\u00e7in \u015fimdiden te\u015fekk\u00fcr ederiz.<\/p><p><a href=\"http:\/\/mbs.sakarya.edu.tr\/tr\/Mezun\/Login\">Mezun Bigi Sistemi Kay\u0131t (MBS)<\/a><\/p>\t\t\t\t\t\t<\/div>\n\t\t\t\t<\/div>\n\t\t\t\t\t<\/div>\n\t\t<\/div>\n\t\t\t\t<div class=\"elementor-column elementor-col-50 elementor-inner-column elementor-element elementor-element-44b92716\" data-id=\"44b92716\" data-element_type=\"column\">\n\t\t\t<div class=\"elementor-widget-wrap elementor-element-populated\">\n\t\t\t\t\t\t\t\t<div class=\"elementor-element elementor-element-1933beb6 elementor-widget elementor-widget-image\" data-id=\"1933beb6\" data-element_type=\"widget\" data-widget_type=\"image.default\">\n\t\t\t\t<div class=\"elementor-widget-container\">\n\t\t\t<style>\/*! elementor - v3.6.5 - 27-04-2022 *\/\n.elementor-widget-image{text-align:center}.elementor-widget-image a{display:inline-block}.elementor-widget-image a img[src$=\".svg\"]{width:48px}.elementor-widget-image img{vertical-align:middle;display:inline-block}<\/style>\t\t\t\t\t\t\t\t\t<figure class=\"wp-caption\">\n\t\t\t\t\t\t\t\t\t\t\t<a href=\"https:\/\/survey.sabis.sakarya.edu.tr\/Survey\/Doit?SurveyKey=m18b01s2497\">\n\t\t\t\t\t\t\t<img width=\"300\" height=\"300\" src=\"https:\/\/studyatsau.sakarya.edu.tr\/wp-content\/uploads\/2024\/04\/mezun-300x300.jpeg\" class=\"attachment-medium size-medium\" alt=\"\" loading=\"lazy\" srcset=\"https:\/\/studyatsau.sakarya.edu.tr\/wp-content\/uploads\/2024\/04\/mezun-300x300.jpeg 300w, https:\/\/studyatsau.sakarya.edu.tr\/wp-content\/uploads\/2024\/04\/mezun-1024x1024.jpeg 1024w, https:\/\/studyatsau.sakarya.edu.tr\/wp-content\/uploads\/2024\/04\/mezun-150x150.jpeg 150w, https:\/\/studyatsau.sakarya.edu.tr\/wp-content\/uploads\/2024\/04\/mezun-768x768.jpeg 768w, https:\/\/studyatsau.sakarya.edu.tr\/wp-content\/uploads\/2024\/04\/mezun.jpeg 1080w\" sizes=\"(max-width: 300px) 100vw, 300px\" \/>\t\t\t\t\t\t\t\t<\/a>\n\t\t\t\t\t\t\t\t\t\t\t<figcaption class=\"widget-image-caption wp-caption-text\">SA\u00dc Mezun \u0130leti\u015fim Anketi<\/figcaption>\n\t\t\t\t\t\t\t\t\t\t<\/figure>\n\t\t\t\t\t\t\t\t\t<\/div>\n\t\t\t\t<\/div>\n\t\t\t\t<div class=\"elementor-element elementor-element-94f69cc elementor-widget elementor-widget-image\" data-id=\"94f69cc\" data-element_type=\"widget\" data-widget_type=\"image.default\">\n\t\t\t\t<div class=\"elementor-widget-container\">\n\t\t\t\t\t\t\t\t\t\t\t\t\t\t\t<img width=\"300\" height=\"300\" src=\"https:\/\/studyatsau.sakarya.edu.tr\/wp-content\/uploads\/2024\/04\/Bizi-diger-sosyal-medya-hesaplarimizdan-da-300x300.png\" class=\"attachment-medium size-medium\" alt=\"\" loading=\"lazy\" srcset=\"https:\/\/studyatsau.sakarya.edu.tr\/wp-content\/uploads\/2024\/04\/Bizi-diger-sosyal-medya-hesaplarimizdan-da-300x300.png 300w, https:\/\/studyatsau.sakarya.edu.tr\/wp-content\/uploads\/2024\/04\/Bizi-diger-sosyal-medya-hesaplarimizdan-da-1024x1024.png 1024w, https:\/\/studyatsau.sakarya.edu.tr\/wp-content\/uploads\/2024\/04\/Bizi-diger-sosyal-medya-hesaplarimizdan-da-150x150.png 150w, https:\/\/studyatsau.sakarya.edu.tr\/wp-content\/uploads\/2024\/04\/Bizi-diger-sosyal-medya-hesaplarimizdan-da-768x768.png 768w, https:\/\/studyatsau.sakarya.edu.tr\/wp-content\/uploads\/2024\/04\/Bizi-diger-sosyal-medya-hesaplarimizdan-da.png 1080w\" sizes=\"(max-width: 300px) 100vw, 300px\" \/>\t\t\t\t\t\t\t\t\t\t\t\t\t\t\t<\/div>\n\t\t\t\t<\/div>\n\t\t\t\t\t<\/div>\n\t\t<\/div>\n\t\t\t\t\t\t\t<\/div>\n\t\t<\/section>\n\t\t\t\t\t<\/div>\n\t\t<\/div>\n\t\t\t\t\t\t\t<\/div>\n\t\t<\/section>\n\t\t\t\t\t\t\t<\/div>\n\t\t","protected":false},"excerpt":{"rendered":"<p>Mezun Bilgi Sistemi (MBS) Sakarya \u00dcniversitesi Mezunlarla \u0130li\u015fkiler Koordinat\u00f6rl\u00fc\u011f\u00fc olarak, \u00fcniversitemizin zengin miras\u0131 i\u00e7inde yer alan siz de\u011ferli mezunlar\u0131m\u0131zla sa\u011flam bir ba\u011f kurmay\u0131 ama\u00e7l\u0131yoruz. Mezuniyet sonras\u0131 ya\u015fant\u0131n\u0131zda sizlere destek olmak, deneyimlerinizi zenginle\u015ftirmek ve bir araya gelerek g\u00fc\u00e7l\u00fc bir mezunlar toplulu\u011fu olu\u015fturmak i\u00e7in buraday\u0131z. Neler Yap\u0131yoruz? Ba\u011flant\u0131lar\u0131 G\u00fc\u00e7lendirme: Sizlerle ileti\u015fimde kalarak, etkinlikler ve projeler arac\u0131l\u0131\u011f\u0131yla g\u00fc\u00e7l\u00fc&hellip;&nbsp;<a href=\"https:\/\/studyatsau.sakarya.edu.tr\/?page_id=491\" class=\"\" rel=\"bookmark\">Read More &raquo;<span class=\"screen-reader-text\">Mezun Bilgi Sistemi<\/span><\/a><\/p>\n","protected":false},"author":1,"featured_media":0,"parent":0,"menu_order":0,"comment_status":"closed","ping_status":"closed","template":"elementor_header_footer","meta":{"neve_meta_sidebar":"","neve_meta_container":"","neve_meta_enable_content_width":"","neve_meta_content_width":0,"neve_meta_title_alignment":"","neve_meta_author_avatar":"","neve_post_elements_order":"","neve_meta_disable_header":"","neve_meta_disable_footer":"","neve_meta_disable_title":""},"_links":{"self":[{"href":"https:\/\/studyatsau.sakarya.edu.tr\/index.php?rest_route=\/wp\/v2\/pages\/491"}],"collection":[{"href":"https:\/\/studyatsau.sakarya.edu.tr\/index.php?rest_route=\/wp\/v2\/pages"}],"about":[{"href":"https:\/\/studyatsau.sakarya.edu.tr\/index.php?rest_route=\/wp\/v2\/types\/page"}],"author":[{"embeddable":true,"href":"https:\/\/studyatsau.sakarya.edu.tr\/index.php?rest_route=\/wp\/v2\/users\/1"}],"replies":[{"embeddable":true,"href":"https:\/\/studyatsau.sakarya.edu.tr\/index.php?rest_route=%2Fwp%2Fv2%2Fcomments&post=491"}],"version-history":[{"count":13,"href":"https:\/\/studyatsau.sakarya.edu.tr\/index.php?rest_route=\/wp\/v2\/pages\/491\/revisions"}],"predecessor-version":[{"id":2360,"href":"https:\/\/studyatsau.sakarya.edu.tr\/index.php?rest_route=\/wp\/v2\/pages\/491\/revisions\/2360"}],"wp:attachment":[{"href":"https:\/\/studyatsau.sakarya.edu.tr\/index.php?rest_route=%2Fwp%2Fv2%2Fmedia&parent=491"}],"curies":[{"name":"wp","href":"https:\/\/api.w.org\/{rel}","templated":true}]}}