{"id":505,"date":"2022-05-24T15:00:00","date_gmt":"2022-05-24T12:00:00","guid":{"rendered":"https:\/\/studyatsau.sakarya.edu.tr\/?page_id=505"},"modified":"2024-04-02T12:45:42","modified_gmt":"2024-04-02T09:45:42","slug":"turkiye-mezunlar-bilgi-formu","status":"publish","type":"page","link":"https:\/\/studyatsau.sakarya.edu.tr\/?page_id=505","title":{"rendered":"T\u00fcrkiye Mezunlar Bilgi Formu"},"content":{"rendered":"\t\t<div data-elementor-type=\"wp-page\" data-elementor-id=\"505\" class=\"elementor elementor-505\">\n\t\t\t\t\t\t\t\t\t<section class=\"elementor-section elementor-top-section elementor-element elementor-element-77abfb73 elementor-section-boxed elementor-section-height-default elementor-section-height-default\" data-id=\"77abfb73\" data-element_type=\"section\" data-settings=\"{&quot;background_background&quot;:&quot;classic&quot;}\">\n\t\t\t\t\t\t<div class=\"elementor-container elementor-column-gap-default\">\n\t\t\t\t\t<div class=\"elementor-column elementor-col-100 elementor-top-column elementor-element elementor-element-47b5c514\" data-id=\"47b5c514\" data-element_type=\"column\" data-settings=\"{&quot;background_background&quot;:&quot;slideshow&quot;,&quot;background_slideshow_gallery&quot;:[],&quot;background_slideshow_loop&quot;:&quot;yes&quot;,&quot;background_slideshow_slide_duration&quot;:5000,&quot;background_slideshow_slide_transition&quot;:&quot;fade&quot;,&quot;background_slideshow_transition_duration&quot;:500}\">\n\t\t\t<div class=\"elementor-widget-wrap elementor-element-populated\">\n\t\t\t\t\t\t\t\t<div class=\"elementor-element elementor-element-34c28761 elementor-widget elementor-widget-heading\" data-id=\"34c28761\" data-element_type=\"widget\" data-widget_type=\"heading.default\">\n\t\t\t\t<div class=\"elementor-widget-container\">\n\t\t\t<style>\/*! elementor - v3.6.5 - 27-04-2022 *\/\n.elementor-heading-title{padding:0;margin:0;line-height:1}.elementor-widget-heading .elementor-heading-title[class*=elementor-size-]>a{color:inherit;font-size:inherit;line-height:inherit}.elementor-widget-heading .elementor-heading-title.elementor-size-small{font-size:15px}.elementor-widget-heading .elementor-heading-title.elementor-size-medium{font-size:19px}.elementor-widget-heading .elementor-heading-title.elementor-size-large{font-size:29px}.elementor-widget-heading .elementor-heading-title.elementor-size-xl{font-size:39px}.elementor-widget-heading .elementor-heading-title.elementor-size-xxl{font-size:59px}<\/style><h2 class=\"elementor-heading-title elementor-size-default\">T\u00fcrkiye Mezunlar Bilgi Formu<\/h2>\t\t<\/div>\n\t\t\t\t<\/div>\n\t\t\t\t<section class=\"elementor-section elementor-inner-section elementor-element elementor-element-d242af8 elementor-section-boxed elementor-section-height-default elementor-section-height-default\" data-id=\"d242af8\" data-element_type=\"section\">\n\t\t\t\t\t\t<div class=\"elementor-container elementor-column-gap-default\">\n\t\t\t\t\t<div class=\"elementor-column elementor-col-50 elementor-inner-column elementor-element elementor-element-5ec5650d\" data-id=\"5ec5650d\" data-element_type=\"column\" data-settings=\"{&quot;background_background&quot;:&quot;slideshow&quot;,&quot;background_slideshow_gallery&quot;:[],&quot;background_slideshow_loop&quot;:&quot;yes&quot;,&quot;background_slideshow_slide_duration&quot;:5000,&quot;background_slideshow_slide_transition&quot;:&quot;fade&quot;,&quot;background_slideshow_transition_duration&quot;:500}\">\n\t\t\t<div class=\"elementor-widget-wrap elementor-element-populated\">\n\t\t\t\t\t\t\t\t<div class=\"elementor-element elementor-element-294ff656 elementor-widget elementor-widget-text-editor\" data-id=\"294ff656\" data-element_type=\"widget\" data-widget_type=\"text-editor.default\">\n\t\t\t\t<div class=\"elementor-widget-container\">\n\t\t\t<style>\/*! elementor - v3.6.5 - 27-04-2022 *\/\n.elementor-widget-text-editor.elementor-drop-cap-view-stacked .elementor-drop-cap{background-color:#818a91;color:#fff}.elementor-widget-text-editor.elementor-drop-cap-view-framed .elementor-drop-cap{color:#818a91;border:3px solid;background-color:transparent}.elementor-widget-text-editor:not(.elementor-drop-cap-view-default) .elementor-drop-cap{margin-top:8px}.elementor-widget-text-editor:not(.elementor-drop-cap-view-default) .elementor-drop-cap-letter{width:1em;height:1em}.elementor-widget-text-editor .elementor-drop-cap{float:left;text-align:center;line-height:1;font-size:50px}.elementor-widget-text-editor .elementor-drop-cap-letter{display:inline-block}<\/style>\t\t\t\t<p>\u00dcniversitemiz programlar\u0131ndan mezun olmaya hak kazanan Uluslararas\u0131 \u00d6\u011frencilerimizin Diplomalar\u0131n\u0131 almadan \u00f6nce Yurtd\u0131\u015f\u0131 T\u00fcrkler ve Akraba Topluluklar Ba\u015fkanl\u0131\u011f\u0131 taraf\u0131ndan geli\u015ftirilen \u201cT\u00fcrkiye Mezunlar\u0131 \u201c bir di\u011fer ad\u0131yla Potansiyel T\u00fcrkiye Mezunlar\u0131\u00a0<a href=\"https:\/\/turkiyemezunlari.gov.tr\/\">www.turkiyemezunlari.gov.tr\u00a0<\/a>adresine giderek \u00fcyeliklerini olu\u015fturur.<\/p><p><span style=\"color: #008000;\"><span style=\"color: #ff0000;\">Mezunlar Bilgi Formu Nas\u0131l al\u0131n\u0131r?<\/span> <a href=\"https:\/\/studyatsau.sakarya.edu.tr\/wp-content\/uploads\/2024\/04\/MezunBilgiFormuNasilAlinir.pdf.pdf\">T\u0131klay\u0131n\u0131z<\/a><\/span><\/p><p>\u00dcyelik i\u00e7in <a href=\"https:\/\/turkiyemezunlari.gov.tr\/Account\/Login\">TIKLAYINIZ.<\/a><\/p><p>1-Yukar\u0131da belirtilen adrese giri\u015f yaparak \u2018Kay\u0131t\/Giri\u015f\u2019 , T\u00fcrkiye Mezunlar\u0131 Portaline kay\u0131t olunuz.<\/p><p>2-Mail adresinize gelen do\u011frulama mailinden sonra \u2018G\u00fcvenli Giri\u015f Yap\u2019 sekmesinden giri\u015f yaparak Profilim Men\u00fcs\u00fc k\u0131s\u0131mda yer alan a\u015fa\u011f\u0131daki k\u0131s\u0131mlar\u0131 eksiksiz doldurunuz.<\/p><p>Doldurulmas\u0131 gereken alanlar:<\/p><p>a-Ki\u015fisel Bilgiler<\/p><p>b-E\u011fitim Bilgileri<\/p><p>c-\u0130leti\u015fim Bilgileri<\/p><p>3-\u201cE\u011fitim Bilgilerim\u201d sekmesine t\u0131klayarak \u201cMezun Bilgi Formunu\u201d indiriniz ve \u00e7\u0131kt\u0131s\u0131n\u0131 al\u0131n\u0131z.<\/p><p>\u00a0<\/p><p><span style=\"color: #ff0000;\">*E\u011fitim bilginizin onay bekliyor durumunda olmas\u0131 formu indirmenize ve \u00fcniversitenize iletmenize engel de\u011fildir.<\/span><\/p><p>4-Mezuniyet i\u015flemleri s\u0131ras\u0131nda \u0130li\u015fik Kesme Formunuz ile birlikte \u00d6\u011frenci \u0130\u015fleri Daire Ba\u015fkanl\u0131\u011f\u0131na teslim etmeniz gerekmektedir.<\/p><p>Soru ve Sorunlar\u0131n\u0131z i\u00e7in <a href=\"mailto:studyatsau@sakarya.edu.tr\">studyatsau@sakarya.edu.tr<\/a> e-mail adresi ile irtibata ge\u00e7ebilirsiniz.<\/p>\t\t\t\t\t\t<\/div>\n\t\t\t\t<\/div>\n\t\t\t\t\t<\/div>\n\t\t<\/div>\n\t\t\t\t<div class=\"elementor-column elementor-col-50 elementor-inner-column elementor-element elementor-element-3a2a4ed\" data-id=\"3a2a4ed\" data-element_type=\"column\" data-settings=\"{&quot;background_background&quot;:&quot;slideshow&quot;,&quot;background_slideshow_gallery&quot;:[{&quot;id&quot;:2369,&quot;url&quot;:&quot;https:\\\/\\\/studyatsau.sakarya.edu.tr\\\/wp-content\\\/uploads\\\/2024\\\/04\\\/TurkiyeMezunlariBilgiFormuAfisi.pdf.jpg&quot;},{&quot;id&quot;:2368,&quot;url&quot;:&quot;https:\\\/\\\/studyatsau.sakarya.edu.tr\\\/wp-content\\\/uploads\\\/2024\\\/04\\\/TurkiyeMezunlariProgramiAfisi.pdf.jpg&quot;},{&quot;id&quot;:2367,&quot;url&quot;:&quot;https:\\\/\\\/studyatsau.sakarya.edu.tr\\\/wp-content\\\/uploads\\\/2024\\\/04\\\/TurkiyeMezunlariOrnekBilgiFormu.pdf.jpg&quot;}],&quot;background_slideshow_slide_transition&quot;:&quot;slide_up&quot;,&quot;background_slideshow_transition_duration&quot;:352,&quot;background_slideshow_loop&quot;:&quot;yes&quot;,&quot;background_slideshow_slide_duration&quot;:5000}\">\n\t\t\t<div class=\"elementor-widget-wrap\">\n\t\t\t\t\t\t\t\t\t<\/div>\n\t\t<\/div>\n\t\t\t\t\t\t\t<\/div>\n\t\t<\/section>\n\t\t\t\t\t<\/div>\n\t\t<\/div>\n\t\t\t\t\t\t\t<\/div>\n\t\t<\/section>\n\t\t\t\t\t\t\t<\/div>\n\t\t","protected":false},"excerpt":{"rendered":"<p>T\u00fcrkiye Mezunlar Bilgi Formu \u00dcniversitemiz programlar\u0131ndan mezun olmaya hak kazanan Uluslararas\u0131 \u00d6\u011frencilerimizin Diplomalar\u0131n\u0131 almadan \u00f6nce Yurtd\u0131\u015f\u0131 T\u00fcrkler ve Akraba Topluluklar Ba\u015fkanl\u0131\u011f\u0131 taraf\u0131ndan geli\u015ftirilen \u201cT\u00fcrkiye Mezunlar\u0131 \u201c bir di\u011fer ad\u0131yla Potansiyel T\u00fcrkiye Mezunlar\u0131\u00a0www.turkiyemezunlari.gov.tr\u00a0adresine giderek \u00fcyeliklerini olu\u015fturur. Mezunlar Bilgi Formu Nas\u0131l al\u0131n\u0131r? T\u0131klay\u0131n\u0131z \u00dcyelik i\u00e7in TIKLAYINIZ. 1-Yukar\u0131da belirtilen adrese giri\u015f yaparak \u2018Kay\u0131t\/Giri\u015f\u2019 , T\u00fcrkiye Mezunlar\u0131 Portaline kay\u0131t&hellip;&nbsp;<a href=\"https:\/\/studyatsau.sakarya.edu.tr\/?page_id=505\" class=\"\" rel=\"bookmark\">Read More &raquo;<span class=\"screen-reader-text\">T\u00fcrkiye Mezunlar Bilgi Formu<\/span><\/a><\/p>\n","protected":false},"author":1,"featured_media":0,"parent":0,"menu_order":0,"comment_status":"closed","ping_status":"closed","template":"elementor_header_footer","meta":{"neve_meta_sidebar":"","neve_meta_container":"","neve_meta_enable_content_width":"","neve_meta_content_width":0,"neve_meta_title_alignment":"","neve_meta_author_avatar":"","neve_post_elements_order":"","neve_meta_disable_header":"","neve_meta_disable_footer":"","neve_meta_disable_title":""},"_links":{"self":[{"href":"https:\/\/studyatsau.sakarya.edu.tr\/index.php?rest_route=\/wp\/v2\/pages\/505"}],"collection":[{"href":"https:\/\/studyatsau.sakarya.edu.tr\/index.php?rest_route=\/wp\/v2\/pages"}],"about":[{"href":"https:\/\/studyatsau.sakarya.edu.tr\/index.php?rest_route=\/wp\/v2\/types\/page"}],"author":[{"embeddable":true,"href":"https:\/\/studyatsau.sakarya.edu.tr\/index.php?rest_route=\/wp\/v2\/users\/1"}],"replies":[{"embeddable":true,"href":"https:\/\/studyatsau.sakarya.edu.tr\/index.php?rest_route=%2Fwp%2Fv2%2Fcomments&post=505"}],"version-history":[{"count":19,"href":"https:\/\/studyatsau.sakarya.edu.tr\/index.php?rest_route=\/wp\/v2\/pages\/505\/revisions"}],"predecessor-version":[{"id":2382,"href":"https:\/\/studyatsau.sakarya.edu.tr\/index.php?rest_route=\/wp\/v2\/pages\/505\/revisions\/2382"}],"wp:attachment":[{"href":"https:\/\/studyatsau.sakarya.edu.tr\/index.php?rest_route=%2Fwp%2Fv2%2Fmedia&parent=505"}],"curies":[{"name":"wp","href":"https:\/\/api.w.org\/{rel}","templated":true}]}}